{"id":7118,"date":"2020-11-28T23:51:05","date_gmt":"2020-11-28T20:51:05","guid":{"rendered":"https:\/\/drycleanonlymagazine.com\/beta\/?post_type=product&#038;p=7118"},"modified":"2020-11-29T19:24:26","modified_gmt":"2020-11-29T16:24:26","slug":"digital-subscriptions","status":"publish","type":"product","link":"https:\/\/drycleanonlymagazine.com\/beta\/urun\/digital-subscriptions\/","title":{"rendered":"DIGITAL SUBSCRIPTIONS"},"content":{"rendered":"<p>Bu se\u00e7ene\u011fi sat\u0131n alarak <strong>DryCleanOnly<\/strong> dergisi ma\u011fazalara gelmeden \u00f6nce t\u00fcm i\u00e7eriklere online platformlardan ula\u015fma f\u0131rsat\u0131 yakalay\u0131n. Abonelik yenilemeden bir sene boyunca \u00e7\u0131kar\u0131lan b\u00fct\u00fcn dergileri t\u00fcm online platformlarda okuyabileceksiniz. Y\u0131ll\u0131k aboneli\u011finiz otomatik olarak yenilenir. Abonelikler hakk\u0131nda daha fazla bilgi i\u00e7in SSS sayfam\u0131z\u0131 ziyaret edin.<\/p>\n","protected":false},"excerpt":{"rendered":"<p>Bu se\u00e7ene\u011fi sat\u0131n alarak <strong>DryCleanOnly<\/strong> dergisi ma\u011fazalara gelmeden \u00f6nce t\u00fcm i\u00e7eriklere online platformlardan ula\u015fma f\u0131rsat\u0131 yakalay\u0131n. Abonelik yenilemeden bir sene boyunca \u00e7\u0131kar\u0131lan b\u00fct\u00fcn dergileri t\u00fcm online platformlarda okuyabileceksiniz. Y\u0131ll\u0131k aboneli\u011finiz otomatik olarak yenilenir. Abonelikler hakk\u0131nda daha fazla bilgi i\u00e7in SSS sayfam\u0131z\u0131 ziyaret edin.<\/p>\n","protected":false},"featured_media":7115,"comment_status":"open","ping_status":"closed","template":"","meta":[],"_links":{"self":[{"href":"https:\/\/drycleanonlymagazine.com\/beta\/wp-json\/wp\/v2\/product\/7118"}],"collection":[{"href":"https:\/\/drycleanonlymagazine.com\/beta\/wp-json\/wp\/v2\/product"}],"about":[{"href":"https:\/\/drycleanonlymagazine.com\/beta\/wp-json\/wp\/v2\/types\/product"}],"replies":[{"embeddable":true,"href":"https:\/\/drycleanonlymagazine.com\/beta\/wp-json\/wp\/v2\/comments?post=7118"}],"wp:featuredmedia":[{"embeddable":true,"href":"https:\/\/drycleanonlymagazine.com\/beta\/wp-json\/wp\/v2\/media\/7115"}],"wp:attachment":[{"href":"https:\/\/drycleanonlymagazine.com\/beta\/wp-json\/wp\/v2\/media?parent=7118"}],"curies":[{"name":"wp","href":"https:\/\/api.w.org\/{rel}","templated":true}]}}