{"id":7114,"date":"2020-11-28T23:43:03","date_gmt":"2020-11-28T20:43:03","guid":{"rendered":"https:\/\/drycleanonlymagazine.com\/beta\/?post_type=product&#038;p=7114"},"modified":"2020-11-29T19:22:59","modified_gmt":"2020-11-29T16:22:59","slug":"print-subscriptions","status":"publish","type":"product","link":"https:\/\/drycleanonlymagazine.com\/beta\/urun\/print-subscriptions\/","title":{"rendered":"PRINT SUBSCRIPTIONS"},"content":{"rendered":"<p>Bu se\u00e7ene\u011fi sat\u0131n alarak <strong>DryCleanOnly<\/strong> dergisi y\u0131lda d\u00f6rt defa adresinize g\u00f6nderilir. Y\u0131ll\u0131k aboneli\u011finiz otomatik olarak yenilenir. Abonelikler hakk\u0131nda daha fazla bilgi i\u00e7in SSS sayfam\u0131z\u0131 ziyaret edin.<\/p>\n<p><strong>DETAYLAR<\/strong><\/p>\n<hr \/>\n<p>256\u00a0sayfad\u0131r.\u00a0Ofset bask\u0131l\u0131d\u0131r. Kapak ka\u011f\u0131d\u0131 mat ku\u015fedir ve \u00fczerine mat selefon uygulanm\u0131\u015ft\u0131r.\u00a0T\u00fcrkiye\u2019de bas\u0131ld\u0131.<\/p>\n<p><strong>KARGO B\u0130LG\u0130LER\u0130<br \/>\n<\/strong><\/p>\n<hr \/>\n<p>DryCleanOnly d\u00fcnyan\u0131n her yerine g\u00f6nderilmektedir. G\u00f6nderim \u00fccretini hesaplamak i\u00e7in l\u00fctfen bir sonraki ad\u0131ma ge\u00e7in. Adrese g\u00f6re teslimat s\u00fcresi de\u011fi\u015fmektedir.<\/p>\n","protected":false},"excerpt":{"rendered":"<p>Bu se\u00e7ene\u011fi sat\u0131n alarak <strong>DryCleanOnly<\/strong> dergisi y\u0131lda d\u00f6rt defa adresinize g\u00f6nderilir. Y\u0131ll\u0131k aboneli\u011finiz otomatik olarak yenilenir. Abonelikler hakk\u0131nda daha fazla bilgi i\u00e7in SSS sayfam\u0131z\u0131 ziyaret edin.<\/p>\n<p><strong>DETAYLAR<\/strong><\/p>\n<hr \/>\n<p>256\u00a0sayfad\u0131r.\u00a0Ofset bask\u0131l\u0131d\u0131r. Kapak ka\u011f\u0131d\u0131 mat ku\u015fedir ve \u00fczerine mat selefon uygulanm\u0131\u015ft\u0131r.\u00a0T\u00fcrkiye\u2019de bas\u0131ld\u0131.<\/p>\n<p><strong>KARGO B\u0130LG\u0130LER\u0130<br \/>\n<\/strong><\/p>\n<hr \/>\n<p>DryCleanOnly d\u00fcnyan\u0131n her yerine g\u00f6nderilmektedir. G\u00f6nderim \u00fccretini hesaplamak i\u00e7in l\u00fctfen bir sonraki ad\u0131ma ge\u00e7in. Adrese g\u00f6re teslimat s\u00fcresi de\u011fi\u015fmektedir.<\/p>\n","protected":false},"featured_media":7111,"comment_status":"open","ping_status":"closed","template":"","meta":[],"_links":{"self":[{"href":"https:\/\/drycleanonlymagazine.com\/beta\/wp-json\/wp\/v2\/product\/7114"}],"collection":[{"href":"https:\/\/drycleanonlymagazine.com\/beta\/wp-json\/wp\/v2\/product"}],"about":[{"href":"https:\/\/drycleanonlymagazine.com\/beta\/wp-json\/wp\/v2\/types\/product"}],"replies":[{"embeddable":true,"href":"https:\/\/drycleanonlymagazine.com\/beta\/wp-json\/wp\/v2\/comments?post=7114"}],"wp:featuredmedia":[{"embeddable":true,"href":"https:\/\/drycleanonlymagazine.com\/beta\/wp-json\/wp\/v2\/media\/7111"}],"wp:attachment":[{"href":"https:\/\/drycleanonlymagazine.com\/beta\/wp-json\/wp\/v2\/media?parent=7114"}],"curies":[{"name":"wp","href":"https:\/\/api.w.org\/{rel}","templated":true}]}}