{"id":7109,"date":"2020-11-28T23:07:30","date_gmt":"2020-11-28T20:07:30","guid":{"rendered":"https:\/\/drycleanonlymagazine.com\/beta\/?post_type=product&#038;p=7109"},"modified":"2020-12-01T20:29:09","modified_gmt":"2020-12-01T17:29:09","slug":"turkey-dryclean-only-issue-1","status":"publish","type":"product","link":"https:\/\/drycleanonlymagazine.com\/beta\/urun\/turkey-dryclean-only-issue-1\/","title":{"rendered":"TURKEY DRYCLEAN ONLY ISSUE 1"},"content":{"rendered":"<p><strong>DryCleanOnly<\/strong>\u2019nin ilk say\u0131s\u0131nda modan\u0131n kapsay\u0131c\u0131 y\u00f6n\u00fcn\u00fc birbirinden farkl\u0131 karakterlerle vurgulamaya \u00e7al\u0131\u015f\u0131yoruz.<strong> \u2018\u2019Kendin olman\u0131n\u201d<\/strong> g\u00fczellemesini yaparak insan\u0131n bedeni ve ruhuyla olan ili\u015fkisinin ki\u015fisel ve toplumsal refah\u0131m\u0131z i\u00e7in ne derece \u00f6nemli oldu\u011funu net bir \u015fekilde anl\u0131yor ve anlat\u0131yoruz.<\/p>\n","protected":false},"excerpt":{"rendered":"<p><strong>DryCleanOnly<\/strong>\u2019nin ilk say\u0131s\u0131nda modan\u0131n kapsay\u0131c\u0131 y\u00f6n\u00fcn\u00fc birbirinden farkl\u0131 karakterlerle vurgulamaya \u00e7al\u0131\u015f\u0131yoruz.<strong> \u2018\u2019Kendin olman\u0131n\u201d<\/strong> g\u00fczellemesini yaparak insan\u0131n bedeni ve ruhuyla olan ili\u015fkisinin ki\u015fisel ve toplumsal refah\u0131m\u0131z i\u00e7in ne derece \u00f6nemli oldu\u011funu net bir \u015fekilde anl\u0131yor ve anlat\u0131yoruz.<\/p>\n","protected":false},"featured_media":7761,"comment_status":"open","ping_status":"closed","template":"","meta":[],"_links":{"self":[{"href":"https:\/\/drycleanonlymagazine.com\/beta\/wp-json\/wp\/v2\/product\/7109"}],"collection":[{"href":"https:\/\/drycleanonlymagazine.com\/beta\/wp-json\/wp\/v2\/product"}],"about":[{"href":"https:\/\/drycleanonlymagazine.com\/beta\/wp-json\/wp\/v2\/types\/product"}],"replies":[{"embeddable":true,"href":"https:\/\/drycleanonlymagazine.com\/beta\/wp-json\/wp\/v2\/comments?post=7109"}],"wp:featuredmedia":[{"embeddable":true,"href":"https:\/\/drycleanonlymagazine.com\/beta\/wp-json\/wp\/v2\/media\/7761"}],"wp:attachment":[{"href":"https:\/\/drycleanonlymagazine.com\/beta\/wp-json\/wp\/v2\/media?parent=7109"}],"curies":[{"name":"wp","href":"https:\/\/api.w.org\/{rel}","templated":true}]}}