{"id":7751,"date":"2020-12-01T16:32:14","date_gmt":"2020-12-01T13:32:14","guid":{"rendered":"https:\/\/drycleanonlymagazine.com\/beta\/?page_id=7751"},"modified":"2020-12-01T16:32:14","modified_gmt":"2020-12-01T13:32:14","slug":"teslimat-ve-iade-sartlari","status":"publish","type":"page","link":"https:\/\/drycleanonlymagazine.com\/beta\/teslimat-ve-iade-sartlari\/","title":{"rendered":"TESL\u0130MAT VE \u0130ADE \u015eARTLARI"},"content":{"rendered":"<p>[vc_row full_width=&#8221;stretch_row&#8221;][vc_column][vc_row_inner][vc_column_inner][vc_column_text]M\u00fccbir sebep halleri haricinde, sat\u0131n al\u0131nan her \u00fcr\u00fcn\u00fcn teslimine kadar ge\u00e7ecek s\u00fcre i\u00e7erisinde ALICI\u2019 n\u0131n s\u00f6zle\u015fmeden cayma hakk\u0131 vard\u0131r. \u0130\u015fbu metinde say\u0131lan ilgili mevzuat h\u00fck\u00fcmlerine g\u00f6re iadesi m\u00fcmk\u00fcn olmayan \u00fcr\u00fcnler hari\u00e7 olmak \u00fczere; sat\u0131n al\u0131nan \u00fcr\u00fcn\u00fcn ALICI\u2019 ya tesliminden itibaren 14 (ond\u00f6rt) g\u00fcn i\u00e7erisinde herhangi bir gerek\u00e7e g\u00f6stermeksizin ve cezai \u015fart \u00f6demeksizin s\u00f6zle\u015fmeden cayma hakk\u0131na sahiptir. ALICI, cayma hakk\u0131n\u0131 kullanmak isterse; SATICI\u2019 n\u0131n Web Sitesi\u2019 nin ileti\u015fim b\u00f6l\u00fcm\u00fcnde yer alan e-posta adresine cayma hakk\u0131n\u0131 kullanmak istedi\u011fine dair mail g\u00f6ndermesi ile s\u00f6zle\u015fmeden d\u00f6nebilir. ALICI, cayma bildiriminin SATICI\u2019 ya ula\u015ft\u0131\u011f\u0131 tarihten itibaren 10 (on) g\u00fcn i\u00e7inde sat\u0131n ald\u0131\u011f\u0131 \u00fcr\u00fcn\u00fc geri g\u00f6ndermek zorundad\u0131r. ALICI \u00fcr\u00fcn\u00fc iade ederken, SATICI\u2019 n\u0131n \u00fcr\u00fcn\u00fc teslim etti\u011fi anla\u015fmal\u0131 kargo \u015firketi ile iade edecektir. Aksi taktirde iade kargo \u00fccreti ALICI\u2019 ya aittir. Cayma hakk\u0131n\u0131n kullan\u0131ld\u0131\u011f\u0131na ili\u015fkin bildirimin SATICI\u2019 ya ula\u015ft\u0131\u011f\u0131 tarihten itibaren 14 (ond\u00f6rt) g\u00fcn i\u00e7inde; mal veya hizmetin teslim masraflar\u0131 da dahil olmak \u00fczere tahsil edilen t\u00fcm \u00f6demeler, ALICI\u2019 n\u0131n sat\u0131n al\u0131rken yapm\u0131\u015f oldu\u011fu \u00f6deme arac\u0131na uygun \u015fekilde iade edilecektir.<\/p>\n<p>29188 say\u0131l\u0131 Mesafeli S\u00f6zle\u015fmeler Y\u00f6netmeli\u011fi \u2018nin 15. maddesi uyar\u0131nca ALICI ile SATICI aras\u0131nda yap\u0131lan a\u015fa\u011f\u0131da yer alan s\u00f6zle\u015fmelerde CAYMA HAKKI KULLANILAMAZ;<\/p>\n<ol>\n<li>a) Fiyat\u0131 finansal piyasalardaki dalgalanmalara ba\u011fl\u0131 olarak de\u011fi\u015fen ve sat\u0131c\u0131 veya sa\u011flay\u0131c\u0131n\u0131n kontrol\u00fcnde olmayan mal veya hizmetlere ili\u015fkin s\u00f6zle\u015fmeler.<\/li>\n<li><strong>b)<\/strong> <strong>T\u00fcketicinin istekleri veya ki\u015fisel ihtiya\u00e7lar\u0131 do\u011frultusunda haz\u0131rlanan mallara ili\u015fkin s\u00f6zle\u015fmeler.<\/strong><\/li>\n<li>c) \u00c7abuk bozulabilen veya son kullanma tarihi ge\u00e7ebilecek mallar\u0131n teslimine ili\u015fkin s\u00f6zle\u015fmeler.<\/li>\n<\/ol>\n<p><strong>\u00e7)<\/strong>\u00a0\u00a0\u00a0 <strong>Tesliminden sonra ambalaj, bant, m\u00fch\u00fcr, paket gibi koruyucu unsurlar\u0131 a\u00e7\u0131lm\u0131\u015f olan mallardan; iadesi sa\u011fl\u0131k ve hijyen a\u00e7\u0131s\u0131ndan uygun olmayanlar\u0131n teslimine ili\u015fkin s\u00f6zle\u015fmeler.<\/strong><\/p>\n<ol>\n<li>d) Tesliminden sonra ba\u015fka \u00fcr\u00fcnlerle kar\u0131\u015fan ve do\u011fas\u0131 gere\u011fi ayr\u0131\u015ft\u0131r\u0131lmas\u0131 m\u00fcmk\u00fcn olmayan mallara ili\u015fkin s\u00f6zle\u015fmeler.<\/li>\n<li>e) Mal\u0131n tesliminden sonra ambalaj, bant, m\u00fch\u00fcr, paket gibi koruyucu unsurlar\u0131 a\u00e7\u0131lm\u0131\u015f olmas\u0131 halinde maddi ortamda sunulan kitap, dijital i\u00e7erik ve bilgisayar sarf malzemelerine ili\u015fkin s\u00f6zle\u015fmeler.<\/li>\n<li>f) <strong>Abonelik s\u00f6zle\u015fmesi kapsam\u0131nda sa\u011flananlar d\u0131\u015f\u0131nda, gazete ve dergi gibi s\u00fcreli yay\u0131nlar\u0131n teslimine ili\u015fkin s\u00f6zle\u015fmeler.<\/strong><\/li>\n<li>g) Belirli bir tarihte veya d\u00f6nemde yap\u0131lmas\u0131 gereken, konaklama, e\u015fya ta\u015f\u0131ma, araba kiralama, yiyecek-i\u00e7ecek tedariki ve e\u011flence veya dinlenme amac\u0131yla yap\u0131lan bo\u015f zaman\u0131n de\u011ferlendirilmesine ili\u015fkin s\u00f6zle\u015fmeler.<\/li>\n<\/ol>\n<p>\u011f)\u00a0\u00a0\u00a0 <strong>Elektronik ortamda an\u0131nda ifa edilen hizmetler veya t\u00fcketiciye an\u0131nda teslim edilen gayrimaddi mallara ili\u015fkin s\u00f6zle\u015fmeler.<\/strong><\/p>\n<p>&nbsp;<\/p>\n<ol>\n<li>h) Cayma hakk\u0131 s\u00fcresi sona ermeden \u00f6nce, t\u00fcketicinin onay\u0131 ile ifas\u0131na ba\u015flanan hizmetlere ili\u015fkin s\u00f6zle\u015fmeler.<\/li>\n<\/ol>\n<p>Sat\u0131\u015fa konu \u00fcr\u00fcnlerin, abonelik kapsam\u0131nda olmayan bas\u0131l\u0131 dergi\/e-dergi olmas\u0131 ve elektronik ortamda an\u0131nda ifa edilen ve teslim edilen \u00fcr\u00fcnlerden olmas\u0131 sebebiyle; e-derginin ALICI\u2019 n\u0131n hesab\u0131na tan\u0131mlanmas\u0131ndan, bas\u0131l\u0131 derginin ise ALICI\u2019 ya tesliminden sonra CAYMA HAKKI KULLANILAMAZ.[\/vc_column_text][\/vc_column_inner][\/vc_row_inner][\/vc_column][\/vc_row]<\/p>\n","protected":false},"excerpt":{"rendered":"<p>[vc_row full_width=&#8221;stretch_row&#8221;][vc_column][vc_row_inner][vc_column_inner][vc_column_text]M\u00fccbir sebep halleri haricinde, sat\u0131n al\u0131nan her \u00fcr\u00fcn\u00fcn teslimine kadar ge\u00e7ecek s\u00fcre i\u00e7erisinde ALICI\u2019 n\u0131n s\u00f6zle\u015fmeden cayma hakk\u0131 vard\u0131r. \u0130\u015fbu metinde say\u0131lan ilgili mevzuat h\u00fck\u00fcmlerine g\u00f6re iadesi m\u00fcmk\u00fcn olmayan \u00fcr\u00fcnler hari\u00e7 olmak \u00fczere; sat\u0131n al\u0131nan \u00fcr\u00fcn\u00fcn ALICI\u2019 ya tesliminden itibaren 14 (ond\u00f6rt) g\u00fcn i\u00e7erisinde herhangi bir gerek\u00e7e g\u00f6stermeksizin ve cezai \u015fart \u00f6demeksizin s\u00f6zle\u015fmeden cayma [&hellip;]<\/p>\n","protected":false},"author":1,"featured_media":0,"parent":0,"menu_order":0,"comment_status":"closed","ping_status":"closed","template":"","meta":[],"_links":{"self":[{"href":"https:\/\/drycleanonlymagazine.com\/beta\/wp-json\/wp\/v2\/pages\/7751"}],"collection":[{"href":"https:\/\/drycleanonlymagazine.com\/beta\/wp-json\/wp\/v2\/pages"}],"about":[{"href":"https:\/\/drycleanonlymagazine.com\/beta\/wp-json\/wp\/v2\/types\/page"}],"author":[{"embeddable":true,"href":"https:\/\/drycleanonlymagazine.com\/beta\/wp-json\/wp\/v2\/users\/1"}],"replies":[{"embeddable":true,"href":"https:\/\/drycleanonlymagazine.com\/beta\/wp-json\/wp\/v2\/comments?post=7751"}],"version-history":[{"count":1,"href":"https:\/\/drycleanonlymagazine.com\/beta\/wp-json\/wp\/v2\/pages\/7751\/revisions"}],"predecessor-version":[{"id":7752,"href":"https:\/\/drycleanonlymagazine.com\/beta\/wp-json\/wp\/v2\/pages\/7751\/revisions\/7752"}],"wp:attachment":[{"href":"https:\/\/drycleanonlymagazine.com\/beta\/wp-json\/wp\/v2\/media?parent=7751"}],"curies":[{"name":"wp","href":"https:\/\/api.w.org\/{rel}","templated":true}]}}