{"id":7455,"date":"2020-11-01T22:06:57","date_gmt":"2020-11-01T19:06:57","guid":{"rendered":"https:\/\/drycleanonlymagazine.com\/beta\/?page_id=7455"},"modified":"2020-11-29T21:40:19","modified_gmt":"2020-11-29T18:40:19","slug":"legal","status":"publish","type":"page","link":"https:\/\/drycleanonlymagazine.com\/beta\/legal\/","title":{"rendered":"Legal"},"content":{"rendered":"<p>[vc_row][vc_column width=&#8221;1\/4&#8243;][vc_wp_custommenu nav_menu=&#8221;391&#8243;][\/vc_column][vc_column width=&#8221;3\/4&#8243;][vc_tta_accordion c_icon=&#8221;&#8221; active_section=&#8221;1&#8243;][vc_tta_section title=&#8221;KULLANIM KO\u015eULLARI&#8221; tab_id=&#8221;1604257539757-bcb7bcac-b47b&#8221;][vc_column_text]www.drycleanonlmagazine.com internet sitesini ziyaret ederek ve\/veya var ise ba\u011fl\u0131 mobil uygulamalar\u0131n\u0131 kullanarak (internet sitesi ve\/veya eri\u015fim kuran mobil uygulamalar, bundan b\u00f6yle \u201cPortal\u201d olarak an\u0131lacak olup Portal\u2019 \u0131n ad\u0131 ge\u00e7en ve ba\u011fl\u0131 alt alan adlar\u0131 da \u201cPortal\u201d olarak adland\u0131r\u0131lacak olup hepsi i\u015fbu s\u00f6zle\u015fme kapsam\u0131ndad\u0131r) ve\/veya \u201c\u00dcye\u201d olarak, ba\u011fl\u0131 oldu\u011funuz yasalara g\u00f6re s\u00f6zle\u015fme imzalama hakk\u0131na, yetkisine ve hukuki ehliyetine sahip ve 18 ya\u015f\u0131n \u00fczerinde oldu\u011funuzu, i\u015fbu \u201cKullan\u0131m Ko\u015fullar\u0131\u201d n\u0131 okudu\u011funuzu, i\u00e7eri\u011fini tamamen anlad\u0131\u011f\u0131n\u0131z\u0131, \u201cKullan\u0131m Ko\u015fullar\u0131\u201dnda belirtilen ve Portal\u2019 a girmenizden ve kald\u0131\u011f\u0131n\u0131z s\u00fcre boyunca i\u015fbu kullan\u0131m ko\u015fullar\u0131n\u0131n t\u00fcm hususlar\u0131n\u0131 kay\u0131ts\u0131z ve \u015farts\u0131z olarak kabul etti\u011finizi, Portal\u2019 da belirtilen t\u00fcm hususlarla ilgili olarak herhangi bir itiraz ve defi ileri s\u00fcrmeyece\u011finizi kabul, beyan ve taahh\u00fct edersiniz.[\/vc_column_text][\/vc_tta_section][vc_tta_section title=&#8221;1 &#8211; S\u00d6ZLE\u015eMEN\u0130N TARAFLARI&#8221; tab_id=&#8221;1481857175930-ca6ee987-3609&#8243;][vc_column_text]<\/p>\n<ul>\n<li>\u0130\u015fbu Portal\u2019 \u0131n sahibi \u201cTE\u015eV\u0130K\u0130YE MAH. H\u00dcSREV GEREDE CAD. TAN\u0130N APT.NO:88\/8 \u015e\u0130\u015eL\u0130\u201d adresinde mukim O\u011eUZ EREL ST\u0130L DANI\u015eMANLIK L\u0130M\u0130TED \u015e\u0130RKET\u0130 (bundan b\u00f6yle k\u0131saca \u201cDCOM\u201d olarak an\u0131lacakt\u0131r)\u2019dir. Portal\u2019 da sunulan ve i\u015fbu Kullan\u0131m Ko\u015fullar\u0131\u2019 n\u0131n 3. maddesinde belirtilen hizmetler, \u201cDCOM\u201d taraf\u0131ndan sa\u011flanmaktad\u0131r.<\/li>\n<li>DCOM i\u015fbu Kullan\u0131m Ko\u015fullar\u0131\u2019 n\u0131, Portal\u2019 da yer alan her t\u00fcr bilgi ve \u0130\u00e7eri\u011fi, \u00a0Kullan\u0131c\u0131\u201d ya herhangi bir ihbar veya bildirimde bulunmadan diledi\u011fi zaman de\u011fi\u015ftirebilir. Bu de\u011fi\u015fiklikler periyodik olarak\u00a0<a href=\"http:\/\/drycleanonlymagazine.com\/\">drycleanonlmagazine.com<\/a>\u00a0da yay\u0131mlanacak ve yay\u0131mland\u0131\u011f\u0131 tarihte ge\u00e7erli olacakt\u0131r. Portal\u2019 a eri\u015fim sa\u011flayan her ger\u00e7ek veya t\u00fczel ki\u015fi Kullan\u0131m Ko\u015fullar\u0131\u2019 n\u0131 ve DCOM taraf\u0131ndan i\u015fbu Kullan\u0131m Ko\u015fullar\u0131\u2019 nda yap\u0131lan her de\u011fi\u015fikli\u011fi kabul etmi\u015f say\u0131lmaktad\u0131r. \u0130\u015fbu Kullan\u0131m Ko\u015fullar\u0131 \u201cwww.drycleanonlymagazine.com\u201d internet sitesi \u00fczerinden yay\u0131nlanarak; Portal\u2019 \u0131 kullanan her ki\u015fi taraf\u0131ndan eri\u015fimi m\u00fcmk\u00fcn k\u0131l\u0131nm\u0131\u015ft\u0131r.<\/li>\n<\/ul>\n<p>[\/vc_column_text][\/vc_tta_section][vc_tta_section title=&#8221;2- TANIMLAR&#8221; tab_id=&#8221;1481863262422-22d60968-4e9d&#8221;][vc_column_text]<\/p>\n<ul>\n<li>\u201c<strong>Portal\u201d:<\/strong><a href=\"http:\/\/drycleanonlymagazine.com\/\">drycleanonlmagazine.com<\/a>\u00a0isimli alan ad\u0131ndan ve bu alan ad\u0131na ba\u011fl\u0131 alt alan adlar\u0131ndan olu\u015fan DCOM\u2019 un Hizmet\u2019lerini sundu\u011fu internet sitesi ve varsa mobil uygulamalar\u0131.<\/li>\n<li>\u201c<strong>Kullan\u0131c\u0131\u201d:\u00a0<\/strong>Portal\u2019 a eri\u015fen ki\u015fi.<\/li>\n<li>\u201c<strong>\u00dcye\u201d:<\/strong>\u00a0Portal\u2019 a \u00fcye olan ve Portal dahilinde sunulan hizmetlerden i\u015fbu s\u00f6zle\u015fmede belirtilen ko\u015fullar dahilinde yararlanan ger\u00e7ek veya t\u00fczel ki\u015fi.<\/li>\n<li>\u201c<strong>\u00dcyelik\u201d:<\/strong>\u00a0\u00dcye olmak isteyen kullan\u0131c\u0131n\u0131n, Portal\u2019 daki \u00fcyelik formunu do\u011fru ve ger\u00e7ek bilgilerle doldurmas\u0131, verdi\u011fi ki\u015fisel bilgilerinin DCOM beyan ederek ve \u00dcyelik S\u00f6zle\u015fmesi onaylanarak kazan\u0131lan stat\u00fcd\u00fcr. \u00dcyelik i\u015flemleri tamamlanmadan \u00dcye olma hak ve yetkisine sahip olunamaz. \u00dcyelik hak ve y\u00fck\u00fcml\u00fcl\u00fckleri, ba\u015fvuruda bulunana ait olan, k\u0131smen veya tamamen herhangi bir \u00fc\u00e7\u00fcnc\u00fc \u015fahsa devredilemeyen hak ve y\u00fck\u00fcml\u00fcl\u00fcklerdir. \u00dcyelik ba\u015fvurusu herhangi bir sebep g\u00f6sterilmeksizin DCOM taraf\u0131ndan reddedilebilir veya ek \u015fart ve ko\u015fullar talep edilebilir. DCOM gerekli g\u00f6rmesi halinde her zaman bir sebep g\u00f6stermeksizin \u00dcye\u2019 nin \u00dcyelik stat\u00fcs\u00fcn\u00fc sona erdirebilir, \u00dcyelik\u2019 i herhangi bir sebeple sona erenin sonradan yapaca\u011f\u0131 \u00dcyelik ba\u015fvurusunu kabul etmeyebilir.<\/li>\n<li><strong>\u201cDCOM \u00dcyelik Hesab\u0131\u201d:\u00a0<\/strong>\u00dcye\u2019nin Portal i\u00e7erisinde sunulan hizmetlerden yararlanmak i\u00e7in gerekli olan i\u015f ve i\u015flemleri ger\u00e7ekle\u015ftirdi\u011fi, e\u011fer var ise \u00dcyelik\u2019 le ilgili konularda DCOM a talepte bulundu\u011fu, e\u011fer sunulu ise\u00a0 \u00dcyelik bilgilerini g\u00fcncelleyip, e\u011fer sunulan hizmetlerle ilgili raporlama verildi\u011fi takdirde g\u00f6r\u00fcnt\u00fcleyebildi\u011fi, \u00fcr\u00fcn sat\u0131n alma yapabildi\u011fi, kendisinin belirledi\u011fi ve m\u00fcnhas\u0131ran kendisi taraf\u0131ndan kullan\u0131laca\u011f\u0131n\u0131 taahh\u00fct etti\u011fi \u201ckullan\u0131c\u0131 ad\u0131\u201d ve \u201c\u015fifre\u201d ile Portal \u00fczerinden eri\u015fti\u011fi \u00dcye\u2019 ye \u00f6zel internet sayfalar\u0131 b\u00fct\u00fcn\u00fc.<\/li>\n<li>\u201c<strong>DCOM Hizmetleri\u201d (\u201cHizmet\u201d):\u00a0<\/strong>Portal i\u00e7erisinde \u00dcye\u2019 nin veya \u00fcyelik i\u015flemi yapmadan i\u015fbu s\u00f6zle\u015fme i\u00e7erisinde tan\u0131ml\u0131 olan i\u015f ve i\u015flemlerini ger\u00e7ekle\u015ftirmelerini sa\u011flamak amac\u0131yla DCOM taraf\u0131ndan sunulan uygulamalard\u0131r. DCOM, Portal i\u00e7erisinde sunulan Hizmetlerinde diledi\u011fi zaman de\u011fi\u015fiklikler ve\/veya uyarlamalar yapabilir. Yap\u0131lan de\u011fi\u015fiklikler ve\/veya uyarlamalarla ilgili \u00dcye\u2019 nin uymakla y\u00fck\u00fcml\u00fc oldu\u011fu kural ve ko\u015fullar Portal\u2019 dan \u00dcye\u2019 ye duyurulur, a\u00e7\u0131klanan \u015fartlar ve ko\u015fullar Portal\u2019 da yay\u0131mland\u0131\u011f\u0131 tarihte y\u00fcr\u00fcrl\u00fc\u011fe girer. DCOM zaman i\u00e7inde \u00fcyelerine di\u011fer kullan\u0131c\u0131lara nazaran indirimler kampanyalar sa\u011flayabilir ve bunlar\u0131 diledi\u011fi zaman kald\u0131rabilir. \u00dcye bunu \u015fimdiden kabul eder. Bir kampanyadan veya indirimden yararlanan \u00dcye bu hakk\u0131, Portal\u2019\u0131n izin verdi\u011fi ko\u015ful ve zaman i\u00e7inde kullanabilir.<\/li>\n<li>\u201c<strong>\u0130\u00e7erik\u201d:\u00a0<\/strong>Portal\u2019 da yay\u0131nlanan ve eri\u015fimi m\u00fcmk\u00fcn olan her t\u00fcrl\u00fc bilgi, yaz\u0131, dosya, resim, video, rakam vb. g\u00f6rsel, yaz\u0131msal ve i\u015fitsel imgeler.<\/li>\n<li>\u201c<strong>API\u201d:\u00a0<\/strong>DCOM taraf\u0131ndan olu\u015fturulan ve belirli i\u015flevselliklerin sa\u011flanmas\u0131 i\u00e7in tasarlanm\u0131\u015f Uygulama Programlama Arabirimi (Application Programming Interface), ba\u011flant\u0131l\u0131 belgeler (elektronik \u015fekilde olanlar dahil), protokoller ve buna ili\u015fkin ilerideki s\u00fcr\u00fcmler, iyile\u015ftirmeler, geli\u015ftirmeler, programlama d\u00fczeltmeleri, g\u00fcncellemeler ve y\u00fckseltmeler. \u00dcyelik a\u015famas\u0131nda Facebook ve Google senkronizasyonu da bu tan\u0131mlamaya dahildir.<\/li>\n<li><strong>\u201cDCOM Aray\u00fcz\u00fc\u201d :\u00a0<\/strong>DCOM taraf\u0131ndan olu\u015fturulan i\u00e7eri\u011fin Kullan\u0131c\u0131lar taraf\u0131ndan g\u00f6r\u00fcnt\u00fclenebilmesi ve DCOM Veritaban\u0131\u2019 \u0131ndan sorgulanabilmesi amac\u0131yla Kullan\u0131c\u0131\u2019 lar taraf\u0131ndan kullan\u0131lan; 5846 Say\u0131l\u0131 Fikir ve Sanat Eserleri Kanunu kapsam\u0131nda korunan ve t\u00fcm fikri haklar\u0131 DCOM\u2019 a ait olan tasar\u0131mlar i\u00e7erisinde Portal \u00fczerinden yap\u0131labilecek her t\u00fcrl\u00fc i\u015flemin ger\u00e7ekle\u015ftirilmesi i\u00e7in bilgisayar program\u0131na komut veren internet sayfalar\u0131.<\/li>\n<li>\u201c<strong>DCOM Veritaban\u0131\u201d :\u00a0<\/strong>Portal dahilinde eri\u015filen i\u00e7eriklerin depoland\u0131\u011f\u0131, tasnif edildi\u011fi, sorgulanabildi\u011fi ve eri\u015filebildi\u011fi DCOM\u2019 a ait olan 5846 Say\u0131l\u0131 Fikir ve Sanat Eserleri Kanunu ve sair di\u011fer kanunlar gere\u011fince korunan veritaban\u0131d\u0131r.<\/li>\n<\/ul>\n<p>[\/vc_column_text][\/vc_tta_section][vc_tta_section title=&#8221;3- DCOM H\u0130ZMETLER\u0130&#8221; tab_id=&#8221;1481857175977-98a95267-1450&#8243;][vc_column_text]<\/p>\n<ul>\n<li>DCOM; i\u00e7eri\u011fi kendisi taraf\u0131ndan d\u00fczenlenen, online, dijital dergi olarak sat\u0131lacak dergi\/dergilerin, \u00dcye veya Kullan\u0131c\u0131lar taraf\u0131ndan dergi\/dergilere abone olunarak veya belirli bas\u0131mlar se\u00e7ildikten sonra DCOM\u2019 un belirleyece\u011fi fiyat ve \u00f6deme y\u00f6ntemleri ile sat\u0131n al\u0131n\u0131p ilgili mesafeli sat\u0131\u015f s\u00f6zle\u015fmesi kapsam\u0131nda teslim edilmesi hizmeti sunmaktad\u0131r.<\/li>\n<li>DCOM zaman i\u00e7inde kendi b\u00fcnyesinde bulunan markalar veya b\u00fcnyesine kataca\u011f\u0131 markalar\u0131n tekstil \u00fcr\u00fcnlerini, aksesuarlar\u0131n\u0131 ve buna benzer \u00fcr\u00fcnleri Web sitesinde sat\u0131\u015f yapabilir. Ayn\u0131 zamanda dijital derginin sonraki yay\u0131nlar\u0131n\u0131 bas\u0131l\u0131 yay\u0131n olarak fiziki sat\u0131\u015f\u0131n\u0131 ger\u00e7ekle\u015ftirebilir.<\/li>\n<li>Listelenen ve sitede ilan edilen fiyatlar ve \u00fcr\u00fcn i\u00e7erikleri, \u00f6zellikleri zaman i\u00e7inde g\u00fcncellemeye u\u011frayabilir sat\u0131n al\u0131nma i\u015flemi ger\u00e7ekle\u015fene kadar de\u011fi\u015fiklik g\u00f6sterebilir, \u00fcr\u00fcn veya hizmetler sat\u0131\u015ftan kald\u0131r\u0131labilinir. S\u00fcreli olarak ilan edilen fiyatlar ise belirtilen s\u00fcre sonuna kadar ge\u00e7erlidir.<\/li>\n<li>DCOM, Portal dahilinde ger\u00e7ekle\u015ftirilen i\u015flemlere, g\u00f6r\u00fcnt\u00fcleme say\u0131lar\u0131na y\u00f6nelik \u00e7e\u015fitli kategoriler alt\u0131nda analiz ama\u00e7l\u0131 anonim olarak raporlama hizmetleri i\u00e7in KVKK ve \u00c7erez politikas\u0131 kapsam\u0131nda kullanabilir.<\/li>\n<li>DCOM, Portal dahilinde verdi\u011fi hizmetlere yenilerini ekleme, mevcut hizmetlerin kapsam ve sunulma ko\u015fullar\u0131 ile Portal dahilinde eri\u015filen \u0130\u00e7erikleri her zaman de\u011fi\u015ftirme, \u00fc\u00e7\u00fcnc\u00fc ki\u015filerin eri\u015fimine kapatabilme ve silme hakk\u0131n\u0131 sakl\u0131 tutmaktad\u0131r. DCOM, bu hakk\u0131n\u0131 hi\u00e7bir bildirimde bulunmadan ve \u00f6nel vermeden diledi\u011fi bi\u00e7imde kullanabilir.<\/li>\n<\/ul>\n<p>[\/vc_column_text][\/vc_tta_section][vc_tta_section title=&#8221;4- DCOM PORTAL KULLANIMINA \u0130L\u0130\u015eK\u0130N KO\u015eULLAR VE Y\u00dcK\u00dcML\u00dcL\u00dcKLER&#8221; tab_id=&#8221;1481858076393-6199bff5-308a&#8221;][vc_column_text]<strong>\u00dcye olup olmamas\u0131na bak\u0131lmaks\u0131z\u0131n DCOM online platformlar\u0131n\u0131 kullanan t\u00fcm ziyaretci ve kullan\u0131c\u0131lar i\u00e7in ge\u00e7erli olmak \u00fczere;<\/strong><\/p>\n<ul>\n<li>Kullan\u0131c\u0131\u2019 lar hukuka uygun ama\u00e7larla Portal \u00fczerinde i\u015flem yapabilirler. Kullan\u0131c\u0131\u2019 lar\u0131n Portal dahilinde yapt\u0131\u011f\u0131 her i\u015flem ve eylemdeki hukuki ve cezai sorumluluk kullan\u0131c\u0131lar\u0131n kendilerine ait olacak olup, s\u00f6z konusu hukuki ve cezai y\u00fck\u00fcml\u00fcl\u00fcklerle ilgili DCOM\u2019 un herhangi bir sorumlulu\u011fu bulunmad\u0131\u011f\u0131n\u0131 \u201cKullan\u0131c\u0131\u201d kabul, beyan ve taahh\u00fct etmektedir.<\/li>\n<li>Kullan\u0131c\u0131\u2019 lar, Portal d\u00e2hilinde T\u00fcrk Ticaret Kanunu h\u00fck\u00fcmleri uyar\u0131nca haks\u0131z rekabete yol a\u00e7acak faaliyetlerde bulunmayaca\u011f\u0131n\u0131, DCOM\u2019 un ve \u00fc\u00e7\u00fcnc\u00fc ki\u015filerin \u015fahsi ve ticari itibar\u0131 sarsacak, ki\u015filik haklar\u0131na tecav\u00fcz veya taarruz edecek fiilleri ger\u00e7ekle\u015ftirmeyece\u011fini, mevzuata, kamu d\u00fczenine ve genel ahlak kurallar\u0131na uygun hareket edece\u011fini, mevzuat\u0131n gerektirdi\u011fi \u00f6nlemleri alaca\u011f\u0131n\u0131 ve prosed\u00fcrleri yerine getirece\u011fini, yasad\u0131\u015f\u0131, su\u00e7 te\u015fkil edecek, rahats\u0131z edici, ki\u015filik haklar\u0131na zarar verici, fikri haklara, telif haklar\u0131na, marka haklar\u0131na ve m\u00fclkiyet haklar\u0131na tecav\u00fcz edici tutum ve davran\u0131\u015flarda bulunmayaca\u011f\u0131n\u0131 kabul ve taahh\u00fct etmektedir.<\/li>\n<li>DCOM, site \u00fczerinden Kullan\u0131c\u0131lar ve \u00dcyelerin beyan etmi\u015f oldu\u011fu ki\u015fisel bilgileri i\u015fin gere\u011fi kapsam\u0131nda 6698 say\u0131l\u0131 Ki\u015fisel Verilerin Korunmas\u0131 Kanunu (KVKK) uygun olarak saklayacak, i\u015fleyecek, gerekli durumlarda silecektir. Ki\u015fisel verilerinizin hangi ama\u00e7la i\u015flendi\u011fi, kimlere ve hangi ama\u00e7la aktar\u0131labilece\u011fi, veri toplama, di\u011fer haklar\u0131n\u0131z gibi t\u00fcm bilgilere \u201c<a href=\"http:\/\/drycleanonlymagazine.com\/beta\/dcom-aydinlatma-metni\/\">Ayd\u0131nlatma Metni<\/a>\u201d nden ula\u015fabilirsiniz. Bu ki\u015fisel bilgiler; ki\u015finin ad\u0131-soyad\u0131, adresi, telefon numaras\u0131, cep telefonu, e-posta adresi vb. Kullan\u0131c\u0131\u2019y\u0131 tan\u0131mlamaya y\u00f6nelik i\u015fin gere\u011fi do\u011frultusunda toplanan bilgileridir.\u00a0 Bu hususlar kullan\u0131c\u0131n\u0131n ki\u015fisel bilgisi al\u0131n\u0131rken e\u011fer i\u015fin yap\u0131lmas\u0131 haricinde ek bir ki\u015fisel veri al\u0131nacak ise\u00a0 ayr\u0131ca bir s\u00f6zle\u015fme ile de a\u00e7\u0131k r\u0131zas\u0131 al\u0131nmak suretiyle DCOM taraf\u0131ndan toplan\u0131r ve mevzuata uygun \u015fekilde i\u015flenir.<\/li>\n<li>DCOM ayn\u0131 zamanda; sitede ilk ve sonras\u0131nda yapaca\u011f\u0131n\u0131z ziyaretlerinizde\u00a0<a href=\"http:\/\/drycleanonlymagazine.com\/beta\/cerez-politikasi\/\">\u00c7erez politikalar\u0131 kapsam\u0131nda<\/a>\u00a0ve ilgili metinde a\u00e7\u0131kland\u0131\u011f\u0131 limitler dahilinde\u00a0 i\u015flenip DCOM taraf\u0131ndan kullan\u0131labilir. DCOM s\u00fcre\u00e7lerini iyile\u015ftirme ama\u00e7l\u0131 ara\u015ft\u0131rmalar yapmak, veri taban\u0131 olu\u015fturmak ve pazar ara\u015ft\u0131rmalar\u0131 yapmak i\u00e7in i\u015fbirli\u011fi i\u00e7inde oldu\u011fu firmalara anonim kullan\u0131c\u0131 bilgilerini aktarabilir ve bu firmalar taraf\u0131ndan yukar\u0131da say\u0131lan ama\u00e7larla ve DCOM kullan\u0131c\u0131lar\u0131na daha kaliteli hizmet sunabilmesi ile\u00a0 s\u0131n\u0131rl\u0131 olarak Kullan\u0131c\u0131 bilgileri i\u015flenebilir.<\/li>\n<li>DCOM, sadece kendi tan\u0131t\u0131m, reklam, kampanya, promosyon, duyuru vb. pazarlama faaliyetleri kapsam\u0131nda kullan\u0131lmas\u0131 ile s\u0131n\u0131rl\u0131 olmak \u00fczere Kullan\u0131c\u0131 bilgilerini anonim olarak kullanabilir, i\u015fleyebilir, anonim sonu\u00e7lar\u0131 payla\u015fabilir, anonim olarak istatistiki olarak if\u015fa edebilir, bir veri taban\u0131 \u00fczerinde tasnif edip muhafaza edebilir, tan\u0131t\u0131m ve bilgilendirme ama\u00e7l\u0131 ileti\u015fim faaliyetlerinde, kullan\u0131c\u0131lar\u0131na pazarlama faaliyetlerinde bulunabilir ve bunlar\u0131n da istatistik\u00ee analizler yapmak amac\u0131yla kullanabilir.<\/li>\n<li>Kullan\u0131c\u0131ya Portal i\u00e7erisinde ya da g\u00f6r\u00fcnt\u00fcl\u00fc reklam a\u011f\u0131ndaki di\u011fer sitelerde, kullan\u0131c\u0131lar\u0131n ilgi alanlar\u0131na g\u00f6re hedefe y\u00f6nelik reklam i\u00e7eri\u011fi g\u00f6sterebilir. Ayr\u0131ca Google, AFS reklamlar\u0131n\u0131n DCOM\u2019 a y\u00f6nlendirilmesi esnas\u0131nda Google Kullan\u0131c\u0131lar\u0131n taray\u0131c\u0131s\u0131na \u00e7erez yerle\u015ftirebilir veya bunlarda yer alan \u00e7erezleri okuyabilir veya bilgi toplamak amac\u0131yla web i\u015faretleri kullanabilir.<\/li>\n<li>DCOM, Portal i\u00e7erisinde yer alan \u00fcr\u00fcnlerin, hizmetlerin i\u00e7eriklerini \u00f6\u011frenme, \u00fcr\u00fcnleri sat\u0131n alma veya abone olma amac\u0131yla g\u00f6r\u00fcnt\u00fclemeye ve DCOM Aray\u00fcz\u00fc\u2019 n\u00fc kullanmaya izin vermekte olup, bunun d\u0131\u015f\u0131nda bir ama\u00e7la veri taban\u0131 \u00fczerinden belirli bir say\u0131da veya b\u00fct\u00fcn\u00fcne y\u00f6nelik olarak belgelere ula\u015f\u0131lmaya \u00e7al\u0131\u015f\u0131lmas\u0131, m\u00fc\u015fteri bilgilerinin, tasar\u0131mlar\u0131n\u0131n, kod ve yaz\u0131l\u0131mlar\u0131n\u0131n, veri taban\u0131nda yer alan bilgilerinin k\u0131smen veya tamamen kopyalanmas\u0131, bunlar\u0131n ba\u015fka mecralarda do\u011frudan veya dolayl\u0131 olarak yay\u0131nlanmas\u0131, derlenmesi, i\u015flenmesi, de\u011fi\u015ftirilmesi, ba\u015fka veritabanlar\u0131na aktar\u0131lmas\u0131, bu veritaban\u0131ndan \u00fc\u00e7\u00fcnc\u00fc ki\u015filerin eri\u015fimine ve kullan\u0131m\u0131na a\u00e7\u0131lmas\u0131, Portal \u00fczerindeki t\u00fcm \u0130\u00e7eriklerin linkinin verilmesi de d\u00e2hil olmak \u00fczere benzer fiilleri DCOM taraf\u0131ndan izin verilmemekte olup bunlar\u0131n izinsiz yap\u0131lmas\u0131 su\u00e7 te\u015fkil etmektedir.<\/li>\n<li>Portal\u2019 da bulunan t\u00fcm g\u00f6rsel, metin i\u00e7eriklerinin telif haklar\u0131n\u0131n tek pazarlama ve tasarruf yetkisi ve hakk\u0131 DCOM\u2019 a aittir.<\/li>\n<li>Portal\u2019 \u0131n b\u00fct\u00fcn\u00fcn\u00fcn veya herhangi bir b\u00f6l\u00fcm\u00fcn\u00fcn bozma, de\u011fi\u015ftirme, tersine m\u00fchendislik yapma amac\u0131yla kullan\u0131lmas\u0131, tersine m\u00fchendislik (reverse engineering) metoduyla veya farkl\u0131 herhangi bir metodla API protokollerinin k\u0131r\u0131lmaya \u00e7al\u0131\u015f\u0131lmas\u0131 ve API anahtar\u0131, API gizli anahtar\u0131, istek ba\u015fl\u0131klar\u0131, istemci do\u011frulama algoritmas\u0131 gibi parametrelere izinsiz olarak ula\u015f\u0131lmas\u0131 veya bu parametrelerin izinsiz olarak \u00fc\u00e7\u00fcnc\u00fc ki\u015filerle payla\u015f\u0131lmas\u0131, Portal\u2019 \u0131n ileti\u015fim veya teknik sistemleri engelleyen, bozan ya da sistemlere m\u00fcdahale eder bir \u015fekilde Site\u2019 ye eri\u015fim sa\u011flanmaya \u00e7al\u0131\u015f\u0131lmas\u0131, Site \u00fczerinde otomatik program, robot, \u00f6r\u00fcmcek, web crawler, \u00f6r\u00fcmcek, veri madencili\u011fi (data mining), veri taramas\u0131 (data crawling) vb. screen scraping yaz\u0131l\u0131mlar\u0131 veya sistemleri, otomatik aletler ya da manuel s\u00fcre\u00e7ler kullan\u0131lmas\u0131, di\u011fer kullan\u0131c\u0131lar\u0131n verilerine veya yaz\u0131l\u0131mlar\u0131na izinsiz olarak ula\u015f\u0131lmas\u0131 Kullan\u0131c\u0131lar ba\u015fkalar\u0131n\u0131n hizmetleri kullanmas\u0131n\u0131 \u00f6nleyici veya zorla\u015ft\u0131r\u0131c\u0131 faaliyet (spam, virus, truva at\u0131, DDOS vb.) ve i\u015flemler de Site\u2019 nin ve Portal daki i\u00e7eri\u011fin Kullan\u0131m Ko\u015fullar\u0131 ile belirlenen kullan\u0131m s\u0131n\u0131rlar\u0131 d\u0131\u015f\u0131nda kullan\u0131lmas\u0131, \u0130\u015fbu \u015fartlara ve yasalara ayk\u0131r\u0131 kullan\u0131m\u0131n tespiti halinde; hukuka ayk\u0131r\u0131 i\u015flem say\u0131l\u0131p, DCOM\u2019 un her t\u00fcr talep cezai ve adli dava ve takip haklar\u0131 sakl\u0131d\u0131r. DCOM, Kullan\u0131c\u0131\u2019 y\u0131 yetkili makamlara bildirme hakk\u0131na sahiptir. Kullan\u0131c\u0131 bu izinsiz t\u00fcr kullan\u0131mlar sonucu olu\u015fan zarar ve taleplerden \u201cbizzat sorumlu oldu\u011funu kabul etmektedir.<\/li>\n<li>Portal\u2019 da verilen hizmetin kesintiye u\u011framas\u0131, bilgi iletiminde aksakl\u0131klar, gecikmeler, ba\u015far\u0131s\u0131zl\u0131klar ya\u015fanmas\u0131, veri kayb\u0131 halinde olu\u015fabilecek her t\u00fcrl\u00fc do\u011frudan ve dolayl\u0131 zararlardan DCOM\u2019 un sorumlu tutulamayaca\u011f\u0131n\u0131 Kullan\u0131c\u0131 kabul ve taahh\u00fct etmektedir.<\/li>\n<\/ul>\n<p>[\/vc_column_text][\/vc_tta_section][vc_tta_section title=&#8221;5- F\u0130KR\u0130 M\u00dcLK\u0130YET HAKLARI&#8221; tab_id=&#8221;1604256985641-2e7763c3-05b3&#8243;][vc_column_text]<\/p>\n<ul>\n<li>Bu Portal dahilinde eri\u015filen (s\u0131n\u0131rl\u0131 olmamak kayd\u0131yla DCOM Veritaban\u0131, DCOM Aray\u00fcz\u00fc, tasar\u0131m, metin, imge, html kodu ve di\u011fer kodlar) t\u00fcm elemanlar\u0131 (hepsi birlikte \u201cDCOM telif haklar\u0131na tabi \u00e7al\u0131\u015fmalar\u201d olarak an\u0131lacakt\u0131r) DCOM ad\u0131na kay\u0131tl\u0131 olsun veya hen\u00fcz sertifikalanmam\u0131\u015f yenilik dahi olsa bunlarla s\u0131n\u0131rl\u0131 olmamak kayd\u0131 ile payla\u015f\u0131lan, sat\u0131lan t\u00fcm dergi, tekstil ve di\u011fer \u00fcr\u00fcnlerin ve bunlar\u0131n i\u00e7erik tasar\u0131mlar\u0131, resimleri, d\u00fczenlenmesinin telif haklar\u0131n\u0131n tek kullan\u0131m ve pazarlama hakk\u0131 DCOM\u2019 a aittir. Kullan\u0131c\u0131\u2019 lar, DCOM hizmetlerini, DCOM bilgilerini ve DCOM\u2019 un t\u00fcm i\u00e7eri\u011fini yeniden satmak, i\u015flemek, kopyalamak, payla\u015fmak, da\u011f\u0131tmak, sergilemek veya ba\u015fkas\u0131n\u0131n DCOM\u2019 un hizmetlerine eri\u015fmesi veya kullanmas\u0131na izin vermek hakk\u0131na sahip de\u011fildirler. \u0130\u015fbu Site Kullan\u0131m Ko\u015fullar\u0131 dahilinde DCOM taraf\u0131ndan sarahaten izin verilen durumlar haricinde DCOM\u2019 un telif haklar\u0131na tabi \u00e7al\u0131\u015fmalar\u0131n\u0131 \u00e7o\u011faltamaz, i\u015fleyemez, da\u011f\u0131tamaz veya bunlardan t\u00fcremi\u015f \u00e7al\u0131\u015fmalar yapamaz.<\/li>\n<li>\u0130\u015fbu Kullan\u0131m Ko\u015fullar\u0131 dahilinde DCOM taraf\u0131ndan sarahaten yetki verilmedi\u011fi hallerde; DCOM hizmetleri, bilgileri, telif haklar\u0131na tabi \u00e7al\u0131\u015fmalar\u0131, ticari markalar\u0131, ticari g\u00f6r\u00fcn\u00fcm\u00fc veya bu site vas\u0131tas\u0131yla sa\u011flad\u0131\u011f\u0131 ba\u015fkaca varl\u0131k ve bilgilere y\u00f6nelik t\u00fcm haklar\u0131n\u0131 sakl\u0131 tutmaktad\u0131r.<\/li>\n<\/ul>\n<p>[\/vc_column_text][\/vc_tta_section][vc_tta_section title=&#8221;6- M\u00dcCB\u0130R SEBEPLER&#8221; tab_id=&#8221;1604257018252-cbe86d0d-25cb&#8221;][vc_column_text]<\/p>\n<ul>\n<li>Hukuken m\u00fccbir sebep say\u0131lan t\u00fcm durumlarda, ge\u00e7 ifa etme, eksik ifa etme veya ifa etmeme hallerinde DCOM\u2019 un herhangi bir tazminat y\u00fck\u00fcml\u00fcl\u00fc\u011f\u00fc do\u011fmayacakt\u0131r. M\u00fccbir sebep, ilgili taraf\u0131n makul kontrol\u00fc haricinde ve DCOM\u2019 un gerekli \u00f6zeni g\u00f6stermesine ra\u011fmen \u00f6nleyemedi\u011fi olaylar olarak yorumlanacak olup, say\u0131lanlarla s\u0131n\u0131rl\u0131 olmamak \u015fart\u0131yla do\u011fal afet, sava\u015f, yang\u0131n, pandemi, grev, ayaklanma, isyan, k\u00f6t\u00fc hava ko\u015fullar\u0131, altyap\u0131 ve internet ar\u0131zalar\u0131, sisteme ili\u015fkin iyile\u015ftirme veya yenile\u015ftirme \u00e7al\u0131\u015fmalar\u0131 ve bu sebeple meydana gelebilecek her t\u00fcrl\u00fc ar\u0131za, elektrik kesintisi m\u00fccbir sebep hallerindendir.<\/li>\n<\/ul>\n<p>[\/vc_column_text][\/vc_tta_section][vc_tta_section title=&#8221;7- UYGULANACAK HUKUK VE YETK\u0130&#8221; tab_id=&#8221;1604257058343-7a7eaf0d-2cb4&#8243;][vc_column_text]<\/p>\n<ul>\n<li>\u0130\u015fbu s\u00f6zle\u015fmeden kaynakl\u0131 uyu\u015fmazl\u0131klarda, s\u00f6zle\u015fmenin yorumlanmas\u0131nda T\u00fcrk Hukuku uygulan\u0131r. \u0130\u015fbu \u201cKullan\u0131m Ko\u015fullar\u0131\u201dndan do\u011fan veya do\u011fabilecek her t\u00fcrl\u00fc ihtilaf hallerinde Mesafeli sat\u0131\u015f s\u00f6zle\u015fmesi ile yap\u0131lan sat\u0131\u015flar hari\u00e7 olmak \u00fczere \u0130stanbul Mahkemeleri ve icra daireleri yetkilidir.<\/li>\n<\/ul>\n<p>[\/vc_column_text][\/vc_tta_section][vc_tta_section title=&#8221;8- Y\u00dcR\u00dcRL\u00dcK ve KABUL&#8221; tab_id=&#8221;1604257149819-c1ddaa0d-ef5d&#8221;][vc_column_text]<\/p>\n<ul>\n<li>\u0130\u015fbu \u201cKullan\u0131m Ko\u015fullar\u0131\u201d, \u201cDCOM\u201d taraf\u0131ndan \u201cPortal\u201d da yay\u0131nland\u0131\u011f\u0131 tarihte y\u00fcr\u00fcrl\u00fc\u011fe girer. \u201cKullan\u0131c\u0131\u201dlar i\u015fbu \u201dKullan\u0131m Ko\u015fullar\u0131\u201d n\u0131 ve zaman i\u00e7inde yap\u0131lan de\u011fi\u015fiklikleri \u201cPortal\u201d\u0131 kullanmakla kabul etmi\u015f olmaktad\u0131rlar.<\/li>\n<\/ul>\n<p>[\/vc_column_text][\/vc_tta_section][\/vc_tta_accordion][\/vc_column][\/vc_row]<\/p>\n","protected":false},"excerpt":{"rendered":"<p>[vc_row][vc_column width=&#8221;1\/4&#8243;][vc_wp_custommenu nav_menu=&#8221;391&#8243;][\/vc_column][vc_column width=&#8221;3\/4&#8243;][vc_tta_accordion c_icon=&#8221;&#8221; active_section=&#8221;1&#8243;][vc_tta_section title=&#8221;KULLANIM KO\u015eULLARI&#8221; tab_id=&#8221;1604257539757-bcb7bcac-b47b&#8221;][vc_column_text]www.drycleanonlmagazine.com internet sitesini ziyaret ederek ve\/veya var ise ba\u011fl\u0131 mobil uygulamalar\u0131n\u0131 kullanarak (internet sitesi ve\/veya eri\u015fim kuran mobil uygulamalar, bundan b\u00f6yle \u201cPortal\u201d olarak an\u0131lacak olup Portal\u2019 \u0131n ad\u0131 ge\u00e7en ve ba\u011fl\u0131 alt alan adlar\u0131 da \u201cPortal\u201d olarak adland\u0131r\u0131lacak olup hepsi i\u015fbu s\u00f6zle\u015fme kapsam\u0131ndad\u0131r) ve\/veya \u201c\u00dcye\u201d olarak, ba\u011fl\u0131 [&hellip;]<\/p>\n","protected":false},"author":1,"featured_media":0,"parent":0,"menu_order":0,"comment_status":"closed","ping_status":"closed","template":"","meta":[],"_links":{"self":[{"href":"https:\/\/drycleanonlymagazine.com\/beta\/wp-json\/wp\/v2\/pages\/7455"}],"collection":[{"href":"https:\/\/drycleanonlymagazine.com\/beta\/wp-json\/wp\/v2\/pages"}],"about":[{"href":"https:\/\/drycleanonlymagazine.com\/beta\/wp-json\/wp\/v2\/types\/page"}],"author":[{"embeddable":true,"href":"https:\/\/drycleanonlymagazine.com\/beta\/wp-json\/wp\/v2\/users\/1"}],"replies":[{"embeddable":true,"href":"https:\/\/drycleanonlymagazine.com\/beta\/wp-json\/wp\/v2\/comments?post=7455"}],"version-history":[{"count":1,"href":"https:\/\/drycleanonlymagazine.com\/beta\/wp-json\/wp\/v2\/pages\/7455\/revisions"}],"predecessor-version":[{"id":7457,"href":"https:\/\/drycleanonlymagazine.com\/beta\/wp-json\/wp\/v2\/pages\/7455\/revisions\/7457"}],"wp:attachment":[{"href":"https:\/\/drycleanonlymagazine.com\/beta\/wp-json\/wp\/v2\/media?parent=7455"}],"curies":[{"name":"wp","href":"https:\/\/api.w.org\/{rel}","templated":true}]}}