{"id":6561,"date":"2020-11-01T22:06:57","date_gmt":"2020-11-01T19:06:57","guid":{"rendered":"http:\/\/drycleanonlymagazine.com\/beta\/?page_id=6561"},"modified":"2020-11-30T02:19:15","modified_gmt":"2020-11-29T23:19:15","slug":"kullanim-kosullari","status":"publish","type":"page","link":"https:\/\/drycleanonlymagazine.com\/beta\/kullanim-kosullari\/","title":{"rendered":"Kullan\u0131m Ko\u015fullar\u0131"},"content":{"rendered":"<p>[vc_row][vc_column width=&#8221;1\/4&#8243;][vc_wp_custommenu nav_menu=&#8221;391&#8243;][\/vc_column][vc_column width=&#8221;3\/4&#8243;][vc_tta_accordion c_icon=&#8221;&#8221; active_section=&#8221;1&#8243;][vc_tta_section title=&#8221;KULLANIM KO\u015eULLARI&#8221; tab_id=&#8221;1604257539757-bcb7bcac-b47b&#8221;][vc_column_text]<a href=\"http:\/\/www.dryonlmagazine.com\">www.drycleanonlymagazine.com<\/a> internet sitesini ziyaret ederek <em>(internet sitesi ve\/veya eri\u015fim kuran mobil uygulamalar, bundan b\u00f6yle \u201cPortal\u201d olarak an\u0131lacak olup Portal\u2019 \u0131n ad\u0131 ge\u00e7en ve ba\u011fl\u0131 alt alan adlar\u0131 da \u201cPortal\u201d olarak adland\u0131r\u0131lacak olup hepsi i\u015fbu s\u00f6zle\u015fme kapsam\u0131ndad\u0131r) <\/em>ve\/veya \u201c\u00dcye\u201d olarak, ba\u011fl\u0131 oldu\u011funuz yasalara g\u00f6re s\u00f6zle\u015fme imzalama hakk\u0131na, yetkisine ve hukuki ehliyetine sahip ve 18 ya\u015f\u0131n \u00fczerinde oldu\u011funuzu, i\u015fbu Kullan\u0131m Ko\u015fullar\u0131&#8217;n\u0131 okudu\u011funuzu, i\u00e7eri\u011fini tamamen anlad\u0131\u011f\u0131n\u0131z\u0131, \u201cKullan\u0131m Ko\u015fullar\u0131\u201dnda belirtilen ve Portal\u2019 a girmenizden ve kald\u0131\u011f\u0131n\u0131z s\u00fcre boyunca i\u015fbu kullan\u0131m ko\u015fullar\u0131n\u0131n t\u00fcm hususlar\u0131n\u0131 kay\u0131ts\u0131z ve \u015farts\u0131z olarak kabul etti\u011finizi, Portal\u2019 da belirtilen t\u00fcm hususlarla ilgili olarak herhangi bir itiraz ve defi ileri s\u00fcrmeyece\u011finizi kabul, beyan ve taahh\u00fct etmi\u015f olursunuz.<\/p>\n<p><strong><u>\u0130\u015fbu s\u00f6zle\u015fme Portal\u2019da DCOM taraf\u0131ndan yay\u0131mlanm\u0131\u015f Kullan\u0131m Ko\u015fullar\u0131, \u00c7erez Politikalar\u0131, Ki\u015fisel Verilere \u0130li\u015fkin Ayd\u0131nlatma Metni ve di\u011fer metinlerle ihtiya\u00e7 duyuldu\u011fu \u00f6l\u00e7\u00fcde birbirlerinin tamamlay\u0131c\u0131s\u0131 olarak yorumlan\u0131r.<\/u><\/strong>[\/vc_column_text][\/vc_tta_section][vc_tta_section title=&#8221;1 &#8211; S\u00d6ZLE\u015eMEN\u0130N TARAFLARI&#8221; tab_id=&#8221;1481857175930-ca6ee987-3609&#8243;][vc_column_text]<\/p>\n<ul>\n<li>\u0130\u015fbu Portal\u2019 \u0131n sahibi \u201cTe\u015fvi\u0307ki\u0307ye Mah. H\u00fcsrev Gerede Cad. Tani\u0307n Apt.No:88\/8 \u015ei\u0307\u015fli\u0307\/ \u0130stanbul\u201d adresinde mukim O\u011fuz Erel Sti\u0307l Dani\u015fmanlik Li\u0307mi\u0307ted \u015ei\u0307rketi\u0307 (bundan b\u00f6yle k\u0131saca &#8220;DCOM&#8221; olarak an\u0131lacakt\u0131r)\u2019dir. Portal\u2019 da sunulan ve i\u015fbu Kullan\u0131m Ko\u015fullar\u0131\u2019 n\u0131n 3. maddesinde belirtilen hizmetler, &#8220;DCOM&#8221; taraf\u0131ndan sa\u011flanmaktad\u0131r.<\/li>\n<li>\u0130\u015fbu s\u00f6zle\u015fmenin di\u011fer taraf\u0131 ise Portal\u2019 a eri\u015fim sa\u011flayan Kullan\u0131c\u0131lard\u0131r.<\/li>\n<\/ul>\n<p>[\/vc_column_text][\/vc_tta_section][vc_tta_section title=&#8221;2- TANIMLAR&#8221; tab_id=&#8221;1481863262422-22d60968-4e9d&#8221;][vc_column_text]<\/p>\n<ul>\n<li><strong>\u201cPortal\u201d:<\/strong><a href=\"http:\/\/www.dryonlmagazine.com\">drycleanonlmagazine.com<\/a> isimli alan ad\u0131ndan ve bu alan ad\u0131na ba\u011fl\u0131 alt alan adlar\u0131ndan olu\u015fan DCOM\u2019 un Hizmetlerini sundu\u011fu internet sitesi ve varsa mobil uygulamalar\u0131.<\/li>\n<li><strong>\u201cKullan\u0131c\u0131\u201d:\u00a0<\/strong>Portal\u2019 a eri\u015fen ki\u015fi.<\/li>\n<li><strong>\u201cZiyaret\u00e7i\u201d:<\/strong> \u00dcye olmadan Portal\u2019a eri\u015fim sa\u011flayan ki\u015fi<\/li>\n<li><strong>\u201c\u00dcye\u201d:<\/strong>Portal\u2019 a \u00fcye olan ve Portal dahilinde sunulan hizmetlerden i\u015fbu s\u00f6zle\u015fmede belirtilen ko\u015fullar ve \u201c\u00dcyelik S\u00f6zle\u015fmesi\u201d kapsam\u0131nda yararlanan her ger\u00e7ek veya t\u00fczel ki\u015fi.<\/li>\n<li><strong>\u201c\u00dcyelik\u201d:<\/strong>\u00dcye olmak isteyen kullan\u0131c\u0131n\u0131n, Portal\u2019 daki \u00fcyelik formunu do\u011fru ve ger\u00e7ek bilgilerle doldurmas\u0131, verdi\u011fi ki\u015fisel bilgilerinin DCOM\u2019 a beyan ederek ve \u00dcyelik S\u00f6zle\u015fmesini onaylanarak\u00a0 kazan\u0131lan stat\u00fcd\u00fcr.<\/li>\n<li><strong>&#8221; \u00dcyelik Hesab\u0131&#8221;:<\/strong>\u00dcye\u2019nin Portal i\u00e7erisinde sunulan hizmetlerden yararlanmak i\u00e7in gerekli olan i\u015f ve i\u015flemleri ger\u00e7ekle\u015ftirdi\u011fi, e\u011fer var ise \u00dcyelik\u2019 le ilgili konularda DCOM\u2019a talepte bulundu\u011fu, e\u011fer sunulu ise \u00dcyelik bilgilerini g\u00fcncelleyip, sunulan hizmetlerle ilgili raporlama verildi\u011fi takdirde g\u00f6r\u00fcnt\u00fcleyebildi\u011fi, \u00fcr\u00fcn sat\u0131n alma yapabildi\u011fi, kendisinin belirledi\u011fi ve m\u00fcnhas\u0131ran kendisi taraf\u0131ndan kullan\u0131lan &#8220;kullan\u0131c\u0131 ad\u0131&#8221; ve &#8220;\u015fifre&#8221; ile Portal \u00fczerinden eri\u015fti\u011fi \u00dcye\u2019 ye \u00f6zel internet sayfalar\u0131 \u00f6zel b\u00f6l\u00fcm\u00fc.<\/li>\n<li><strong>\u201cDCOM Hizmetleri\u201d (&#8220;Hizmet&#8221;):<\/strong>Portal\u2019a eri\u015fen t\u00fcm kullan\u0131c\u0131lar DCOM taraf\u0131ndan sunulan modan\u0131n nabz\u0131n\u0131 tutan haber ve yenilikleri eri\u015fimlerinin yan\u0131nda \u00dcyelerin online dergi, bas\u0131l\u0131 dergi, tekstil \u00fcr\u00fcnleri ve zaman i\u00e7erisinde yay\u0131nlanan di\u011fer \u00fcr\u00fcnleri sat\u0131n alabilecekleri hizmetleri kapsamaktad\u0131r.<\/li>\n<li><strong>\u201c\u0130\u00e7erik\u201d:\u00a0<\/strong>Portal\u2019 da yay\u0131nlanan ve eri\u015fimi m\u00fcmk\u00fcn olan her t\u00fcrl\u00fc bilgi, yaz\u0131, dosya, resim, video, rakam vb. g\u00f6rsel, yaz\u0131msal ve i\u015fitsel imgeler.<\/li>\n<li><strong>\u201cAPI\u201d:\u00a0<\/strong>DCOM taraf\u0131ndan olu\u015fturulan ve belirli i\u015flevselliklerin sa\u011flanmas\u0131 i\u00e7in tasarlanm\u0131\u015f Uygulama Programlama Arabirimi (Application Programming Interface), ba\u011flant\u0131l\u0131 belgeler (elektronik \u015fekilde olanlar dahil), protokoller ve buna ili\u015fkin ilerideki s\u00fcr\u00fcmler, iyile\u015ftirmeler, geli\u015ftirmeler, programlama d\u00fczeltmeleri, g\u00fcncellemeler ve y\u00fckseltmeler. \u00dcyelik a\u015famas\u0131nda Facebook, Google senkronizasyonu, Twitter ve Instagram da bu tan\u0131mlamaya dahildir.<\/li>\n<li><strong>&#8220;DCOM Aray\u00fcz\u00fc&#8221; :<\/strong>DCOM taraf\u0131ndan olu\u015fturulan i\u00e7eri\u011fin Kullan\u0131c\u0131lar taraf\u0131ndan g\u00f6r\u00fcnt\u00fclenebilmesi ve DCOM Veritaban\u0131\u2019 \u0131ndan sorgulanabilmesi amac\u0131yla Kullan\u0131c\u0131\u2019 lar taraf\u0131ndan kullan\u0131lan; 5846 Say\u0131l\u0131 Fikir ve Sanat Eserleri Kanunu kapsam\u0131nda korunan ve t\u00fcm fikri haklar\u0131 DCOM\u2019 a ait olan tasar\u0131mlar i\u00e7erisinde Portal \u00fczerinden yap\u0131labilecek her t\u00fcrl\u00fc i\u015flemin ger\u00e7ekle\u015ftirilmesi i\u00e7in bilgisayar program\u0131na komut veren internet sayfalar\u0131.<\/li>\n<li><strong>\u201cDCOM Veritaban\u0131\u201d :\u00a0<\/strong>Portal dahilinde s\u0131n\u0131rl\u0131 eri\u015fimler sa\u011flayabilen, i\u00e7eriklerin depoland\u0131\u011f\u0131, tasnif edildi\u011fi, sorgulanabildi\u011fi ve eri\u015filebildi\u011fi DCOM\u2019 a ait olan 5846 Say\u0131l\u0131 Fikir ve Sanat Eserleri Kanunu ve sair di\u011fer kanunlar gere\u011fince korunan veritaban\u0131d\u0131r.<\/li>\n<li><\/li>\n<\/ul>\n<p>[\/vc_column_text][\/vc_tta_section][vc_tta_section title=&#8221;3- DCOM H\u0130ZMETLER\u0130&#8221; tab_id=&#8221;1481857175977-98a95267-1450&#8243;][vc_column_text]<\/p>\n<ul>\n<li>\u00dcye olma zorunlulu\u011fu olmadan Portal\u2019da yay\u0131nlanan, yaz\u0131l\u0131, g\u00f6rsel, ve\/veya sesli i\u00e7erik t\u00fcm ziyaret\u00e7iler taraf\u0131ndan g\u00f6r\u00fcnt\u00fclenebilir. Bunun yan\u0131nda, Portal i\u00e7erisinde sat\u0131lan veya sat\u0131lacak dijital dergi, bas\u0131l\u0131 dergi, tekstil \u00fcr\u00fcnleri, dergilere abone olma haklar\u0131 sadece \u00fcye olan kullan\u0131c\u0131lara sunulmu\u015ftur. Bunun yan\u0131nda portal \u00fczerinde zaman i\u00e7inde DCOM\u2019nin kendisine ait marka \u00fcr\u00fcnlerinin ve\/veya di\u011fer markal\u0131 \u00fcr\u00fcnlerin sat\u0131\u015f\u0131 s\u00f6z konusu olabilecektir.<\/li>\n<li><\/li>\n<\/ul>\n<p>[\/vc_column_text][\/vc_tta_section][vc_tta_section title=&#8221;4- WEB S\u0130TES\u0130 KULLANIMINA \u0130L\u0130\u015eK\u0130N HAKLAR VE Y\u00dcK\u00dcML\u00dcL\u00dcKLER&#8221; tab_id=&#8221;1481858076393-6199bff5-308a&#8221;][vc_column_text]<\/p>\n<ul>\n<li>\u00dcye kullan\u0131c\u0131lar ilgili \u00dcyelik S\u00f6zle\u015fmesi ve Ki\u015fisel Verilere \u0130li\u015fkin Ayd\u0131nlatma Metni\u2019 ne tabidirler. Bunlar haricinde Ziyaret\u00e7ilerin herhangi bir ki\u015fisel verisi kay\u0131t alt\u0131na al\u0131n\u0131p i\u015flenmemektedir. Ziyaret\u00e7iler de dahil olmak \u00fczere t\u00fcm Kullan\u0131c\u0131lar\u0131n \u00c7erez politikalar\u0131 kapsam\u0131nda toplanan ki\u015fisel verileri ile e\u015fle\u015fmeyen anonim olarak toplanan bilgiler m\u00fc\u015fteri memnuniyetinin geli\u015ftirilmesi kapsam\u0131nda anonim olarak ve genel \u015fekilde analiz i\u00e7in DCOM taraf\u0131ndan ilgili uygulamalar arac\u0131l\u0131\u011f\u0131 ile kullan\u0131labilir. Bu konudaki ayr\u0131nt\u0131l\u0131 bilgiyi <a href=\"https:\/\/docs.google.com\/document\/d\/1KNJHDxlNhnHcllEzZK4cfV5TjnaHrOMTWmqouu0x6iA\/edit\">\u00c7erez Politikalar\u0131<\/a> metninden ula\u015fabilirsiniz. \u00dcyelik i\u015flemleri s\u0131ras\u0131nda\u00a0 \u00dcyelerin beyan etmi\u015f oldu\u011fu ki\u015fisel bilgileri s\u00f6zle\u015fmelerin kurulmas\u0131nda ki zorunluluklar ve i\u015fin ifas\u0131 gere\u011fi 6698 say\u0131l\u0131 Ki\u015fisel Verilerin Korunmas\u0131 Kanunu\u2019 na (KVKK) uygun olarak saklan\u0131p, i\u015flenecek olup \u00fcyelik iptali ile veya gerekli durumlarda silinecektir. Ki\u015fisel verilerinizin hangi ama\u00e7la i\u015flendi\u011fi, veri toplama, di\u011fer haklar\u0131n\u0131z gibi t\u00fcm bilgilere \u201c<a href=\"https:\/\/docs.google.com\/document\/d\/10II7ofmpmy4SsccNzH0OkymUEkvDFOLCClXd5EA4kPE\/edit?usp=sharing\">Ayd\u0131nlatma Metni<\/a>\u201d nden ula\u015fabilirsiniz.<\/li>\n<li>Kullan\u0131c\u0131lar hukuka uygun ama\u00e7larla Portal \u00fczerinde i\u015flem yapabilirler. Kullan\u0131c\u0131\u2019 lar\u0131n Portal dahilinde yapt\u0131\u011f\u0131 her i\u015flem ve eylemdeki hukuki ve cezai sorumluluk kullan\u0131c\u0131lar\u0131n kendilerine ait olacak olup, s\u00f6z konusu hukuki ve cezai y\u00fck\u00fcml\u00fcl\u00fcklerle ilgili DCOM\u2019 un herhangi bir sorumlulu\u011fu bulunmad\u0131\u011f\u0131n\u0131 \u201cKullan\u0131c\u0131\u201d kabul, beyan ve taahh\u00fct etmektedir.<\/li>\n<li>Kullan\u0131c\u0131lar, Portal d\u00e2hilinde ilgili mevzuat uyar\u0131nca haks\u0131z rekabete yol a\u00e7acak faaliyetlerde bulunmayaca\u011f\u0131n\u0131, DCOM\u2019 un ve \u00fc\u00e7\u00fcnc\u00fc ki\u015filerin \u015fahsi ve ticari itibar\u0131n\u0131 sarsacak, ki\u015filik haklar\u0131na tecav\u00fcz veya taarruz edecek fiilleri ger\u00e7ekle\u015ftirmeyece\u011fini, mevzuata, kamu d\u00fczenine ve genel ahlak kurallar\u0131na uygun hareket edece\u011fini, mevzuat\u0131n gerektirdi\u011fi \u00f6nlemleri alaca\u011f\u0131n\u0131 ve prosed\u00fcrleri yerine getirece\u011fini, yasad\u0131\u015f\u0131, su\u00e7 te\u015fkil edecek, rahats\u0131z edici, ki\u015filik haklar\u0131na zarar verici, fikri haklara, telif haklar\u0131na, marka haklar\u0131na ve m\u00fclkiyet haklar\u0131na tecav\u00fcz edici tutum ve davran\u0131\u015flarda bulunmayaca\u011f\u0131n\u0131 kabul ve taahh\u00fct etmektedir.<\/li>\n<li>DCOM yay\u0131nlam\u0131\u015f oldu\u011fu i\u015fbu s\u00f6zle\u015fme ve tamamlay\u0131c\u0131 di\u011fer metinler kapsam\u0131nda i\u00e7erik hizmetlerini ve \u00fcr\u00fcn sat\u0131\u015flar\u0131n\u0131 yapmaktad\u0131r. Bunlar d\u0131\u015f\u0131nda bir ama\u00e7la veri taban\u0131 \u00fczerinden belirli bir say\u0131da veya b\u00fct\u00fcn\u00fcne y\u00f6nelik olarak belgelere ula\u015f\u0131lmaya \u00e7al\u0131\u015f\u0131lmas\u0131,\u00a0m\u00fc\u015fteri bilgilerinin, tasar\u0131mlar\u0131n\u0131n, kod ve yaz\u0131l\u0131mlar\u0131n\u0131n, veri taban\u0131nda yer alan bilgilerinin\u00a0k\u0131smen veya tamamen kopyalanmas\u0131, bunlar\u0131n ba\u015fka mecralarda do\u011frudan veya dolayl\u0131 olarak yay\u0131nlanmas\u0131, derlenmesi, i\u015flenmesi, de\u011fi\u015ftirilmesi, ba\u015fka veritabanlar\u0131na aktar\u0131lmas\u0131, bu veritaban\u0131ndan \u00fc\u00e7\u00fcnc\u00fc ki\u015filerin eri\u015fimine ve kullan\u0131m\u0131na a\u00e7\u0131lmas\u0131, Portal \u00fczerindeki t\u00fcm \u0130\u00e7eriklerin linkinin verilmesi de d\u00e2hil olmak \u00fczere benzer fiilleri DCOM taraf\u0131ndan izin verilmemekte olup bunlar\u0131n izinsiz yap\u0131lmas\u0131 su\u00e7 te\u015fkil etmektedir. Bunun yan\u0131nda Portal\u2019 \u0131n b\u00fct\u00fcn\u00fcn\u00fcn veya herhangi bir b\u00f6l\u00fcm\u00fcn\u00fcn bozma, de\u011fi\u015ftirme, tersine m\u00fchendislik metoduyla veya farkl\u0131 herhangi bir metodla API protokollerinin k\u0131r\u0131lmaya \u00e7al\u0131\u015f\u0131lmas\u0131 ve API anahtar\u0131, API gizli anahtar\u0131, istek ba\u015fl\u0131klar\u0131, istemci do\u011frulama algoritmas\u0131 gibi parametrelere izinsiz olarak ula\u015f\u0131lmas\u0131 veya bu parametrelerin izinsiz olarak \u00fc\u00e7\u00fcnc\u00fc ki\u015filerle payla\u015f\u0131lmas\u0131, Portal\u2019 \u0131n ileti\u015fim veya teknik sistemleri engelleyen, bozan ya da sistemlere m\u00fcdahale eder bir \u015fekilde Site\u2019 ye eri\u015fim sa\u011flanmaya \u00e7al\u0131\u015f\u0131lmas\u0131, Site \u00fczerinde otomatik program, robot, \u00f6r\u00fcmcek, web crawler, \u00f6r\u00fcmcek, veri madencili\u011fi (data mining), veri taramas\u0131 (data crawling) vb. screen scraping yaz\u0131l\u0131mlar\u0131 veya sistemleri, otomatik aletler ya da manuel s\u00fcre\u00e7ler kullan\u0131lmas\u0131, di\u011fer kullan\u0131c\u0131lar\u0131n verilerine veya yaz\u0131l\u0131mlar\u0131na izinsiz olarak ula\u015f\u0131lmas\u0131, Kullan\u0131c\u0131lar\u2019 \u0131n ba\u015fkalar\u0131n\u0131n hizmetleri kullanmas\u0131n\u0131 \u00f6nleyici veya zorla\u015ft\u0131r\u0131c\u0131 faaliyet (spam, virus, truva at\u0131, DDOS vb.) ve i\u015flemler de bulunmas\u0131, Portal\u2019daki i\u00e7eri\u011fin Kullan\u0131m Ko\u015fullar\u0131 di\u011fer tamamlay\u0131c\u0131 mevzuat h\u00fck\u00fcmlerine ve yasal mevzuat h\u00fck\u00fcmleri d\u0131\u015f\u0131nda kullan\u0131lmas\u0131, \u0130\u015fbu \u015fartlara ve yasalara ayk\u0131r\u0131 kullan\u0131m\u0131n tespiti halinde;\u00a0 hukuka ayk\u0131r\u0131 i\u015flem say\u0131l\u0131p, DCOM\u2019 un maddi-manevi tazminat talepleri, t\u00fcm cezai, adli\u00a0 dava ve takip haklar\u0131 sakl\u0131d\u0131r. DCOM, Kullan\u0131c\u0131\u2019 y\u0131 yetkili makamlara bildirme hakk\u0131na sahiptir. Kullan\u0131c\u0131 bu izinsiz kullan\u0131mlar sonucu olu\u015fan zarar ve taleplerden bizzat sorumlu oldu\u011funu kabul etmektedir.<\/li>\n<li>DCOM,\u00a0i\u015fbu Kullan\u0131m Ko\u015fullar\u0131\u2019 n\u0131, Portal\u2019 da yer alan her t\u00fcr bilgi, \u0130\u00e7erik, fiyatland\u0131rmay\u0131, sunulan hizmetleri\u00a0\u00a0Kullan\u0131c\u0131\u2019 ya herhangi bir ihbar veya\u00a0bildirimde bulunmadan diledi\u011fi zaman de\u011fi\u015ftirme, kald\u0131rma, azaltma, \u00e7o\u011faltma, \u00fc\u00e7\u00fcnc\u00fc ki\u015filerin eri\u015fimine kapatabilme ve silme hakk\u0131n\u0131 sakl\u0131 tutmaktad\u0131r. Bu de\u011fi\u015fiklikler periyodik olarak <a href=\"http:\/\/www.dryonlmagazine.com\">drycleanonlmagazine.com<\/a> \u2018da yay\u0131mlanacak ve yay\u0131mland\u0131\u011f\u0131 tarihte\u00a0ge\u00e7erli\u00a0olacakt\u0131r. Portal\u2019 a eri\u015fim sa\u011flayan her ger\u00e7ek veya t\u00fczel ki\u015fi Kullan\u0131m Ko\u015fullar\u0131&#8217;n\u0131 ve DCOM taraf\u0131ndan i\u015fbu Kullan\u0131m Ko\u015fullar\u0131\u2019 nda\u00a0yap\u0131lan her de\u011fi\u015fikli\u011fi kabul etmi\u015f say\u0131lmaktad\u0131r.\u00a0\u0130\u015fbu Kullan\u0131m Ko\u015fullar\u0131 \u201cwww.drycleanonlymagazine.com\u201d internet sitesi \u00fczerinden yay\u0131mlanarak; Portal\u2019 \u0131 kullanan her ki\u015fi taraf\u0131ndan eri\u015fimi m\u00fcmk\u00fcn k\u0131l\u0131nm\u0131\u015ft\u0131r.<\/li>\n<li>DCOM zaman i\u00e7inde \u00fcyelerine di\u011fer kullan\u0131c\u0131lara nazaran indirimler kampanyalar sa\u011flayabilir ve bunlar\u0131 diledi\u011fi zaman kald\u0131rabilir.Yine verdi\u011fi \u00fcr\u00fcnlerin fiyatlar\u0131nda de\u011fi\u015fiklik yapma hakk\u0131n\u0131 sakl\u0131 tutar. Bir kampanyadan veya indirimden yararlanan \u00dcye bu hakk\u0131, Portal\u2019\u0131n izin verdi\u011fi ko\u015ful ve zaman i\u00e7inde kullanabilir.<\/li>\n<\/ul>\n<p>[\/vc_column_text][\/vc_tta_section][vc_tta_section title=&#8221;5- F\u0130KR\u0130 M\u00dcLK\u0130YET HAKLARI&#8221; tab_id=&#8221;1604256985641-2e7763c3-05b3&#8243;][vc_column_text]<\/p>\n<ul>\n<li>\u0130\u015fbu Portal dahilinde eri\u015filen, bu Portal\u2019 \u0131n veritaban\u0131, aray\u00fcz\u00fc, tasar\u0131m, metin, g\u00f6rseller, imge, logo, html kodu ve di\u011fer kodlar gibi (bunlarla s\u0131n\u0131rl\u0131 olmamak kayd\u0131yla) t\u00fcm elemanlar\u0131 DCOM ad\u0131na kay\u0131tl\u0131, kullan\u0131m pazarlama haklar\u0131 al\u0131nm\u0131\u015f olsun veya hen\u00fcz sertifikalanmam\u0131\u015f yenilik dahi \u201ctelif haklar\u0131, sat\u0131\u015f pazarlama\u201d haklar\u0131 DCOM\u2019 a aittir.<\/li>\n<li>Kullan\u0131c\u0131lar, DCOM\u2019 un sunmu\u015f oldu\u011fu s\u00fcreli yay\u0131nlar\u0131n ve di\u011fer \u00fcr\u00fcnlerin kapak foto\u011fraflar\u0131n\u0131, tasar\u0131mlar\u0131n\u0131, kataloglar\u0131 vb. bilgilerini ve Portal\u2019 \u0131n t\u00fcm i\u00e7eri\u011fini (bunlarla s\u0131n\u0131rl\u0131 olmamak kayd\u0131yla; her t\u00fcrl\u00fc resim, metin, makale, g\u00f6rsel ve i\u015fitsel imgeleri, dosyalar\u0131, veri tabanlar\u0131, kod yap\u0131lar\u0131, listelerin) do\u011frudan veya dolayl\u0131 olarak, kar amac\u0131 g\u00fctmeden veya ticari ama\u00e7la, yeniden satmak, i\u015flemek, kopyalamak, \u00e7o\u011faltmak, at\u0131f yapmadan payla\u015fmak, da\u011f\u0131tmak, sergilemek\u00a0 hakk\u0131na sahip de\u011fildirler.<\/li>\n<li><\/li>\n<\/ul>\n<p>[\/vc_column_text][\/vc_tta_section][vc_tta_section title=&#8221;6- M\u00dcCB\u0130R SEBEPLER&#8221; tab_id=&#8221;1604257018252-cbe86d0d-25cb&#8221;][vc_column_text]<\/p>\n<ul>\n<li>Hukuken m\u00fccbir sebep say\u0131lan t\u00fcm durumlarda, ge\u00e7 ifa etme, eksik ifa etme veya ifa etmeme hallerinde DCOM\u2019 un herhangi bir tazminat y\u00fck\u00fcml\u00fcl\u00fc\u011f\u00fc do\u011fmayacakt\u0131r. M\u00fccbir sebep, ilgili taraf\u0131n makul kontrol\u00fc haricinde ve DCOM\u2019 un gerekli \u00f6zeni g\u00f6stermesine ra\u011fmen \u00f6nleyemedi\u011fi olaylar olarak yorumlanacak olup, say\u0131lanlarla s\u0131n\u0131rl\u0131 olmamak \u015fart\u0131yla do\u011fal afet, sava\u015f, yang\u0131n, pandemi, grev, ayaklanma, isyan, k\u00f6t\u00fc hava ko\u015fullar\u0131, altyap\u0131 ve internet ar\u0131zalar\u0131, sisteme ili\u015fkin iyile\u015ftirme veya yenile\u015ftirme \u00e7al\u0131\u015fmalar\u0131 ve bu sebeple meydana gelebilecek her t\u00fcrl\u00fc ar\u0131za, elektrik kesintisi, eri\u015fim problemleri, \u00fcr\u00fcn tesliminde gecikmeler m\u00fccbir sebep hallerindendir.<\/li>\n<li><\/li>\n<\/ul>\n<p>[\/vc_column_text][\/vc_tta_section][vc_tta_section title=&#8221;7- UYGULANACAK HUKUK VE YETK\u0130&#8221; tab_id=&#8221;1604257058343-7a7eaf0d-2cb4&#8243;][vc_column_text]<\/p>\n<ul>\n<li>\u0130\u015fbu s\u00f6zle\u015fmeden kaynakl\u0131 uyu\u015fmazl\u0131klarda, s\u00f6zle\u015fmenin yorumlanmas\u0131nda T\u00fcrk Hukuku uygulan\u0131r. \u0130\u015fbu \u201cKullan\u0131m Ko\u015fullar\u0131\u201dndan do\u011fan veya do\u011fabilecek her t\u00fcrl\u00fc ihtilaf hallerinde Mesafeli S\u00f6zle\u015fmeler ile yap\u0131lan sat\u0131\u015flar hari\u00e7 olmak \u00fczere \u0130stanbul Mahkemeleri ve icra daireleri yetkilidir.<\/li>\n<li><\/li>\n<\/ul>\n<p>[\/vc_column_text][\/vc_tta_section][vc_tta_section title=&#8221;8- Y\u00dcR\u00dcRL\u00dcK ve KABUL&#8221; tab_id=&#8221;1604257149819-c1ddaa0d-ef5d&#8221;][vc_column_text]<\/p>\n<ul>\n<li>\u0130\u015fbu Kullan\u0131m Ko\u015fullar\u0131, DCOM taraf\u0131ndan Portalda yay\u0131mland\u0131\u011f\u0131 tarihte y\u00fcr\u00fcrl\u00fc\u011fe girer. Kullan\u0131c\u0131lar i\u015fbu Kullan\u0131m Ko\u015fullar\u0131n\u0131 ve zaman i\u00e7inde yap\u0131lan de\u011fi\u015fiklikleri Portal\u0131 kullanmakla kabul etmi\u015f olmaktad\u0131rlar.<\/li>\n<li><\/li>\n<\/ul>\n<p>[\/vc_column_text][\/vc_tta_section][\/vc_tta_accordion][\/vc_column][\/vc_row]<\/p>\n","protected":false},"excerpt":{"rendered":"<p>[vc_row][vc_column width=&#8221;1\/4&#8243;][vc_wp_custommenu nav_menu=&#8221;391&#8243;][\/vc_column][vc_column width=&#8221;3\/4&#8243;][vc_tta_accordion c_icon=&#8221;&#8221; active_section=&#8221;1&#8243;][vc_tta_section title=&#8221;KULLANIM KO\u015eULLARI&#8221; tab_id=&#8221;1604257539757-bcb7bcac-b47b&#8221;][vc_column_text]www.drycleanonlymagazine.com internet sitesini ziyaret ederek (internet sitesi ve\/veya eri\u015fim kuran mobil uygulamalar, bundan b\u00f6yle \u201cPortal\u201d olarak an\u0131lacak olup Portal\u2019 \u0131n ad\u0131 ge\u00e7en ve ba\u011fl\u0131 alt alan adlar\u0131 da \u201cPortal\u201d olarak adland\u0131r\u0131lacak olup hepsi i\u015fbu s\u00f6zle\u015fme kapsam\u0131ndad\u0131r) ve\/veya \u201c\u00dcye\u201d olarak, ba\u011fl\u0131 oldu\u011funuz yasalara g\u00f6re s\u00f6zle\u015fme imzalama hakk\u0131na, yetkisine [&hellip;]<\/p>\n","protected":false},"author":1,"featured_media":0,"parent":0,"menu_order":0,"comment_status":"closed","ping_status":"closed","template":"","meta":[],"_links":{"self":[{"href":"https:\/\/drycleanonlymagazine.com\/beta\/wp-json\/wp\/v2\/pages\/6561"}],"collection":[{"href":"https:\/\/drycleanonlymagazine.com\/beta\/wp-json\/wp\/v2\/pages"}],"about":[{"href":"https:\/\/drycleanonlymagazine.com\/beta\/wp-json\/wp\/v2\/types\/page"}],"author":[{"embeddable":true,"href":"https:\/\/drycleanonlymagazine.com\/beta\/wp-json\/wp\/v2\/users\/1"}],"replies":[{"embeddable":true,"href":"https:\/\/drycleanonlymagazine.com\/beta\/wp-json\/wp\/v2\/comments?post=6561"}],"version-history":[{"count":8,"href":"https:\/\/drycleanonlymagazine.com\/beta\/wp-json\/wp\/v2\/pages\/6561\/revisions"}],"predecessor-version":[{"id":7519,"href":"https:\/\/drycleanonlymagazine.com\/beta\/wp-json\/wp\/v2\/pages\/6561\/revisions\/7519"}],"wp:attachment":[{"href":"https:\/\/drycleanonlymagazine.com\/beta\/wp-json\/wp\/v2\/media?parent=6561"}],"curies":[{"name":"wp","href":"https:\/\/api.w.org\/{rel}","templated":true}]}}