{"id":6371,"date":"2020-10-18T14:21:22","date_gmt":"2020-10-18T11:21:22","guid":{"rendered":"http:\/\/drycleanonlymagazine.com\/beta\/?page_id=6371"},"modified":"2020-11-29T19:08:35","modified_gmt":"2020-11-29T16:08:35","slug":"iletisim","status":"publish","type":"page","link":"https:\/\/drycleanonlymagazine.com\/beta\/iletisim\/","title":{"rendered":"\u0130LET\u0130\u015e\u0130M"},"content":{"rendered":"<p>[vc_row css=&#8221;.vc_custom_1603058627991{margin-top: 80px !important;}&#8221;][vc_column][vc_empty_space height=&#8221;20&#8243;][vc_custom_heading text=&#8221;Contact detail&#8221; font_container=&#8221;tag:h2|font_size:34px|text_align:center|color:%23333333|line_height:34px&#8221; use_theme_fonts=&#8221;&#8221; google_fonts=&#8221;font_family:Poppins%3A300%2Cregular%2C500%2C600%2C700|font_style:400%20regular%3A400%3Anormal&#8221;][vc_empty_space height=&#8221;20&#8243;][vc_column_text]<\/p>\n<h6 style=\"text-align: center;\">Sorman\u0131z gereken \u00f6nemli bir sorunuz mu var? E-posta yoluyla bizimle ileti\u015fime ge\u00e7mekten \u00e7ekinmeyin.<\/h6>\n<p>[\/vc_column_text][\/vc_column][\/vc_row][vc_row][vc_column][vc_row_inner][vc_column_inner width=&#8221;1\/3&#8243; css=&#8221;.vc_custom_1512964968298{padding-top: 30px !important;}&#8221;][\/vc_column_inner][vc_column_inner width=&#8221;1\/3&#8243; css=&#8221;.vc_custom_1512964978404{padding-top: 30px !important;}&#8221;][amely_icon_box style=&#8221;center&#8221; v_align=&#8221;middle&#8221; title=&#8221;EMAIL&#8221; title_font_size=&#8221;16&#8243; content_font_size=&#8221;15&#8243; type=&#8221;pe7stroke&#8221; icon_pe7stroke=&#8221;pe-7s-mail&#8221; icon_font_size=&#8221;56&#8243; icon_color=&#8221;#e0e0e0&#8243;]<a href=\"mailto:info@drycleanonlymagazine.com\">info@drycleanonlymagazine.com<\/a>[\/amely_icon_box][\/vc_column_inner][vc_column_inner width=&#8221;1\/3&#8243; css=&#8221;.vc_custom_1512964985829{padding-top: 30px !important;}&#8221;][\/vc_column_inner][\/vc_row_inner][amely_space height=&#8221;100&#8243; height_lg=&#8221;80&#8243; height_md=&#8221;70&#8243; height_sm=&#8221;60&#8243; height_xs=&#8221;50&#8243;][\/vc_column][\/vc_row]<\/p>\n","protected":false},"excerpt":{"rendered":"<p>[vc_row css=&#8221;.vc_custom_1603058627991{margin-top: 80px !important;}&#8221;][vc_column][vc_empty_space height=&#8221;20&#8243;][vc_custom_heading text=&#8221;Contact detail&#8221; font_container=&#8221;tag:h2|font_size:34px|text_align:center|color:%23333333|line_height:34px&#8221; use_theme_fonts=&#8221;&#8221; google_fonts=&#8221;font_family:Poppins%3A300%2Cregular%2C500%2C600%2C700|font_style:400%20regular%3A400%3Anormal&#8221;][vc_empty_space height=&#8221;20&#8243;][vc_column_text] Sorman\u0131z gereken \u00f6nemli bir sorunuz mu var? E-posta yoluyla bizimle ileti\u015fime ge\u00e7mekten \u00e7ekinmeyin. [\/vc_column_text][\/vc_column][\/vc_row][vc_row][vc_column][vc_row_inner][vc_column_inner width=&#8221;1\/3&#8243; css=&#8221;.vc_custom_1512964968298{padding-top: 30px !important;}&#8221;][\/vc_column_inner][vc_column_inner width=&#8221;1\/3&#8243; css=&#8221;.vc_custom_1512964978404{padding-top: 30px !important;}&#8221;][amely_icon_box style=&#8221;center&#8221; v_align=&#8221;middle&#8221; title=&#8221;EMAIL&#8221; title_font_size=&#8221;16&#8243; content_font_size=&#8221;15&#8243; type=&#8221;pe7stroke&#8221; icon_pe7stroke=&#8221;pe-7s-mail&#8221; icon_font_size=&#8221;56&#8243; icon_color=&#8221;#e0e0e0&#8243;]info@drycleanonlymagazine.com[\/amely_icon_box][\/vc_column_inner][vc_column_inner width=&#8221;1\/3&#8243; css=&#8221;.vc_custom_1512964985829{padding-top: 30px !important;}&#8221;][\/vc_column_inner][\/vc_row_inner][amely_space height=&#8221;100&#8243; height_lg=&#8221;80&#8243; height_md=&#8221;70&#8243; height_sm=&#8221;60&#8243; height_xs=&#8221;50&#8243;][\/vc_column][\/vc_row]<\/p>\n","protected":false},"author":1,"featured_media":0,"parent":0,"menu_order":0,"comment_status":"closed","ping_status":"closed","template":"","meta":[],"_links":{"self":[{"href":"https:\/\/drycleanonlymagazine.com\/beta\/wp-json\/wp\/v2\/pages\/6371"}],"collection":[{"href":"https:\/\/drycleanonlymagazine.com\/beta\/wp-json\/wp\/v2\/pages"}],"about":[{"href":"https:\/\/drycleanonlymagazine.com\/beta\/wp-json\/wp\/v2\/types\/page"}],"author":[{"embeddable":true,"href":"https:\/\/drycleanonlymagazine.com\/beta\/wp-json\/wp\/v2\/users\/1"}],"replies":[{"embeddable":true,"href":"https:\/\/drycleanonlymagazine.com\/beta\/wp-json\/wp\/v2\/comments?post=6371"}],"version-history":[{"count":11,"href":"https:\/\/drycleanonlymagazine.com\/beta\/wp-json\/wp\/v2\/pages\/6371\/revisions"}],"predecessor-version":[{"id":7368,"href":"https:\/\/drycleanonlymagazine.com\/beta\/wp-json\/wp\/v2\/pages\/6371\/revisions\/7368"}],"wp:attachment":[{"href":"https:\/\/drycleanonlymagazine.com\/beta\/wp-json\/wp\/v2\/media?parent=6371"}],"curies":[{"name":"wp","href":"https:\/\/api.w.org\/{rel}","templated":true}]}}