{"id":6365,"date":"2020-10-18T14:18:42","date_gmt":"2020-10-18T11:18:42","guid":{"rendered":"http:\/\/drycleanonlymagazine.com\/beta\/?page_id=6365"},"modified":"2020-12-01T15:50:41","modified_gmt":"2020-12-01T12:50:41","slug":"hakkimizda","status":"publish","type":"page","link":"https:\/\/drycleanonlymagazine.com\/beta\/hakkimizda\/","title":{"rendered":"HAKKIMIZDA"},"content":{"rendered":"<p>[vc_row css=&#8221;.vc_custom_1603058627991{margin-top: 80px !important;}&#8221;][vc_column][vc_empty_space height=&#8221;20&#8243;][vc_custom_heading text=&#8221;Hakk\u0131m\u0131zda&#8221; font_container=&#8221;tag:h2|font_size:34px|text_align:center|color:%23333333|line_height:34px&#8221; use_theme_fonts=&#8221;&#8221; google_fonts=&#8221;font_family:Poppins%3A300%2Cregular%2C500%2C600%2C700|font_style:400%20regular%3A400%3Anormal&#8221;][vc_empty_space height=&#8221;20&#8243;][vc_column_text]Dry Clean Only, a\u011f\u0131rl\u0131kl\u0131 olarak bir moda platformu olmas\u0131n\u0131n yan\u0131 s\u0131ra i\u00e7inde bulundu\u011fu toplumun meselelerine s\u0131rt\u0131n\u0131 d\u00f6nmez. Moda sekt\u00f6r\u00fcndeki yerle\u015fmi\u015f ve \u00f6n\u00fcne ge\u00e7ilmekte zorlanan s\u0131k\u0131nt\u0131lara kar\u015f\u0131n, \u00e7\u00f6z\u00fcm odakl\u0131 i\u00e7erikler \u00fcreterek okuyucuya se\u00e7enek sunmaya ve fark\u0131ndal\u0131k yaratmaya \u00e7al\u0131\u015f\u0131r. Yarg\u0131lamaz, yar\u0131\u015fmaz ve \u00f6tekile\u015ftirmez. Kli\u015fele\u015fen her \u015feye kar\u015f\u0131 yenilik\u00e7i ve merakl\u0131 bir tutuma sahiptir. T\u00fcrkiye moda end\u00fcstrisindeki gen\u00e7 ve yetenekli bireyleri D\u00fcnya\u2019ya tan\u0131tma arzusundad\u0131r.<\/p>\n<p>&amp;nbsp;<\/p>\n<p>De\u011fi\u015fimin bireyin kendisinde ba\u015flad\u0131\u011f\u0131na inan\u0131yoruz. Her bir de\u011fi\u015fen birey de toplumun d\u00f6n\u00fc\u015fmesine do\u011frudan katk\u0131da bulunur. \u0130\u00e7inde bulundu\u011fumuz zamanlar\u0131n tekstil, yay\u0131nc\u0131l\u0131k ve sanat sekt\u00f6r\u00fcnde yarataca\u011f\u0131 yenilikleri heyecan i\u00e7inde takip ediyoruz. Bu d\u00f6n\u00fc\u015f\u00fcmle birlikte hareket ederek; daha duyarl\u0131, fark\u0131ndal\u0131\u011f\u0131 y\u00fcksek ve iyimser bir yere ula\u015fmada aktif rol al\u0131nmas\u0131 gerekti\u011fine inan\u0131yoruz.<\/p>\n<p>&amp;nbsp;<\/p>\n<p>Dry Clean Only ekibi; moda, mimari, m\u00fczik ve sanat sekt\u00f6r\u00fcn\u00fcn bilinen, dinamik, hevesli ve tecr\u00fcbeli bireylerini b\u00fcnyesinde bar\u0131nd\u0131r\u0131r. Foto\u011fraf, moda, sanat &amp; k\u00fclt\u00fcr, g\u00fczellik ve mimari gibi ba\u015fl\u0131klar\u0131n yan\u0131 s\u0131ra insan haklar\u0131 temelli kad\u0131n m\u00fccadelesi ve iklim krizi konular\u0131n\u0131 s\u00fcrekli i\u00e7erik girilen birer alt ba\u015fl\u0131k olarak ilan eder. Dry Clean Only magazine \u00fc\u00e7 ayda bir yeni i\u00e7eriklerle bas\u0131l\u0131r ve se\u00e7kin sat\u0131\u015f noktalar\u0131n\u0131 yerini al\u0131r. Derginin sat\u0131\u015fa \u00e7\u0131kmas\u0131yla e\u015f zamanl\u0131 olarak \u0130ngilizce ve T\u00fcrk\u00e7e versiyonlar\u0131 drycleanonlymagazine.com ve di\u011fer online sat\u0131\u015f platformlar\u0131nda yerini al\u0131r. Dry Clean Only moda ve sanat dallar\u0131yla ilgilenen ve teknolojiyle adaptasyon sorunu ya\u015famayan t\u00fcm ya\u015f gruplar\u0131 i\u00e7in kucaklay\u0131c\u0131d\u0131r. Gelece\u011fin potansiyel sanat\u00e7\u0131lar\u0131, i\u015f insanlar\u0131 ve e\u011fitimcileri olarak g\u00f6rev yapacak Z jenerasyonu ile yak\u0131ndan ilgilidir.[\/vc_column_text][\/vc_column][\/vc_row]<\/p>\n","protected":false},"excerpt":{"rendered":"<p>[vc_row css=&#8221;.vc_custom_1603058627991{margin-top: 80px !important;}&#8221;][vc_column][vc_empty_space height=&#8221;20&#8243;][vc_custom_heading text=&#8221;Hakk\u0131m\u0131zda&#8221; font_container=&#8221;tag:h2|font_size:34px|text_align:center|color:%23333333|line_height:34px&#8221; use_theme_fonts=&#8221;&#8221; google_fonts=&#8221;font_family:Poppins%3A300%2Cregular%2C500%2C600%2C700|font_style:400%20regular%3A400%3Anormal&#8221;][vc_empty_space height=&#8221;20&#8243;][vc_column_text]Dry Clean Only, a\u011f\u0131rl\u0131kl\u0131 olarak bir moda platformu olmas\u0131n\u0131n yan\u0131 s\u0131ra i\u00e7inde bulundu\u011fu toplumun meselelerine s\u0131rt\u0131n\u0131 d\u00f6nmez. Moda sekt\u00f6r\u00fcndeki yerle\u015fmi\u015f ve \u00f6n\u00fcne ge\u00e7ilmekte zorlanan s\u0131k\u0131nt\u0131lara kar\u015f\u0131n, \u00e7\u00f6z\u00fcm odakl\u0131 i\u00e7erikler \u00fcreterek okuyucuya se\u00e7enek sunmaya ve fark\u0131ndal\u0131k yaratmaya \u00e7al\u0131\u015f\u0131r. Yarg\u0131lamaz, yar\u0131\u015fmaz ve \u00f6tekile\u015ftirmez. Kli\u015fele\u015fen her \u015feye kar\u015f\u0131 yenilik\u00e7i [&hellip;]<\/p>\n","protected":false},"author":1,"featured_media":0,"parent":0,"menu_order":0,"comment_status":"closed","ping_status":"closed","template":"","meta":[],"_links":{"self":[{"href":"https:\/\/drycleanonlymagazine.com\/beta\/wp-json\/wp\/v2\/pages\/6365"}],"collection":[{"href":"https:\/\/drycleanonlymagazine.com\/beta\/wp-json\/wp\/v2\/pages"}],"about":[{"href":"https:\/\/drycleanonlymagazine.com\/beta\/wp-json\/wp\/v2\/types\/page"}],"author":[{"embeddable":true,"href":"https:\/\/drycleanonlymagazine.com\/beta\/wp-json\/wp\/v2\/users\/1"}],"replies":[{"embeddable":true,"href":"https:\/\/drycleanonlymagazine.com\/beta\/wp-json\/wp\/v2\/comments?post=6365"}],"version-history":[{"count":12,"href":"https:\/\/drycleanonlymagazine.com\/beta\/wp-json\/wp\/v2\/pages\/6365\/revisions"}],"predecessor-version":[{"id":7748,"href":"https:\/\/drycleanonlymagazine.com\/beta\/wp-json\/wp\/v2\/pages\/6365\/revisions\/7748"}],"wp:attachment":[{"href":"https:\/\/drycleanonlymagazine.com\/beta\/wp-json\/wp\/v2\/media?parent=6365"}],"curies":[{"name":"wp","href":"https:\/\/api.w.org\/{rel}","templated":true}]}}