{"id":6172,"date":"2020-10-16T21:42:42","date_gmt":"2020-10-16T18:42:42","guid":{"rendered":"http:\/\/drycleanonlymagazine.com\/beta\/?page_id=6172"},"modified":"2020-11-30T02:22:48","modified_gmt":"2020-11-29T23:22:48","slug":"uyelik-sozlesmesi","status":"publish","type":"page","link":"https:\/\/drycleanonlymagazine.com\/beta\/uyelik-sozlesmesi\/","title":{"rendered":"\u00dcyelik S\u00f6zle\u015fmesi"},"content":{"rendered":"<p>[vc_row full_width=&#8221;stretch_row&#8221;][vc_column][vc_row_inner][vc_column_inner][vc_column_text]<strong>\u00dcYEL\u0130K S\u00d6ZLE\u015eMES\u0130<\/strong><\/p>\n<ol>\n<li><strong>S\u00f6zle\u015fmenin Taraflar\u0131 ve Konusu<\/strong>\n<ul>\n<li>\u0130\u015fbu \u00dcyelik S\u00f6zle\u015fmesi (Bundan b\u00f6yle \u201cS\u00f6zle\u015fme\u201d diye an\u0131lacakt\u0131r) <a href=\"http:\/\/www.dryonlymagazine.com\">drycleanonlymagazine.com<\/a> internet sitesinin (Bundan b\u00f6yle \u201cWeb Sitesi\u201d olarak an\u0131lacakt\u0131r) ve yine ba\u011fl\u0131 dijital platformlarda yer alan uygulamalar\u0131n\u0131n sahibi olan <em>\u201c<\/em><em>Te\u015fvikiye Mah. H\u00fcsrev Gerede Cad. Tanin Apt.No:88\/8 \u015ei\u015fli\/\u0130stanbul\u201d <\/em>adresiden mukim O\u011fuz Erel Stil Dan\u0131\u015fmanl\u0131k Ltd. \u015eti. (Bundan b\u00f6yle \u201cDCOM\u201d olarak an\u0131lacakt\u0131r) ile Web Sitesi ve dijital platformlarda yer alan uygulamalar vas\u0131tas\u0131 ile \u015fahsi bilgileri ve parola verilmek suretiyle kat\u0131l\u0131m g\u00f6steren\/\u00fcye olan kullan\u0131c\u0131 (i\u015fbu s\u00f6zle\u015fmede \u201c\u00dcye\u201d olarak an\u0131lacakt\u0131r) aras\u0131nda DCOM\u2019 un sundu\u011fu hizmetlerden yararlanmas\u0131na ili\u015fkin ko\u015fullar\u0131n belirlenmesi i\u00e7in akdedilmi\u015ftir.<\/li>\n<li><strong><u>\u0130\u015fbu s\u00f6zle\u015fme Portal\u2019da DCOM taraf\u0131ndan yay\u0131nlanm\u0131\u015f Kullan\u0131m Ko\u015fullar\u0131, \u00c7erez Politikalar\u0131, Ayd\u0131nlatma Metni ve di\u011fer metinlerle ihtiya\u00e7 duyuldu\u011fu \u00f6l\u00e7\u00fcde birbirlerinin tamamlay\u0131c\u0131s\u0131 olarak yorumlan\u0131r.<\/u><\/strong><\/li>\n<\/ul>\n<\/li>\n<li><strong>TANIMLAR<\/strong><\/li>\n<\/ol>\n<ul>\n<li><strong>\u201cPortal\u201d:<\/strong><a href=\"http:\/\/www.dryonlmagazine.com\">drycleanonlmagazine.com<\/a> isimli alan ad\u0131ndan ve bu alan ad\u0131na ba\u011fl\u0131 alt alan adlar\u0131ndan olu\u015fan DCOM\u2019 un Hizmetlerini sundu\u011fu internet sitesi ve varsa mobil uygulamalar\u0131.<\/li>\n<li><strong>\u201cKullan\u0131c\u0131\u201d:\u00a0<\/strong>Portal\u2019 a eri\u015fen ki\u015fi.<\/li>\n<li><strong>\u201cZiyaret\u00e7i\u201d:<\/strong> \u00dcye olmadan Portal\u2019a eri\u015fim sa\u011flayan ki\u015fi<\/li>\n<li><strong>\u201c\u00dcye\u201d:<\/strong>Portal\u2019 a \u00fcye olan ve Portal dahilinde sunulan hizmetlerden i\u015fbu s\u00f6zle\u015fmede belirtilen ko\u015fullar ve \u201c\u00dcyelik S\u00f6zle\u015fmesi\u201d kapsam\u0131nda yararlanan her ger\u00e7ek veya t\u00fczel ki\u015fi.<\/li>\n<li><strong>\u201c\u00dcyelik\u201d:<\/strong>\u00dcye olmak isteyen kullan\u0131c\u0131n\u0131n, Portal\u2019 daki \u00fcyelik formunu do\u011fru ve ger\u00e7ek bilgilerle doldurmas\u0131, verdi\u011fi ki\u015fisel bilgilerinin DCOM\u2019 a beyan ederek ve \u00dcyelik S\u00f6zle\u015fmesini onaylanarak\u00a0 kazan\u0131lan stat\u00fcd\u00fcr.<\/li>\n<li><strong>&#8221; \u00dcyelik Hesab\u0131&#8221;:<\/strong>\u00dcye\u2019nin Portal i\u00e7erisinde sunulan hizmetlerden yararlanmak i\u00e7in gerekli olan i\u015f ve i\u015flemleri ger\u00e7ekle\u015ftirdi\u011fi, e\u011fer var ise \u00dcyelik\u2019 le ilgili konularda DCOM\u2019a talepte bulundu\u011fu, e\u011fer sunulu ise \u00dcyelik bilgilerini g\u00fcncelleyip, sunulan hizmetlerle ilgili raporlama verildi\u011fi takdirde g\u00f6r\u00fcnt\u00fcleyebildi\u011fi, \u00fcr\u00fcn sat\u0131n alma yapabildi\u011fi, kendisinin belirledi\u011fi ve m\u00fcnhas\u0131ran kendisi taraf\u0131ndan kullan\u0131lan &#8220;kullan\u0131c\u0131 ad\u0131&#8221; ve &#8220;\u015fifre&#8221; ile Portal \u00fczerinden eri\u015fti\u011fi \u00dcye\u2019 ye \u00f6zel internet sayfalar\u0131 \u00f6zel b\u00f6l\u00fcm\u00fc.<\/li>\n<li><strong>\u201cDCOM Hizmetleri\u201d (&#8220;Hizmet&#8221;):<\/strong>Portal\u2019a eri\u015fen t\u00fcm kullan\u0131c\u0131lar DCOM taraf\u0131ndan sunulan modan\u0131n nabz\u0131n\u0131 tutan haber ve yenilikleri eri\u015fimlerinin yan\u0131nda \u00dcyelerin online dergi, bas\u0131l\u0131 dergi, tekstil \u00fcr\u00fcnleri ve zaman i\u00e7erisinde yay\u0131nlanan di\u011fer \u00fcr\u00fcnleri sat\u0131n alabilecekleri hizmetleri kapsamaktad\u0131r.<\/li>\n<li><strong>\u201c\u0130\u00e7erik\u201d:\u00a0<\/strong>Portal\u2019 da yay\u0131nlanan ve eri\u015fimi m\u00fcmk\u00fcn olan her t\u00fcrl\u00fc bilgi, yaz\u0131, dosya, resim, video, rakam vb. g\u00f6rsel, yaz\u0131msal ve i\u015fitsel imgeler.<\/li>\n<li><strong>\u201cAPI\u201d:\u00a0<\/strong>DCOM taraf\u0131ndan olu\u015fturulan ve belirli i\u015flevselliklerin sa\u011flanmas\u0131 i\u00e7in tasarlanm\u0131\u015f Uygulama Programlama Arabirimi (Application Programming Interface), ba\u011flant\u0131l\u0131 belgeler (elektronik \u015fekilde olanlar dahil), protokoller ve buna ili\u015fkin ilerideki s\u00fcr\u00fcmler, iyile\u015ftirmeler, geli\u015ftirmeler, programlama d\u00fczeltmeleri, g\u00fcncellemeler ve y\u00fckseltmeler. \u00dcyelik a\u015famas\u0131nda Facebook, Google senkronizasyonu, Twitter ve Instagram da bu tan\u0131mlamaya dahildir.<\/li>\n<li><strong>&#8220;DCOM Aray\u00fcz\u00fc&#8221; :<\/strong>DCOM taraf\u0131ndan olu\u015fturulan i\u00e7eri\u011fin Kullan\u0131c\u0131lar taraf\u0131ndan g\u00f6r\u00fcnt\u00fclenebilmesi ve DCOM Veritaban\u0131\u2019 \u0131ndan sorgulanabilmesi amac\u0131yla Kullan\u0131c\u0131\u2019 lar taraf\u0131ndan kullan\u0131lan; 5846 Say\u0131l\u0131 Fikir ve Sanat Eserleri Kanunu kapsam\u0131nda korunan ve t\u00fcm fikri haklar\u0131 DCOM\u2019 a ait olan tasar\u0131mlar i\u00e7erisinde Portal \u00fczerinden yap\u0131labilecek her t\u00fcrl\u00fc i\u015flemin ger\u00e7ekle\u015ftirilmesi i\u00e7in bilgisayar program\u0131na komut veren internet sayfalar\u0131.<\/li>\n<li><strong>\u201cDCOM Veritaban\u0131\u201d :\u00a0<\/strong>Portal dahilinde s\u0131n\u0131rl\u0131 eri\u015fimler sa\u011flayabilen, i\u00e7eriklerin depoland\u0131\u011f\u0131, tasnif edildi\u011fi, sorgulanabildi\u011fi ve eri\u015filebildi\u011fi DCOM\u2019 a ait olan 5846 Say\u0131l\u0131 Fikir ve Sanat Eserleri Kanunu ve sair di\u011fer kanunlar gere\u011fince korunan veritaban\u0131d\u0131r.<\/li>\n<\/ul>\n<ol start=\"3\">\n<li><strong>TARAFLARIN HAK VE Y\u00dcK\u00dcML\u00dcL\u00dcKLER\u0130<\/strong>\n<ul>\n<li>\u00dcye, Portal\u2019\u0131 kullan\u0131rken t\u00fcm yasal mevzuat, i\u015fbu s\u00f6zle\u015fme ve tamamlay\u0131c\u0131 mevzuat h\u00fck\u00fcmlerine riayet etmeyi ve bunlar\u0131 ihlal etmemeyi, DCOM\u2019 da yay\u0131nlanm\u0131\u015f Kullan\u0131m Ko\u015fullar\u0131 ve di\u011fer metinlere uygun davranmay\u0131, ba\u015ftan kabul ve taahh\u00fct eder.<\/li>\n<li>\u00dcye, Portal\u2019a \u00fcye olurken yanl\u0131\u015f bilgiler veya ba\u015fka bir ki\u015finin bilgileri kullan\u0131larak i\u015flem yap\u0131lmas\u0131, yanl\u0131\u015f veya yan\u0131lt\u0131c\u0131 ikametg\u00e2h adresi, elektronik posta adresi, ileti\u015fim, \u00f6deme veya hesap bilgileri de dahil yanl\u0131\u015f veya yan\u0131lt\u0131c\u0131 ki\u015fisel veriler kullanmak suretiyle ger\u00e7ek olmayan \u00dcyelik hesaplar\u0131 olu\u015fturulmas\u0131 ve bu hesaplar\u0131n \u00dcyelik S\u00f6zle\u015fmesi&#8217;ne, Tamamlay\u0131c\u0131 Mevzuata y\u00fcr\u00fcrl\u00fckteki mevzuata ayk\u0131r\u0131 \u015fekilde kullan\u0131lmas\u0131, DCOM\u2019 un bu bilgilerin ger\u00e7e\u011fe ayk\u0131r\u0131l\u0131\u011f\u0131 nedeniyle u\u011frayaca\u011f\u0131 t\u00fcm zararlar\u0131 aynen ve derhal tazmin edece\u011fini beyan ve taahh\u00fct eder.<\/li>\n<li>\u00dcye, Web Sitesi\u2019 ne \u00fcye olurken belirledi\u011fi kullan\u0131c\u0131 ad\u0131 ve \u015fifrenin g\u00fcvenli\u011fini sa\u011flaman\u0131n kendi sorumlulu\u011fu alt\u0131nda oldu\u011funu, gereken \u00f6nlemleri almay\u0131, kendilerine ait \u015fifreleri ba\u015fkalar\u0131yla payla\u015fmamay\u0131, aksi halde bundan do\u011facak hukuki ve cezai sorumluluklar\u0131n kendisine ait olaca\u011f\u0131n\u0131; \u00fcye hesaplar\u0131n\u0131n yetkisi olmayanlar taraf\u0131ndan kullan\u0131ld\u0131\u011f\u0131n\u0131 veya \u015fifrelerinin ba\u015fkalar\u0131n\u0131n eline ge\u00e7ti\u011fini \u00f6\u011frendiklerinde bu durumu derhal Web Sitesi \u00fczerinden DCOM\u2019 a bildirmeyi; ayn\u0131 zamanda \u015fifre parolas\u0131n\u0131 de\u011fi\u015ftirmeyi ve \u00fcye ki\u015filere DCOM taraf\u0131ndan verilmi\u015f olan, \u00dcyenin kendi sorumlulu\u011funda olan \u015fifrelerinin, \u00fcyelik hesaplar\u0131n\u0131n, kullan\u0131c\u0131 adlar\u0131n\u0131n \u00fc\u00e7\u00fcnc\u00fc \u015fah\u0131slar taraf\u0131ndan ele ge\u00e7irilmesinden DCOM\u2019 un sorumlu tutulamayaca\u011f\u0131n\u0131 kabul ve taahh\u00fct eder. B\u00f6yle bir durumda e-mail adresi ve\/veya varsa cep telefon numaras\u0131n\u0131n hesap sahipli\u011fi ve \u00fcyelik hesab\u0131 kurtarma s\u0131ras\u0131nda belirleyici oldu\u011funu \u00fcye kabul eder.<\/li>\n<li>\u00dcyelik i\u015flemleri tamamlanmadan \u00dcye olma hak ve yetkisine sahip olunamaz. \u00dcyelik hak ve y\u00fck\u00fcml\u00fcl\u00fckleri, ba\u015fvuruda bulunana ait olan, k\u0131smen veya tamamen herhangi bir \u00fc\u00e7\u00fcnc\u00fc \u015fahsa devredilemeyen hak ve y\u00fck\u00fcml\u00fcl\u00fcklerdir. Ayn\u0131 \u00fcyeli\u011fin birden fazla ki\u015fi taraf\u0131ndan kullan\u0131lmas\u0131 sebebiyle hak ve g\u00fcvenlik ihlalleri do\u011fabilece\u011finden DCOM\u2019 un bu durumu tespit etmesi halinde hi\u00e7bir gerek\u00e7e g\u00f6stermeden \u00dcye\u2019 nin \u00fcyeli\u011fini silme hakk\u0131n\u0131n oldu\u011funu taraflar kabul, beyan ve taahh\u00fct eder. \u00dcyelik ba\u015fvurusu herhangi bir sebep g\u00f6sterilmeksizin DCOM taraf\u0131ndan reddedilebilir veya ek \u015fart ve ko\u015fullar talep edilebilir. DCOM gerekli g\u00f6rmesi halinde her zaman bir sebep g\u00f6stermeksizin \u00dcye\u2019 nin \u00dcyelik stat\u00fcs\u00fcn\u00fc sona erdirebilir, \u00dcye\u2019 nin aktif olmamas\u0131, sahte hesap veya \u00e7oklu kullan\u0131m tespit edilmesi, i\u015fbu s\u00f6zle\u015fmeye ve tamamlay\u0131c\u0131 mevzuata, ulusal mevzuata, ayk\u0131r\u0131 davranmas\u0131, yaz\u0131l\u0131msal veya sunucu kaynakl\u0131 gereksinimler sebebiyle \u00dcye\u2019 nin \u00fcyeli\u011fini silme hakk\u0131 sakl\u0131d\u0131r.<\/li>\n<li>DCOM, hi\u00e7bir gerek\u00e7e g\u00f6stermeden tek tarafl\u0131 olarak veya \u00dcye, <a href=\"http:\/\/www.dryonlymagazine.com\">drycleanonlymagazine.com<\/a> internet sitesini hi\u00e7bir \u015fekilde kamu d\u00fczenini bozucu, genel ahlaka ayk\u0131r\u0131, di\u011fer \u00fcyelerin ki\u015fisel verilerine, \u00fcyelik hesaplar\u0131na, \u015fifrelerine veya di\u011fer bilgilerine izinsiz olarak ula\u015famaz, yasalara ayk\u0131r\u0131 bir ama\u00e7 i\u00e7in DCOM \u2018un veya ba\u015fkalar\u0131n\u0131n telif haklar\u0131na\u00a0 tecav\u00fcz edecek \u015fekilde kullanamaz, \u00fc\u00e7\u00fcnc\u00fc ki\u015fi ve kurulu\u015flar ile payla\u015famaz. Ayr\u0131ca, \u00fcye, t\u00fcm kullan\u0131c\u0131larda oldu\u011fu gibi\u00a0 DCOM hizmetlerinin kullan\u0131lmas\u0131n\u0131 \u00f6nleyici veya zorla\u015ft\u0131r\u0131c\u0131 faaliyet (spam, virus, truva at\u0131, DDOS vb.) ve i\u015flemlerde bulunamaz. Tamamlay\u0131c\u0131 Mevzuat olan Kullan\u0131m S\u00f6zle\u015fmesini de kabul etmi\u015f say\u0131ld\u0131\u011f\u0131n\u0131zdan ilgili metne Web Sitesinde ki linkten eri\u015fip okuyunuz.<\/li>\n<li><a href=\"http:\/\/www.dryonlymagazine.com\">drycleanonlymagazine.com<\/a> internet sitesinde \u00fcyeler taraf\u0131ndan yorum beyan edilmesi m\u00fcmk\u00fcn oldu\u011fu durumlarda; yaz\u0131lan, kullan\u0131lan fikir ve d\u00fc\u015f\u00fcnceler, tamamen \u00fcyelerin kendi ki\u015fisel g\u00f6r\u00fc\u015fleridir ve g\u00f6r\u00fc\u015f sahibini ba\u011flar. \u00dcye, yorum b\u00f6l\u00fcmleri var ise bu b\u00f6l\u00fcmlerde yap\u0131lan yorumlar\u0131n konusu su\u00e7 te\u015fkil eden, Web Sitesi\u2019 nde yer alan kurallara, y\u00fcr\u00fcrl\u00fckteki mevzuata ihlali sonucunu do\u011furan ya da b\u00f6yle durumlar\u0131 te\u015fvik eden, yasad\u0131\u015f\u0131, tehditkar, rahats\u0131z edici, hakaret ve k\u00fcf\u00fcr i\u00e7eren, a\u015fa\u011f\u0131lay\u0131c\u0131, k\u00fc\u00e7\u00fck d\u00fc\u015f\u00fcr\u00fcc\u00fc, kaba, pornografik ya da ahlaka ayk\u0131r\u0131, toplumca genel kabul g\u00f6rm\u00fc\u015f kurallara ayk\u0131r\u0131, ki\u015filik haklar\u0131na, fikri ve s\u0131nai haklara ayk\u0131r\u0131, haks\u0131z rekabet yaratan ve\/veya reklam ve\/veya pazarlama i\u00e7erikli,\u00a0 benzer herhangi bir i\u00e7eri\u011fi payla\u015fmayaca\u011f\u0131n\u0131, yorum \u015feklinde beyan etmeyece\u011fini kabul ve taahh\u00fct eder. DCOM, \u00fcyenin beyan edece\u011fi fikir ve g\u00f6r\u00fc\u015fler nedeniyle \u00fc\u00e7\u00fcnc\u00fc ki\u015filerin u\u011frayabilece\u011fi zararlardan ve \u00fc\u00e7\u00fcnc\u00fc ki\u015filerin beyan edece\u011fi fikir ve g\u00f6r\u00fc\u015fler nedeniyle \u00fcyenin u\u011frayabilece\u011fi zararlardan dolay\u0131 herhangi bir sorumlulu\u011fu bulunmamaktad\u0131r.<\/li>\n<li>DCOM; sitenin i\u00e7eri\u011fini, hizmetlerini, \u00fcr\u00fcn fiyatlar\u0131n\u0131, diledi\u011fi zaman de\u011fi\u015ftirme ya da sona erdirme, \u00fcyelere veya \u00fcr\u00fcnlere y\u00f6nelik kampanyalar d\u00fczenleme veya kald\u0131rmaya hakk\u0131na sahip oldu\u011funu taraflar kabul eder.<\/li>\n<li>\u00dcye, sat\u0131n alm\u0131\u015f oldu\u011fu e-dergilerin s\u00fcreli yay\u0131n oldu\u011funu, bu \u00fcr\u00fcnlerin web sitesinin yay\u0131nda oldu\u011fu s\u00fcre boyunca eri\u015filebilece\u011fini, web sitesinin hizmet vermemesi durumunda geriye d\u00f6n\u00fck s\u00fcreli yay\u0131nlara da \u00dcye taraf\u0131ndan eri\u015filemez olabilece\u011fini kabul ve taahh\u00fct eder.<\/li>\n<li>DCOM, \u00fcyelik s\u00f6zle\u015fmesinin ko\u015fullar\u0131n\u0131 hi\u00e7bir \u015fekil ve surette \u00f6n ihbara ve\/veya ihtara gerek kalmaks\u0131z\u0131n her zaman de\u011fi\u015ftirebilir, g\u00fcncelleyebilir veya iptal edebilir. De\u011fi\u015ftirilen, g\u00fcncellenen yada y\u00fcr\u00fcrl\u00fckten kald\u0131r\u0131lan her h\u00fck\u00fcm, yay\u0131n tarihinde t\u00fcm \u00fcyeler bak\u0131m\u0131ndan h\u00fck\u00fcm ifade edecektir.<\/li>\n<li>DCOM taraf\u0131ndan Portal\u2019da bulunan i\u00e7eri\u011fin vir\u00fcs ve benzeri ama\u00e7l\u0131 yaz\u0131l\u0131mlardan ar\u0131nd\u0131r\u0131lm\u0131\u015f olmas\u0131 i\u00e7in gerekli tedbirler al\u0131nmaktad\u0131r. Ayn\u0131 zamanda ziyaret\u00e7inin bili\u015fim sistemine programsal olarak indirebilece\u011fi vir\u00fcs bula\u015ft\u0131rabilecek bir i\u015flem de web sitesinde bulunmamaktad\u0131r. Bunun yan\u0131nda nihai g\u00fcvenli\u011fin sa\u011flanmas\u0131 i\u00e7in kullan\u0131c\u0131n\u0131n, kendi virus koruma sistemini tedarik etmesi ve gerekli korunmay\u0131 sa\u011flamas\u0131 tavsiye edilir. Bu ba\u011flamda \u00dcye, Web Site\u2019 ye girmesiyle, kendi yaz\u0131l\u0131m ve i\u015fletim sistemlerinde olu\u015fabilecek t\u00fcm hata ve bunlar\u0131n do\u011frudan yada dolayl\u0131 sonu\u00e7lar\u0131ndan kendisinin sorumlu oldu\u011funu kabul etmi\u015f say\u0131l\u0131r.<\/li>\n<li>DCOM kendisine d\u00fc\u015fen t\u00fcm gerekli g\u00fcvenlik \u00f6nlemlerini alarak hizmetini SSL sertifikal\u0131 \u015fekilde sunar. DCOM, gerekli \u00f6zen ve g\u00fcvenli\u011fi en \u00fcst seviyede tutmaktad\u0131r. \u00dcye, Portal\u2019\u0131 kullan\u0131lmas\u0131ndan veya kullan\u0131c\u0131n\u0131n kendi hatas\u0131 sebebiyle u\u011frayabilece\u011fi herhangi bir zarar y\u00fcz\u00fcnden DCOM\u2019 dan tazminat talep etmemeyi pe\u015finen kabul etmi\u015ftir.<\/li>\n<li>\u0130\u015fbu \u00fcyelik s\u00f6zle\u015fmesi i\u00e7erisinde say\u0131lan maddelerden bir ya da birka\u00e7\u0131n\u0131 yahut ilgili mevzuat\u0131 ihlal eden \u00fcye i\u015fbu ihlal nedeniyle cezai ve hukuki olarak \u015fahsen sorumlu olup, DCOM\u2019 u bu ihlallerin hukuki ve cezai sonu\u00e7lar\u0131ndan ari tutacakt\u0131r. Ayr\u0131ca; i\u015fbu ihlal nedeniyle, olay\u0131n hukuk alan\u0131na intikal ettirilmesi halinde, DCOM\u2019 un \u00fcyeye kar\u015f\u0131 \u00fcyelik s\u00f6zle\u015fmesine uyulmamas\u0131ndan dolay\u0131 tazminat talebinde bulunma, hakk\u0131 sakl\u0131d\u0131r.<\/li>\n<\/ul>\n<\/li>\n<li><strong>G\u0130ZL\u0130L\u0130K VE K\u0130\u015e\u0130SEL VER\u0130LER\u0130N \u0130\u015eLENMES\u0130<\/strong>\n<ul>\n<li>DCOM taraf\u0131ndan Portal\u2019daki i\u00e7eriklerin iyile\u015ftirilmesi, geli\u015ftirilmesine y\u00f6nelik olarak ve\/veya yasal mevzuat \u00e7er\u00e7evesinde, yahut g\u00fcvenlik sebebiyle ilgili kanun, y\u00f6netmelik ve tebli\u011flere uygun olarak DCOM Portallar\u0131nda \u201c<a href=\"https:\/\/docs.google.com\/document\/d\/1KNJHDxlNhnHcllEzZK4cfV5TjnaHrOMTWmqouu0x6iA\/edit?usp=sharing\">\u00c7erez Politikas\u0131<\/a>\u201d ve <a href=\"https:\/\/docs.google.com\/document\/d\/10II7ofmpmy4SsccNzH0OkymUEkvDFOLCClXd5EA4kPE\/edit?usp=sharing\">\u201cAyd\u0131nlatma Metni<\/a>\u201d kapsam\u0131nda veriler DCOM taraf\u0131ndan i\u015flenebilmektedir.<\/li>\n<li>\u00dcye olmak i\u00e7in doldurdu\u011funuz formda yer alan ki\u015fisel verileriniz; sipari\u015flerinizi almak, \u00fcr\u00fcn ve hizmetlerimizi sunmak, \u00f6demelerinizi ger\u00e7ekle\u015ftirmek, sipari\u015fleriniz, \u00fcr\u00fcnler ve hizmetler hakk\u0131nda sat\u0131\u015f s\u0131ras\u0131nda veya sonras\u0131 destek amac\u0131yla sizinle irtibata ge\u00e7mek, fatura ke\u015fide etmek vb. ama\u00e7larla \u00fcyeye hizmetin ula\u015ft\u0131r\u0131lmas\u0131, i\u015fin gere\u011fi i\u00e7in sadece DCOM taraf\u0131ndan ilgili s\u0131n\u0131rlar dahilinde kullan\u0131l\u0131r ve i\u015flenir.<\/li>\n<li>\u00dcye, Web Site i\u00e7erisinde yer alan t\u00fcm hizmetlerden faydalanarak ve\/veya bir hesap olu\u015fturarak Ayd\u0131nlatma Metni\u2019de a\u00e7\u0131kland\u0131\u011f\u0131 \u015fekilde ve Portal\u2019da belirlendi\u011fi \u015fekilde ki\u015fisel verilerinin DCOM kapsam\u0131nda i\u015flenmesi konusunda bilgilendirildi\u011fini kabul ve taahh\u00fct eder. Ki\u015fisel verinin kullan\u0131lmas\u0131 ile ilgili ko\u015fullar ve bu konudaki haklar\u0131n\u0131zla ilgili olarak daha fazla bilgi i\u00e7in <a href=\"http:\/\/www.dryonlymagazine.com\">drycleanonlymagazine<\/a><a href=\"http:\/\/www.dryonlymagazine.com\">.com<\/a> internet sitesi \u00fczerinden <a href=\"https:\/\/drive.google.com\/a\/atli.av.tr\/open?id=10II7ofmpmy4SsccNzH0OkymUEkvDFOLCClXd5EA4kPE\">Ayd\u0131nlatma Metni<\/a> ve ilgili metinleri inceleyebilirsiniz.<\/li>\n<li>DCOM s\u00f6z konusu ki\u015fisel verilerin 6698 Say\u0131l\u0131 Ki\u015fisel Verilerin Korunmas\u0131 Kanunu (KVKK) 12. madde uyar\u0131nca g\u00fcvenli \u015fekilde saklanmas\u0131, yetkisiz eri\u015fimlerin ve hukuka ayk\u0131r\u0131 veri i\u015flemenin \u00f6nlenmesi i\u00e7in gereken her t\u00fcrl\u00fc tedbiri alacakt\u0131r. \u00dcye, ki\u015fisel verileri \u00fczerinde KVKK madde 11 uyar\u0131nca sahip oldu\u011fu haklar\u0131 kullanma ve bu verileri diledi\u011fi zaman de\u011fi\u015fiklik veya g\u00fcncelleme yapma hakk\u0131na sahiptir.<\/li>\n<\/ul>\n<\/li>\n<li><strong>F\u0130KR\u0130 M\u00dcLK\u0130YET HAKLARI<\/strong>\n<ul>\n<li>\u0130\u015fbu Portal dahilinde eri\u015filen, bu Portal\u2019 \u0131n veritaban\u0131, aray\u00fcz\u00fc, tasar\u0131m, metin, g\u00f6rseller, imge, logo, html kodu ve di\u011fer kodlar gibi (bunlarla s\u0131n\u0131rl\u0131 olmamak kayd\u0131yla) t\u00fcm elemanlar\u0131 DCOM ad\u0131na kay\u0131tl\u0131, kullan\u0131m pazarlama haklar\u0131 al\u0131nm\u0131\u015f olsun veya hen\u00fcz sertifikalanmam\u0131\u015f yenilik dahi \u201ctelif haklar\u0131, sat\u0131\u015f pazarlama\u201d haklar\u0131 DCOM\u2019 a aittir.<\/li>\n<li>Kullan\u0131c\u0131lar, DCOM\u2019 un sunmu\u015f oldu\u011fu s\u00fcreli yay\u0131nlar\u0131n ve di\u011fer \u00fcr\u00fcnlerin kapak foto\u011fraflar\u0131n\u0131, tasar\u0131mlar\u0131n\u0131, kataloglar\u0131 vb. bilgilerini ve Portal\u2019 \u0131n t\u00fcm i\u00e7eri\u011fini (bunlarla s\u0131n\u0131rl\u0131 olmamak kayd\u0131yla; her t\u00fcrl\u00fc resim, metin, makale, g\u00f6rsel ve i\u015fitsel imgeleri, dosyalar\u0131, veri tabanlar\u0131, kod yap\u0131lar\u0131, listelerin) do\u011frudan veya dolayl\u0131 olarak, kar amac\u0131 g\u00fctmeden veya ticari ama\u00e7la, yeniden satmak, i\u015flemek, kopyalamak, \u00e7o\u011faltmak, at\u0131f yapmadan payla\u015fmak, da\u011f\u0131tmak, sergilemek\u00a0 hakk\u0131na sahip de\u011fildirler.<\/li>\n<\/ul>\n<\/li>\n<li><strong>M\u00dcCB\u0130R SEBEPLER<\/strong>\n<ul>\n<li>Hukuken m\u00fccbir sebep say\u0131lan t\u00fcm durumlarda, ge\u00e7 ifa etme, eksik ifa etme veya ifa etmeme hallerinde DCOM\u2019 un herhangi bir tazminat y\u00fck\u00fcml\u00fcl\u00fc\u011f\u00fc do\u011fmayacakt\u0131r. M\u00fccbir sebep, ilgili taraf\u0131n makul kontrol\u00fc haricinde ve DCOM\u2019 un gerekli \u00f6zeni g\u00f6stermesine ra\u011fmen \u00f6nleyemedi\u011fi olaylar olarak yorumlanacak olup, say\u0131lanlarla s\u0131n\u0131rl\u0131 olmamak \u015fart\u0131yla do\u011fal afet, sava\u015f, yang\u0131n, pandemi, grev, ayaklanma, isyan, k\u00f6t\u00fc hava ko\u015fullar\u0131, altyap\u0131 ve internet ar\u0131zalar\u0131, sisteme ili\u015fkin iyile\u015ftirme veya yenile\u015ftirme \u00e7al\u0131\u015fmalar\u0131 ve bu sebeple meydana gelebilecek her t\u00fcrl\u00fc ar\u0131za, elektrik kesintisi, eri\u015fim problemleri, \u00fcr\u00fcn tesliminde gecikmeler m\u00fccbir sebep hallerindendir.<\/li>\n<\/ul>\n<\/li>\n<li><strong>B\u0130LD\u0130R\u0130MLER VE DEL\u0130L S\u00d6ZLE\u015eMES\u0130<\/strong>\n<ul>\n<li>Taraflar, i\u015fbu \u00fcyelik s\u00f6zle\u015fmesinin onaylanmas\u0131 ile \u00dcyelik kapsam\u0131nda belirtilen elektronik posta adreslerinin tebligat adresi oldu\u011funu, kanunlar\u0131n zorunlu tuttu\u011fu durumlar haricinde t\u00fcm bildirim ve tebligatlar\u0131n \u00dcye\u2019 nin bildirdi\u011fi elektronik posta adresine yap\u0131laca\u011f\u0131n\u0131 ve y\u00f6neltilecek t\u00fcm bildirim\/tebligatlar\u0131n ge\u00e7erli olaca\u011f\u0131n\u0131 kabul, beyan ve taahh\u00fct eder.<\/li>\n<li>Taraflar aras\u0131nda do\u011fabilecek t\u00fcm ihtilaflarda, DCOM ve Web Sitesi\u2019 nin veritaban\u0131nda, sunucular\u0131nda tuttu\u011fu elektronik bilgilerin ve sistem kay\u0131tlar\u0131n\u0131n, email ortam\u0131nda yap\u0131lan konu\u015fmalar\u0131n, resmi defter ve ticari kay\u0131tlar\u0131n\u0131n, e-ar\u015fiv kay\u0131tlar\u0131n\u0131n, mikrofilm, mikrofi\u015f ve bilgisayar kay\u0131tlar\u0131n\u0131n muteber ba\u011flay\u0131c\u0131, kesin ve m\u00fcnhas\u0131r delil te\u015fkil edece\u011fini ve bu maddenin 6100 say\u0131l\u0131 Hukuk Muhakemeleri Kanunu\u2019nun 193. maddesi anlam\u0131nda delil s\u00f6zle\u015fmesi niteli\u011finde oldu\u011funu kabul eder.<\/li>\n<\/ul>\n<\/li>\n<li><strong>S\u00d6ZLE\u015eMEN\u0130N FESH\u0130<\/strong>\n<ul>\n<li>\u0130\u015fbu s\u00f6zle\u015fme \u00fcyenin \u00fcyeli\u011fini iptal etmesi veya DCOM taraf\u0131ndan \u00fcyeli\u011finin iptal edilmesine kadar y\u00fcr\u00fcrl\u00fckte kalacakt\u0131r. \u00dcye\u2019 nin \u00fcyelik s\u00f6zle\u015fmesinin herhangi bir h\u00fckm\u00fcn\u00fc veya T.C. kanun ve y\u00f6netmeliklerini ihlal etmesi durumunda \u00fcyelik\u011fi DCOM taraf\u0131ndan iptal edilerek s\u00f6zle\u015fme tek tarafl\u0131 olarak fesih edilebilecektir. Bunlar d\u0131\u015f\u0131nda \u00fcye her zaman \u00fcyeli\u011fini sonlad\u0131rabilme hakk\u0131na haizdir.<\/li>\n<\/ul>\n<\/li>\n<li><strong>UYGULANACAK HUKUK VE YETK\u0130<\/strong>\n<ul>\n<li>\u0130\u015fbu s\u00f6zle\u015fmeden kaynakl\u0131 uyu\u015fmazl\u0131klarda, s\u00f6zle\u015fmenin yorumlanmas\u0131nda T\u00fcrk Hukuku uygulan\u0131r. \u0130\u015fbu \u00dcyelik S\u00f6zle\u015fmesi\u2019 nden dolay\u0131 do\u011fan veya do\u011fabilecek her t\u00fcrl\u00fc ihtilaf hallerinde \u0130stanbul (\u00c7a\u011flayan) Mahkemeleri ve \u0130cra Daireleri yetkilidir.<\/li>\n<\/ul>\n<\/li>\n<li><strong>Y\u00dcR\u00dcRL\u00dcK<\/strong>\n<ul>\n<li>\u00dcye, i\u015fbu s\u00f6zle\u015fmenin i\u00e7eri\u011fini tamam\u0131n\u0131 okudu\u011funu, anlad\u0131\u011f\u0131n\u0131 ve S\u00f6zle\u015fmede belirtilen; Portal\u2019 da yer alan Tamamlay\u0131c\u0131 Mevzuat\u2019\u0131 kay\u0131ts\u0131z ve \u015farts\u0131z olarak kabul etti\u011fini, belirtilen bu hususlar ile ilgili olarak herhangi bir itiraz ve defi ileri s\u00fcrmeyece\u011fini kabul ve taahh\u00fct eder. \u0130\u015fbu s\u00f6zle\u015fmede yer alan herhangi bir maddenin ge\u00e7ersizli\u011fi, mevzuata ayk\u0131r\u0131l\u0131\u011f\u0131 veya uygulanabilir olmamas\u0131 s\u00f6zle\u015fmenin di\u011fer maddelerinin ge\u00e7erlili\u011fini etkilemeyecektir. \u0130\u015fbu S\u00f6zle\u015fme \u00fcyenin \u00fcye olmas\u0131 an\u0131nda elektronik ortamda akdedilmi\u015f ve kar\u015f\u0131l\u0131kl\u0131 olarak y\u00fcr\u00fcrl\u00fc\u011fe girmi\u015ftir.<\/li>\n<\/ul>\n<\/li>\n<\/ol>\n<p>[\/vc_column_text][\/vc_column_inner][\/vc_row_inner][\/vc_column][\/vc_row]<\/p>\n","protected":false},"excerpt":{"rendered":"<p>[vc_row full_width=&#8221;stretch_row&#8221;][vc_column][vc_row_inner][vc_column_inner][vc_column_text]\u00dcYEL\u0130K S\u00d6ZLE\u015eMES\u0130 S\u00f6zle\u015fmenin Taraflar\u0131 ve Konusu \u0130\u015fbu \u00dcyelik S\u00f6zle\u015fmesi (Bundan b\u00f6yle \u201cS\u00f6zle\u015fme\u201d diye an\u0131lacakt\u0131r) drycleanonlymagazine.com internet sitesinin (Bundan b\u00f6yle \u201cWeb Sitesi\u201d olarak an\u0131lacakt\u0131r) ve yine ba\u011fl\u0131 dijital platformlarda yer alan uygulamalar\u0131n\u0131n sahibi olan \u201cTe\u015fvikiye Mah. H\u00fcsrev Gerede Cad. Tanin Apt.No:88\/8 \u015ei\u015fli\/\u0130stanbul\u201d adresiden mukim O\u011fuz Erel Stil Dan\u0131\u015fmanl\u0131k Ltd. \u015eti. (Bundan b\u00f6yle \u201cDCOM\u201d olarak an\u0131lacakt\u0131r) [&hellip;]<\/p>\n","protected":false},"author":1,"featured_media":0,"parent":0,"menu_order":0,"comment_status":"closed","ping_status":"closed","template":"","meta":[],"_links":{"self":[{"href":"https:\/\/drycleanonlymagazine.com\/beta\/wp-json\/wp\/v2\/pages\/6172"}],"collection":[{"href":"https:\/\/drycleanonlymagazine.com\/beta\/wp-json\/wp\/v2\/pages"}],"about":[{"href":"https:\/\/drycleanonlymagazine.com\/beta\/wp-json\/wp\/v2\/types\/page"}],"author":[{"embeddable":true,"href":"https:\/\/drycleanonlymagazine.com\/beta\/wp-json\/wp\/v2\/users\/1"}],"replies":[{"embeddable":true,"href":"https:\/\/drycleanonlymagazine.com\/beta\/wp-json\/wp\/v2\/comments?post=6172"}],"version-history":[{"count":3,"href":"https:\/\/drycleanonlymagazine.com\/beta\/wp-json\/wp\/v2\/pages\/6172\/revisions"}],"predecessor-version":[{"id":7521,"href":"https:\/\/drycleanonlymagazine.com\/beta\/wp-json\/wp\/v2\/pages\/6172\/revisions\/7521"}],"wp:attachment":[{"href":"https:\/\/drycleanonlymagazine.com\/beta\/wp-json\/wp\/v2\/media?parent=6172"}],"curies":[{"name":"wp","href":"https:\/\/api.w.org\/{rel}","templated":true}]}}