{"id":6170,"date":"2020-10-16T21:39:22","date_gmt":"2020-10-16T18:39:22","guid":{"rendered":"http:\/\/drycleanonlymagazine.com\/beta\/?page_id=6170"},"modified":"2020-11-30T02:26:02","modified_gmt":"2020-11-29T23:26:02","slug":"on-bilgilendirme-talep-formu","status":"publish","type":"page","link":"https:\/\/drycleanonlymagazine.com\/beta\/on-bilgilendirme-talep-formu\/","title":{"rendered":"\u00d6n Bilgilendirme Talep Formu"},"content":{"rendered":"<p>[vc_row full_width=&#8221;stretch_row&#8221;][vc_column][vc_row_inner][vc_column_inner][vc_column_text]<strong>\u00d6N B\u0130LG\u0130LEND\u0130RME FORMU<\/strong><\/p>\n<p><strong>\u00a0<\/strong><\/p>\n<ol>\n<li><strong>SATICI\u2019 YA \u0130L\u0130\u015eK\u0130N B\u0130LG\u0130LER<\/strong><\/li>\n<\/ol>\n<table width=\"600\">\n<tbody>\n<tr>\n<td width=\"160\"><strong>\u00dcnvan\u0131\u00a0\u00a0\u00a0\u00a0\u00a0\u00a0 \u00a0\u00a0\u00a0\u00a0\u00a0\u00a0\u00a0\u00a0\u00a0\u00a0\u00a0\u00a0:<\/strong><\/td>\n<td width=\"440\">O\u011fuz Erel Stil Dan\u0131\u015fmanl\u0131k Ltd. \u015eti.<\/td>\n<\/tr>\n<tr>\n<td width=\"160\"><strong>Adresi\u00a0\u00a0\u00a0\u00a0\u00a0\u00a0\u00a0\u00a0\u00a0\u00a0\u00a0\u00a0\u00a0\u00a0\u00a0\u00a0\u00a0\u00a0\u00a0 :<\/strong><\/td>\n<td width=\"440\">Te\u015fvikiye Mah. H\u00fcsrev Gerede Cad. Tanin Apt.No:88\/8 \u015ei\u015fli\/\u0130stanbul<\/td>\n<\/tr>\n<tr>\n<td width=\"160\"><strong>Telefon ve Fax\u00a0\u00a0\u00a0\u00a0\u00a0 :<\/strong><\/td>\n<td width=\"440\">\u2026\u2026\u2026\u2026\u2026..\/\u2026\u2026\u2026\u2026\u2026&#8230;<\/td>\n<\/tr>\n<tr>\n<td width=\"160\"><strong>E-mail\u00a0\u00a0\u00a0\u00a0\u00a0\u00a0\u00a0\u00a0\u00a0\u00a0\u00a0\u00a0\u00a0\u00a0\u00a0\u00a0\u00a0\u00a0\u00a0 :<\/strong><\/td>\n<td width=\"440\">\u2026\u2026\u2026\u2026\u2026\u2026..<\/td>\n<\/tr>\n<tr>\n<td width=\"160\"><strong>Mersis\u00a0\u00a0\u00a0\u00a0\u00a0\u00a0\u00a0\u00a0\u00a0\u00a0\u00a0\u00a0\u00a0\u00a0\u00a0\u00a0\u00a0\u00a0 :<\/strong><\/td>\n<td width=\"440\">635072754300001<\/td>\n<\/tr>\n<\/tbody>\n<\/table>\n<p>&nbsp;<\/p>\n<p>1.1.\u00a0\u00a0\u00a0\u00a0 \u0130\u015fbu \u00d6n Bilgilendirme Formu kapsam\u0131nda ALICI\u2019 ya sipari\u015finin detaylar\u0131 hakk\u0131nda bilgilendirme yap\u0131lmakta olup, ALICI\u2019 n\u0131n \u00fcr\u00fcn\u00fc online olarak sat\u0131n almas\u0131na ili\u015fkin olarak 29188 Say\u0131l\u0131 Mesafeli S\u00f6zle\u015fmeler Y\u00f6netmeli\u011fi gere\u011fince mesafeli sat\u0131\u015f s\u00f6zle\u015fmesi kurulmas\u0131ndan \u00f6nce onaylamas\u0131 gerekmektedir.<\/p>\n<ol start=\"2\">\n<li><strong>S\u00d6ZLE\u015eME KONUSU \u00dcR\u00dcN\u00dcN TEMEL N\u0130TEL\u0130KLER\u0130, F\u0130YATI (KDV DAH\u0130L), \u00d6DEME \u015eEKL\u0130, TESL\u0130M<\/strong>\n<ul>\n<li>1. Sat\u0131n al\u0131nan \u00fcr\u00fcn\u00fcn temel \u00f6zellikleri (t\u00fcr\u00fc, adedi, ne ihtiva etti\u011fi) SATICI\u2019 ya ait internet sitesinde yay\u0131nlanmaktad\u0131r. Sat\u0131\u015f\u0131 yap\u0131lan \u00fcr\u00fcnlerin KDV\u2019li tam bedeli sat\u0131n alma i\u015flemini yapt\u0131\u011f\u0131n\u0131z sayfada a\u00e7\u0131k bir \u015fekilde yaz\u0131l\u0131d\u0131r.<\/li>\n<li>2. S\u00f6zle\u015fme konusu \u00fcr\u00fcn\u00fcn t\u00fcm vergiler d\u00e2hil sat\u0131\u015f fiyat\u0131 a\u015fa\u011f\u0131da g\u00f6sterilmi\u015ftir.<\/li>\n<\/ul>\n<\/li>\n<\/ol>\n<table width=\"562\">\n<tbody>\n<tr>\n<td width=\"174\"><strong>\u00dcr\u00fcn Ad\u0131 <\/strong><\/td>\n<td width=\"69\"><strong>Adet<\/strong><\/td>\n<td width=\"108\"><strong>Birim Fiyat<\/strong><\/td>\n<td width=\"211\"><strong>Toplam Tutar (KDV Dahil)<\/strong><\/td>\n<\/tr>\n<tr>\n<td width=\"174\"><\/td>\n<td width=\"69\"><\/td>\n<td width=\"108\"><\/td>\n<td width=\"211\"><\/td>\n<\/tr>\n<\/tbody>\n<\/table>\n<p><strong>\u00a0<\/strong><\/p>\n<ul>\n<li>3. \u00dcr\u00fcn\/ \u00fcr\u00fcnlerin cinsi ve t\u00fcr\u00fc, miktar\u0131, sat\u0131\u015f bedeli yukar\u0131da belirtildi\u011fi gibi olup, bu bilgiler ALICI taraf\u0131ndan da onaylanm\u0131\u015ft\u0131r.<\/li>\n<\/ul>\n<p>Sipari\u015f Tarihi: \u2026\u2026\u2026\u2026..<\/p>\n<p>\u00d6deme \u015eekli : \u2026\u2026\u2026\u2026\u2026..<\/p>\n<p>Toplam Sipari\u015f Tutar\u0131: \u2026\u2026. TL (KDV Dahil)<\/p>\n<p>Teslim Edilecek Ki\u015fi: \u2026..<\/p>\n<p>Teslimat Adresi : \u2026\u2026\u2026<\/p>\n<p>Kargo \u00dccreti: \u2026&#8230;TL<\/p>\n<ul>\n<li>4. Sat\u0131n al\u0131nan \u00fcr\u00fcn\u00fcn fiziken teslim edilecek \u00fcr\u00fcnlerden olmas\u0131 durumunda \u00fcr\u00fcn bedelinin \u00f6demesinin yap\u0131lmas\u0131na m\u00fcteakip, SATICI, sipari\u015fin kendisine ula\u015ft\u0131\u011f\u0131 tarihten itibaren en ge\u00e7 30 (otuz) g\u00fcn i\u00e7erisinde ALICI\u2019 n\u0131n belirtti\u011fi adrese teslim etmek zorundad\u0131r. Kargo \u00fccreti ALICI taraf\u0131ndan \u00f6denecek olup, kargo bedeli i\u015fbu s\u00f6zle\u015fmenin 2.4. maddesinde belirtilmi\u015ftir. \u00dcr\u00fcn\u00fcn, anla\u015fmal\u0131 kargo \u015firketine teslimi sonras\u0131 adreste kimsenin bulunmamas\u0131 sebebiyle iadesi veya farkl\u0131 ki\u015fiye tesliminden dolay\u0131 ALICI\u2019 n\u0131n \u00fcr\u00fcn\u00fc ge\u00e7 teslim almas\u0131 veya hi\u00e7 teslim almamas\u0131ndan SATICI sorumlu tutulamaz.<\/li>\n<li>5. Sat\u0131n al\u0131nan \u00fcr\u00fcn e-dergi olan dijital ortamda teslim edilecek \u00fcr\u00fcnlerden olmas\u0131 durumunda; herhangi bir kargo \u00fccreti bulunmamaktad\u0131r. ALICI\u2019 n\u0131n \u00fcr\u00fcn\u00fc sat\u0131n almas\u0131ndan sonra SATICI, sat\u0131n al\u0131nan e-dergiyi ALICI\u2019 n\u0131n \u00fcyelik hesab\u0131na en ge\u00e7 30 (otuz) g\u00fcn i\u00e7erisinde tan\u0131mlayarak; e-dergiyi, kullan\u0131lan web browser veya uygulama \u00fczerinden g\u00f6r\u00fcnt\u00fcleyebilmesini, kullanabilmesini sa\u011flayacakt\u0131r. \u00dcr\u00fcn\u00fcn SATICI taraf\u0131ndan ilgili \u00fcyelik hesab\u0131na tan\u0131mlanmas\u0131 ile teslimat ger\u00e7ekle\u015fmi\u015f olur.<\/li>\n<li>6. ALICI\u2019 n\u0131n cayma hakk\u0131n\u0131 kulland\u0131\u011f\u0131 durumlarda ya da sipari\u015fe konu olan \u00fcr\u00fcn\u00fcn \u00e7e\u015fitli sebeplerle teslim edilememesinden kaynakl\u0131 ALICI\u2019 ya bedel iadesi gereken durumlarda, sat\u0131n alma esnas\u0131nda yap\u0131lan \u00f6deme y\u00f6ntemine uygun \u015fekilde iade edilecektir.<\/li>\n<li>7. SATICI \u00fcr\u00fcn \u00f6demelerini arac\u0131 kurum (iyzico &#8211; <a href=\"https:\/\/www.iyzico.com\/\">https:\/\/www.iyzico.com\/<\/a> ) arac\u0131l\u0131\u011f\u0131 ile tahsil eder. ALICI\u2019 n\u0131n tercihine ba\u011fl\u0131 olarak, \u00fcr\u00fcn\u00fcn bedeli arac\u0131 kurumun izin verdi\u011fi \u00f6l\u00e7\u00fcde kredi kart\u0131, banka kart\u0131, ilgili sitedeki bakiyesinden tahsil edilmek suretiyle \u00f6deyebilir. Kredi kart\u0131 veya banka kart\u0131 ile \u00f6deme yap\u0131lmas\u0131 halinde girdi\u011finiz kredi kart\u0131 veya banka kart\u0131 bilgileri direkt olarak banka sistemi veya arac\u0131 kurum \u00f6deme sistemi ile ger\u00e7ekle\u015ftirildi\u011finden, SATICI web sitesi \u00fczerinde herhangi bir Kredi Kart\u0131, banka kart\u0131 bilgisi kaydetmez. Dolay\u0131s\u0131yla kart bilgilerinizin \u00e7al\u0131nmas\u0131 veya ALICI\u2019 n\u0131n herhangi bir zarara u\u011framas\u0131 durumunda SATICI sorumlu de\u011fildir.<\/li>\n<li>8. \u00d6demenin Kredi Kart\u0131 ile yap\u0131lmas\u0131 durumunda; taksitlendirme se\u00e7ene\u011fi ilgili arac\u0131 kurumun (iyzico &#8211; <a href=\"https:\/\/www.iyzico.com\/\">https:\/\/www.iyzico.com\/<\/a>) ve bankan\u0131z\u0131n sundu\u011fu imkanlar dahilinde de\u011fi\u015fkenlik g\u00f6sterir.\u00a0 Ayr\u0131ca \u00f6deme t\u00fcrlerine ili\u015fkin kampanyalar hakk\u0131nda bankan\u0131z veya arac\u0131 kurum ile ileti\u015fime ge\u00e7ebilirsiniz.<\/li>\n<\/ul>\n<ol start=\"3\">\n<li><strong>CAYMA HAKKININ KULLANILMASI VE \u0130ST\u0130SNA\u0130 HALLER<\/strong>\n<ul>\n<li>1. M\u00fccbir sebep halleri haricinde, sat\u0131n al\u0131nan her \u00fcr\u00fcn\u00fcn teslimine kadar ge\u00e7ecek s\u00fcre i\u00e7erisinde ALICI\u2019 n\u0131n s\u00f6zle\u015fmeden cayma hakk\u0131 vard\u0131r. \u0130\u015fbu s\u00f6zle\u015fmenin 3.2. maddesinde say\u0131lanlar ilgili mevzuat maddelerine g\u00f6re geri iade edilmesi m\u00fcmk\u00fcn olmayan \u00fcr\u00fcnler hari\u00e7 olmak \u00fczere; sat\u0131n al\u0131nan \u00fcr\u00fcn\u00fcn ALICI\u2019 ya tesliminden itibaren 14 (ond\u00f6rt) g\u00fcn i\u00e7erisinde herhangi bir gerek\u00e7e g\u00f6stermeksizin ve cezai \u015fart \u00f6demeksizin s\u00f6zle\u015fmeden cayma hakk\u0131na sahiptir.\u00a0 ALICI, cayma hakk\u0131n\u0131 kullanmak isterse; SATICI\u2019 n\u0131n Web Sitesi\u2019 nin ileti\u015fim b\u00f6l\u00fcm\u00fcnde yer alan e-posta adresine cayma hakk\u0131n\u0131 kullanmak istedi\u011fine dair mail g\u00f6ndermesi ile s\u00f6zle\u015fmeden d\u00f6nebilir. ALICI, cayma bildiriminin SATICI\u2019 ya ula\u015ft\u0131\u011f\u0131 tarihten itibaren 10 (on) g\u00fcn i\u00e7inde sat\u0131n ald\u0131\u011f\u0131 \u00fcr\u00fcn\u00fc geri g\u00f6ndermek zorundad\u0131r. ALICI \u00fcr\u00fcn\u00fc iade ederken, SATICI\u2019 n\u0131n \u00fcr\u00fcn\u00fc teslim etti\u011fi anla\u015fmal\u0131 kargo \u015firketi ile iade edecektir. Aksi taktirde iade kargo \u00fccreti ALICI\u2019 ya aittir. Cayma hakk\u0131n\u0131n kullan\u0131ld\u0131\u011f\u0131na ili\u015fkin bildirimin SATICI\u2019 ya ula\u015ft\u0131\u011f\u0131 tarihten itibaren 14 (ond\u00f6rt) g\u00fcn i\u00e7inde; mal veya hizmetin teslim masraflar\u0131 da dahil olmak \u00fczere tahsil edilen t\u00fcm \u00f6demeler, ALICI\u2019 n\u0131n sat\u0131n al\u0131rken yapm\u0131\u015f oldu\u011fu \u00f6deme arac\u0131na uygun \u015fekilde iade edilecektir.<\/li>\n<li>2. 29188 say\u0131l\u0131 Mesafeli Sat\u0131\u015f S\u00f6zle\u015fmeler Y\u00f6netmeli\u011fi \u2018nin 15. maddesi uyar\u0131nca ALICI ile SATICI aras\u0131nda yap\u0131lan a\u015fa\u011f\u0131da yer alan s\u00f6zle\u015fmelerde cayma hakk\u0131 kullan\u0131lamaz;\n<ul>\n<li>2.1. Fiyat\u0131 finansal piyasalardaki dalgalanmalara ba\u011fl\u0131 olarak de\u011fi\u015fen ve sat\u0131c\u0131 veya sa\u011flay\u0131c\u0131n\u0131n kontrol\u00fcnde olmayan mal veya hizmetlere ili\u015fkin s\u00f6zle\u015fmeler.<\/li>\n<li>2.2. T\u00fcketicinin istekleri veya ki\u015fisel ihtiya\u00e7lar\u0131 do\u011frultusunda haz\u0131rlanan mallara ili\u015fkin s\u00f6zle\u015fmeler.<\/li>\n<li>2.3. \u00c7abuk bozulabilen veya son kullanma tarihi ge\u00e7ebilecek mallar\u0131n teslimine ili\u015fkin s\u00f6zle\u015fmeler.<\/li>\n<li>2.4. Tesliminden sonra ambalaj, bant, m\u00fch\u00fcr, paket gibi koruyucu unsurlar\u0131 a\u00e7\u0131lm\u0131\u015f olan mallardan; iadesi sa\u011fl\u0131k ve hijyen a\u00e7\u0131s\u0131ndan uygun olmayanlar\u0131n teslimine ili\u015fkin s\u00f6zle\u015fmeler.<\/li>\n<li>2.5. Tesliminden sonra ba\u015fka \u00fcr\u00fcnlerle kar\u0131\u015fan ve do\u011fas\u0131 gere\u011fi ayr\u0131\u015ft\u0131r\u0131lmas\u0131 m\u00fcmk\u00fcn olmayan mallara ili\u015fkin s\u00f6zle\u015fmeler.<\/li>\n<li>2.6. Mal\u0131n tesliminden sonra ambalaj, bant, m\u00fch\u00fcr, paket gibi koruyucu unsurlar\u0131 a\u00e7\u0131lm\u0131\u015f olmas\u0131 halinde maddi ortamda sunulan kitap, dijital i\u00e7erik ve bilgisayar sarf malzemelerine ili\u015fkin s\u00f6zle\u015fmeler.<\/li>\n<li><strong>2.7. <\/strong><strong>Abonelik s\u00f6zle\u015fmesi kapsam\u0131nda sa\u011flananlar d\u0131\u015f\u0131nda, gazete ve dergi gibi s\u00fcreli yay\u0131nlar\u0131n teslimine ili\u015fkin s\u00f6zle\u015fmeler.<\/strong><\/li>\n<li>2.8. Belirli bir tarihte veya d\u00f6nemde yap\u0131lmas\u0131 gereken, konaklama, e\u015fya ta\u015f\u0131ma, araba kiralama, yiyecek-i\u00e7ecek tedariki ve e\u011flence veya dinlenme amac\u0131yla yap\u0131lan bo\u015f zaman\u0131n de\u011ferlendirilmesine ili\u015fkin s\u00f6zle\u015fmeler.<\/li>\n<li><strong>2.9. <\/strong><strong>Elektronik ortamda an\u0131nda ifa edilen hizmetler veya t\u00fcketiciye an\u0131nda teslim edilen gayrimaddi mallara ili\u015fkin s\u00f6zle\u015fmeler.<\/strong><\/li>\n<li>2.10. Cayma hakk\u0131 s\u00fcresi sona ermeden \u00f6nce, t\u00fcketicinin onay\u0131 ile ifas\u0131na ba\u015flanan hizmetlere ili\u015fkin s\u00f6zle\u015fmeler.<\/li>\n<\/ul>\n<\/li>\n<li>3. Sat\u0131\u015fa konu \u00fcr\u00fcn\u00fcn abonelik kapsam\u0131nda olmayan bas\u0131l\u0131 dergi veya Dijital i\u00e7erik olan e-dergi gibi elektronik ortamda t\u00fcketiciye an\u0131nda teslim edilen \u00fcr\u00fcnler kapsam\u0131nda oldu\u011fu i\u00e7in teslimat sonras\u0131 ALICI cayma hakk\u0131n\u0131 kullanamaz. \u00dcr\u00fcn\u00fcn, kargo \u015firketinde ta\u015f\u0131ma halinde oldu\u011fu s\u0131rada cayma hakk\u0131n\u0131n kullan\u0131lmas\u0131 durumunda \u00fcr\u00fcn teslim al\u0131nmadan ayn\u0131 kargo \u015firketi ile SATICI\u2019 ya geri g\u00f6nderilmesi gerekmektedir. Aksi takdirde, \u00fcr\u00fcn\u00fcn cayma hakk\u0131n\u0131n kullan\u0131lamayaca\u011f\u0131 \u00fcr\u00fcnlerden olmas\u0131 durumunda cayma hakk\u0131 kullan\u0131lamaz.<\/li>\n<li>4. \u0130\u015fbu \u201c\u00d6n Bilgilendirme Formu\u201d kapsam\u0131nda ALICI \u201cCayma Hakk\u0131n\u0131n Kullan\u0131lmas\u0131\u201d hakk\u0131nda yeterince bilgilendirildi\u011fini kabul, beyan ve taahh\u00fct eder.<\/li>\n<\/ul>\n<\/li>\n<li><strong>ALICININ TEKN\u0130K SORUMLULU\u011eU, \u015e\u0130KAYET VE \u0130T\u0130RAZLARI<\/strong>\n<ul>\n<li>1. Sipari\u015finizle ilgili veya di\u011fer herhangi bir konuda \u015fikayetinizin olmas\u0131 halinde \u015fikayetlerinizi yukar\u0131da belirtilen ileti\u015fim bilgileri veya \u201cwww.drycleanonlymagazine.com\u201d internet sitesinde belirtilen ileti\u015fim bilgileri vas\u0131tas\u0131yla SATICI\u2019 ya iletebilirsiniz. \u0130letmi\u015f oldu\u011funuz \u015fikayet ba\u015fvurular\u0131n\u0131z derhal kay\u0131tlara al\u0131nacak, yetkili birimler taraf\u0131ndan de\u011ferlendirilerek \u00e7\u00f6z\u00fcmlenmeye \u00e7al\u0131\u015f\u0131lacak ve en k\u0131sa s\u00fcrede size geri d\u00f6n\u00fc\u015f sa\u011flanacakt\u0131r.<\/li>\n<li>2. ALICI\u2019 n\u0131n <a href=\"http:\/\/www.dryonlymagazine.com\">www.drycleanonlymagazine.com<\/a> internet sitesi \u00fczerinden veya SATICI\u2019 n\u0131n sahibi oldu\u011fu uygulamalar ile e-dergi sat\u0131n almas\u0131 durumunda, bu e-dergileri sadece SATICI\u2019 n\u0131n Web Sitesi \u00fcyelik hesab\u0131 veya SATICI\u2019 n\u0131n uygulamas\u0131 \u00fczerinden eri\u015fim sa\u011flayarak kullanabilece\u011fini bildi\u011fini kabul, beyan ve taahh\u00fct eder. ALICI, ayn\u0131 e-derginin farkl\u0131 ger\u00e7ek veya t\u00fczel ki\u015filere ait internet siteleri veya uygulamalar\u0131nda bulunmas\u0131 ve buralarda da kullanmak amac\u0131yla sat\u0131n ald\u0131\u011f\u0131 iddias\u0131nda bulunamayaca\u011f\u0131n\u0131, farkl\u0131 mecralarda ayn\u0131 dergiyi tekrar sat\u0131n almas\u0131 gerekece\u011fini bildi\u011fini \u015fimdiden kabul, beyan ve taahh\u00fct eder.<\/li>\n<li>3. ALICI\u2019 n\u0131n herhangi bir dijital i\u00e7erik sat\u0131n almas\u0131 halinde dijital i\u00e7eriklerin i\u015flevselli\u011fini etkileyecek teknik koruma \u00f6nlemleri, web browser ayarlar\u0131 ve SATICI\u2019 n\u0131n bildi\u011fi ya da makul olarak bilmesinin beklendi\u011fi, dijital i\u00e7eri\u011fin hangi donan\u0131m ya da yaz\u0131l\u0131mla birlikte \u00e7al\u0131\u015fabilece\u011fine ili\u015fkin bilgiler sat\u0131n al\u0131nan \u00fcr\u00fcn\u00fcn www.drycleanonlymagazine.com \u2018da sat\u0131\u015fa sunuldu\u011fu sayfadaki tan\u0131t\u0131m i\u00e7eri\u011finde yer almaktad\u0131r.<\/li>\n<li>4. ALICI\u2019 n\u0131n elektronik cihaz\u0131n\u0131n \u00fcr\u00fcn\u00fc \u00e7al\u0131\u015ft\u0131rmaya yeterli donan\u0131ma sahip olmamas\u0131 veya web browser ayarlar\u0131n\u0131n uygun olmamas\u0131 hallerinden SATICI sorumlu tutulamaz. ALICI\u2019 n\u0131n ihtiya\u00e7 duyaca\u011f\u0131 taray\u0131c\u0131 i\u00e7in y\u00fcklenmesi gereken uygulamalar\u0131 y\u00fcklemek ALICI\u2019n\u0131n sorumlulu\u011fundad\u0131r.<\/li>\n<\/ul>\n<\/li>\n<li><strong>UYU\u015eMAZLIKLARIN \u00c7\u00d6Z\u00dcM\u00dc<\/strong>\n<ul>\n<li>1. \u0130\u015fbu s\u00f6zle\u015fmeden kaynakl\u0131 uyu\u015fmazl\u0131klarda, s\u00f6zle\u015fmenin yorumlanmas\u0131nda T\u00fcrk Hukuku uygulan\u0131r. ALICI, do\u011fabilecek uyu\u015fmazl\u0131klarda ilgili kurumlar taraf\u0131ndan belirlenen parasal s\u0131n\u0131rlar kapsam\u0131nda kendisi veya SATICI\u2019 n\u0131n yerle\u015fim yerinde bulunan \u0130l ve \u0130l\u00e7e T\u00fcketici Hakem Heyetlerinde; belirtilmi\u015f olan parasal s\u0131n\u0131rlar\u0131 a\u015fmas\u0131 durumunda ise kendisi veya SATICI\u2019 n\u0131n yerle\u015fim yerinde bulunan T\u00fcketici Mahkemelerinde dava a\u00e7abilir.<\/li>\n<\/ul>\n<\/li>\n<\/ol>\n<table width=\"602\">\n<tbody>\n<tr>\n<td width=\"201\"><strong>SATICI<\/strong><\/td>\n<td width=\"201\"><strong>\u00a0<\/strong><\/td>\n<td width=\"201\"><strong>ALICI<\/strong><\/td>\n<\/tr>\n<\/tbody>\n<\/table>\n<p>&nbsp;<\/p>\n<p><strong>\u00a0<\/strong><\/p>\n<p>&nbsp;<\/p>\n<p>[\/vc_column_text][\/vc_column_inner][\/vc_row_inner][\/vc_column][\/vc_row]<\/p>\n","protected":false},"excerpt":{"rendered":"<p>[vc_row full_width=&#8221;stretch_row&#8221;][vc_column][vc_row_inner][vc_column_inner][vc_column_text]\u00d6N B\u0130LG\u0130LEND\u0130RME FORMU \u00a0 SATICI\u2019 YA \u0130L\u0130\u015eK\u0130N B\u0130LG\u0130LER \u00dcnvan\u0131\u00a0\u00a0\u00a0\u00a0\u00a0\u00a0 \u00a0\u00a0\u00a0\u00a0\u00a0\u00a0\u00a0\u00a0\u00a0\u00a0\u00a0\u00a0: O\u011fuz Erel Stil Dan\u0131\u015fmanl\u0131k Ltd. \u015eti. Adresi\u00a0\u00a0\u00a0\u00a0\u00a0\u00a0\u00a0\u00a0\u00a0\u00a0\u00a0\u00a0\u00a0\u00a0\u00a0\u00a0\u00a0\u00a0\u00a0 : Te\u015fvikiye Mah. H\u00fcsrev Gerede Cad. Tanin Apt.No:88\/8 \u015ei\u015fli\/\u0130stanbul Telefon ve Fax\u00a0\u00a0\u00a0\u00a0\u00a0 : \u2026\u2026\u2026\u2026\u2026..\/\u2026\u2026\u2026\u2026\u2026&#8230; E-mail\u00a0\u00a0\u00a0\u00a0\u00a0\u00a0\u00a0\u00a0\u00a0\u00a0\u00a0\u00a0\u00a0\u00a0\u00a0\u00a0\u00a0\u00a0\u00a0 : \u2026\u2026\u2026\u2026\u2026\u2026.. Mersis\u00a0\u00a0\u00a0\u00a0\u00a0\u00a0\u00a0\u00a0\u00a0\u00a0\u00a0\u00a0\u00a0\u00a0\u00a0\u00a0\u00a0\u00a0 : 635072754300001 &nbsp; 1.1.\u00a0\u00a0\u00a0\u00a0 \u0130\u015fbu \u00d6n Bilgilendirme Formu kapsam\u0131nda ALICI\u2019 ya sipari\u015finin detaylar\u0131 hakk\u0131nda bilgilendirme yap\u0131lmakta olup, ALICI\u2019 n\u0131n [&hellip;]<\/p>\n","protected":false},"author":1,"featured_media":0,"parent":0,"menu_order":0,"comment_status":"closed","ping_status":"closed","template":"","meta":[],"_links":{"self":[{"href":"https:\/\/drycleanonlymagazine.com\/beta\/wp-json\/wp\/v2\/pages\/6170"}],"collection":[{"href":"https:\/\/drycleanonlymagazine.com\/beta\/wp-json\/wp\/v2\/pages"}],"about":[{"href":"https:\/\/drycleanonlymagazine.com\/beta\/wp-json\/wp\/v2\/types\/page"}],"author":[{"embeddable":true,"href":"https:\/\/drycleanonlymagazine.com\/beta\/wp-json\/wp\/v2\/users\/1"}],"replies":[{"embeddable":true,"href":"https:\/\/drycleanonlymagazine.com\/beta\/wp-json\/wp\/v2\/comments?post=6170"}],"version-history":[{"count":3,"href":"https:\/\/drycleanonlymagazine.com\/beta\/wp-json\/wp\/v2\/pages\/6170\/revisions"}],"predecessor-version":[{"id":7525,"href":"https:\/\/drycleanonlymagazine.com\/beta\/wp-json\/wp\/v2\/pages\/6170\/revisions\/7525"}],"wp:attachment":[{"href":"https:\/\/drycleanonlymagazine.com\/beta\/wp-json\/wp\/v2\/media?parent=6170"}],"curies":[{"name":"wp","href":"https:\/\/api.w.org\/{rel}","templated":true}]}}