{"id":1896,"date":"2020-11-27T18:42:36","date_gmt":"2020-11-27T15:42:36","guid":{"rendered":"https:\/\/amely.thememove.com\/?page_id=1896"},"modified":"2025-11-11T15:49:53","modified_gmt":"2025-11-11T12:49:53","slug":"full-width","status":"publish","type":"page","link":"https:\/\/drycleanonlymagazine.com\/beta\/full-width\/","title":{"rendered":"Ana Sayfa"},"content":{"rendered":"<p>[vc_row][vc_column][rev_slider_vc alias=&#8221;homepage-4&#8243;][\/vc_column][\/vc_row][vc_row full_width=&#8221;amely_wide_row&#8221; css=&#8221;.vc_custom_1506310815384{padding-top: 0px !important;}&#8221;][vc_column][vc_empty_space height=&#8221;100&#8243;][vc_row_inner][vc_column_inner width=&#8221;1\/4&#8243;][vc_column_text css=&#8221;.vc_custom_1606768635241{margin-bottom: 20px !important;}&#8221;]<\/p>\n<h2 class=\"photo-title\" style=\"text-align: center;\"><a href=\"https:\/\/drycleanonlymagazine.com\/beta\/arsiv\/news\/\" rel=\"bookmark\">NEWS<\/a><\/h2>\n<p>[\/vc_column_text][vc_single_image image=&#8221;6642&#8243; img_size=&#8221;full&#8221; onclick=&#8221;custom_link&#8221; link=&#8221;https:\/\/drycleanonlymagazine.com\/beta\/news\/cinsiyet-akiskan\/&#8221;][vc_column_text]<\/p>\n<h1 style=\"text-align: center;\"><a href=\"https:\/\/drycleanonlymagazine.com\/beta\/news\/cinsiyet-akiskan\/\">C\u0130NS\u0130YET: AKI\u015eKAN!<\/a><\/h1>\n<p>[\/vc_column_text][vc_column_text el_class=&#8221;.home-text&#8221;]<\/p>\n<p style=\"text-align: left;\"><a href=\"https:\/\/drycleanonlymagazine.com\/beta\/news\/cinsiyet-akiskan\/\">Ma\u00e7o erkeklik ve kad\u0131n formunun a\u015f\u0131r\u0131 derecede cinselle\u015ftirilmesi \u00fczerinden i\u015fleyen moda end\u00fcstrisi, yeni nesil tasar\u0131mc\u0131lar ile b\u00fcy\u00fck bir de\u011fi\u015fimin e\u015fi\u011finde!<\/a><\/p>\n<p>[\/vc_column_text][vc_column_text]<\/p>\n<h6 style=\"font-size: 10px; text-align: center;\"><span style=\"color: #0000ff;\">1 ARALIK 2020<\/span><\/h6>\n<p>[\/vc_column_text][vc_column_text css=&#8221;.vc_custom_1605962046751{margin-top: 25px !important;}&#8221;]<img class=\"aligncenter\" src=\"https:\/\/drycleanonlymagazine.com\/beta\/wp-content\/uploads\/ico-1.png\" \/>[\/vc_column_text][\/vc_column_inner][vc_column_inner width=&#8221;1\/4&#8243;][vc_column_text css=&#8221;.vc_custom_1606768641803{margin-bottom: 20px !important;}&#8221;]<\/p>\n<h2 class=\"photo-title\" style=\"text-align: center;\"><a href=\"https:\/\/drycleanonlymagazine.com\/beta\/arsiv\/beauty\/\" rel=\"bookmark\">BEAUTY<\/a><\/h2>\n<p>[\/vc_column_text][vc_single_image image=&#8221;6655&#8243; img_size=&#8221;full&#8221; onclick=&#8221;custom_link&#8221; link=&#8221;https:\/\/drycleanonlymagazine.com\/beta\/news\/influencerlar-out-skinfluencerlar-in\/&#8221;][vc_column_text]<\/p>\n<h1 style=\"text-align: center;\"><a href=\"https:\/\/drycleanonlymagazine.com\/beta\/news\/influencerlar-out-skinfluencerlar-in\/\">INFLUENCERLAR OUT SKINFLUENCERLAR IN<\/a><\/h1>\n<p>[\/vc_column_text][vc_column_text]<\/p>\n<p style=\"text-align: left;\"><a href=\"https:\/\/drycleanonlymagazine.com\/beta\/news\/influencerlar-out-skinfluencerlar-in\/\">Skinfluencerlar\u0131n do\u011fu\u015fuyla TikTok, Gen Z\u2019nin bir numaral\u0131 dermatolo\u011fu oldu. SkinTok\u2019a ho\u015f geldiniz!<\/a><\/p>\n<p>[\/vc_column_text][vc_column_text]<\/p>\n<h6 style=\"font-size: 10px; text-align: center;\"><span style=\"color: #0000ff;\">1 ARALIK 2020<\/span><\/h6>\n<p>[\/vc_column_text][vc_column_text css=&#8221;.vc_custom_1605962046751{margin-top: 25px !important;}&#8221;]<img class=\"aligncenter\" src=\"https:\/\/drycleanonlymagazine.com\/beta\/wp-content\/uploads\/ico-1.png\" \/>[\/vc_column_text][\/vc_column_inner][vc_column_inner width=&#8221;1\/4&#8243;][vc_column_text css=&#8221;.vc_custom_1606677983527{margin-bottom: 20px !important;}&#8221;]<\/p>\n<h2 class=\"photo-title\" style=\"text-align: center;\"><a href=\"https:\/\/drycleanonlymagazine.com\/beta\/arsiv\/music\/\" rel=\"bookmark\">MUSIC<\/a><\/h2>\n<p>[\/vc_column_text][vc_single_image image=&#8221;7443&#8243; img_size=&#8221;full&#8221; onclick=&#8221;custom_link&#8221; link=&#8221;https:\/\/drycleanonlymagazine.com\/beta\/all\/k-pop-etkisi\/&#8221;][vc_column_text]<\/p>\n<h1 style=\"text-align: center;\"><a href=\"https:\/\/drycleanonlymagazine.com\/beta\/all\/k-pop-etkisi\/\">K-POP ETK\u0130S\u0130<\/a><\/h1>\n<p>[\/vc_column_text][vc_column_text]<\/p>\n<p style=\"text-align: left;\"><a href=\"https:\/\/drycleanonlymagazine.com\/beta\/all\/k-pop-etkisi\/\">K-pop&#8217;un k\u00fcresel marka g\u00fcc\u00fc b\u00fct\u00fcn bir jenerasyonun hayata bak\u0131\u015f\u0131n\u0131 etkiliyor!<\/a><\/p>\n<p>[\/vc_column_text][vc_column_text]<\/p>\n<h6 style=\"font-size: 10px; text-align: center;\"><span style=\"color: #0000ff;\">1 ARALIK 2020<\/span><\/h6>\n<p>[\/vc_column_text][vc_column_text css=&#8221;.vc_custom_1605962046751{margin-top: 25px !important;}&#8221;]<img class=\"aligncenter\" src=\"https:\/\/drycleanonlymagazine.com\/beta\/wp-content\/uploads\/ico-1.png\" \/>[\/vc_column_text][\/vc_column_inner][vc_column_inner width=&#8221;1\/4&#8243;][vc_column_text css=&#8221;.vc_custom_1606768656857{margin-bottom: 20px !important;}&#8221;]<\/p>\n<h2 class=\"photo-title\" style=\"text-align: center;\"><a href=\"https:\/\/drycleanonlymagazine.com\/beta\/arsiv\/news\/\" rel=\"bookmark\">NEWS<\/a><\/h2>\n<p>[\/vc_column_text][vc_single_image image=&#8221;6653&#8243; img_size=&#8221;full&#8221; onclick=&#8221;custom_link&#8221; link=&#8221;https:\/\/drycleanonlymagazine.com\/beta\/news\/ronanin-moda-endustrisine-etkisi\/&#8221;][vc_column_text]<\/p>\n<h1 style=\"text-align: center;\"><a href=\"https:\/\/drycleanonlymagazine.com\/beta\/news\/ronanin-moda-endustrisine-etkisi\/\">RONA\u2019NIN MODA END\u00dcSTR\u0130S\u0130NE ETK\u0130S\u0130<\/a><\/h1>\n<p>[\/vc_column_text][vc_column_text]<\/p>\n<p style=\"text-align: left;\"><a href=\"https:\/\/drycleanonlymagazine.com\/beta\/news\/ronanin-moda-endustrisine-etkisi\/\">Herkesin hayat\u0131n\u0131 \u00e7alkalayan bu pandemi d\u00f6nemi, moda ba\u015fta olmak \u00fczere bir\u00e7ok end\u00fcstrinin gezegenimize etkisini farketmemizde de b\u00fcy\u00fck bir rol oynad\u0131.<\/a><\/p>\n<p>[\/vc_column_text][vc_column_text]<\/p>\n<h6 style=\"font-size: 10px; text-align: center;\"><span style=\"color: #0000ff;\">1 ARALIK 2020<\/span><\/h6>\n<p>[\/vc_column_text][vc_column_text css=&#8221;.vc_custom_1605962046751{margin-top: 25px !important;}&#8221;]<img class=\"aligncenter\" src=\"https:\/\/drycleanonlymagazine.com\/beta\/wp-content\/uploads\/ico-1.png\" \/>[\/vc_column_text][\/vc_column_inner][\/vc_row_inner][vc_row_inner css=&#8221;.vc_custom_1604255763705{margin-top: 100px !important;}&#8221;][vc_column_inner width=&#8221;1\/4&#8243;][vc_column_text css=&#8221;.vc_custom_1606768663361{margin-bottom: 20px !important;}&#8221;]<\/p>\n<h2 class=\"photo-title\" style=\"text-align: center;\"><a href=\"https:\/\/drycleanonlymagazine.com\/beta\/arsiv\/news\/\" rel=\"bookmark\">NEWS<\/a><\/h2>\n<p>[\/vc_column_text][vc_single_image image=&#8221;7369&#8243; img_size=&#8221;full&#8221; onclick=&#8221;custom_link&#8221; link=&#8221;https:\/\/drycleanonlymagazine.com\/beta\/news\/markalarin-tiktok-becerileri\/&#8221;][vc_column_text]<\/p>\n<h1 style=\"text-align: center;\"><a href=\"https:\/\/drycleanonlymagazine.com\/beta\/all\/kova-caginin-ayak-sesleri\/\">KOVA \u00c7A\u011eININ AYAK SESLER\u0130<\/a><\/h1>\n<p>[\/vc_column_text][vc_column_text]<\/p>\n<p style=\"text-align: left;\"><a href=\"https:\/\/drycleanonlymagazine.com\/beta\/all\/kova-caginin-ayak-sesleri\/\">Gezegenlerin hareketlerinin d\u00fcnya \u00fczerinde bir\u00e7ok do\u011fa olay\u0131n\u0131 etkiledi\u011fi bilinirken, v\u00fccudunun %60\u2019\u0131 su olan bizlerin de bu hareketlerden etkilenmesine inanmak o kadar da radikal de\u011fil.<\/a><\/p>\n<p>[\/vc_column_text][vc_column_text]<\/p>\n<h6 style=\"font-size: 10px; text-align: center;\"><span style=\"color: #0000ff;\">1 ARALIK 2020<\/span><\/h6>\n<p>[\/vc_column_text][vc_column_text css=&#8221;.vc_custom_1605962046751{margin-top: 25px !important;}&#8221;]<img class=\"aligncenter\" src=\"https:\/\/drycleanonlymagazine.com\/beta\/wp-content\/uploads\/ico-1.png\" \/>[\/vc_column_text][\/vc_column_inner][vc_column_inner width=&#8221;1\/4&#8243;][vc_column_text css=&#8221;.vc_custom_1606728013502{margin-bottom: 20px !important;}&#8221;]<\/p>\n<h2 class=\"photo-title\" style=\"text-align: center;\"><a href=\"https:\/\/drycleanonlymagazine.com\/beta\/arsiv\/interiors\/\">INTERIORS<\/a><\/h2>\n<p>[\/vc_column_text][vc_single_image image=&#8221;7134&#8243; img_size=&#8221;full&#8221; onclick=&#8221;custom_link&#8221; link=&#8221;https:\/\/drycleanonlymagazine.com\/beta\/all\/peyzajiyla-butunlesen-evler\/&#8221;][vc_column_text]<\/p>\n<h1 style=\"text-align: center;\"><a href=\"https:\/\/drycleanonlymagazine.com\/beta\/all\/peyzajiyla-butunlesen-evler\/\">PEYZAJIYLA B\u00dcT\u00dcNLE\u015eEN EVLER<\/a><\/h1>\n<p>[\/vc_column_text][vc_column_text]<\/p>\n<p style=\"text-align: left;\"><a href=\"https:\/\/drycleanonlymagazine.com\/beta\/all\/peyzajiyla-butunlesen-evler\/\">Kapal\u0131 mekanlarda daha \u00e7ok vakit ge\u00e7irdik\u00e7e, do\u011fa ile kurulan her ili\u015fki daha anlaml\u0131 hale geliyor.<\/a><\/p>\n<p>[\/vc_column_text][vc_column_text]<\/p>\n<h6 style=\"font-size: 10px; text-align: center;\"><span style=\"color: #0000ff;\">1 ARALIK 2020<\/span><\/h6>\n<p>[\/vc_column_text][vc_column_text css=&#8221;.vc_custom_1605962046751{margin-top: 25px !important;}&#8221;]<img class=\"aligncenter\" src=\"https:\/\/drycleanonlymagazine.com\/beta\/wp-content\/uploads\/ico-1.png\" \/>[\/vc_column_text][\/vc_column_inner][vc_column_inner width=&#8221;1\/4&#8243;][vc_column_text css=&#8221;.vc_custom_1606759438787{margin-bottom: 20px !important;}&#8221;]<\/p>\n<h2 class=\"photo-title\" style=\"text-align: center;\"><a href=\"https:\/\/drycleanonlymagazine.com\/beta\/arsiv\/beauty\/\">BEAUTY<\/a><\/h2>\n<p>[\/vc_column_text][vc_single_image image=&#8221;7049&#8243; img_size=&#8221;full&#8221; onclick=&#8221;custom_link&#8221; link=&#8221;https:\/\/drycleanonlymagazine.com\/beta\/all\/yeni-cilt-bakimi-sevdalilari-erkekler\/&#8221;][vc_column_text]<\/p>\n<h1 style=\"text-align: center;\"><a href=\"https:\/\/drycleanonlymagazine.com\/beta\/all\/yeni-cilt-bakimi-sevdalilari-erkekler\/\">YEN\u0130 C\u0130LT BAKIMI SEVDALILARI: ERKEKLER!<\/a><\/h1>\n<p>[\/vc_column_text][vc_column_text]<\/p>\n<div class=\"entry-content\">\n<p style=\"text-align: left;\"><a href=\"https:\/\/drycleanonlymagazine.com\/beta\/all\/yeni-cilt-bakimi-sevdalilari-erkekler\/\">Y\u0131l 2020 ve erkeklerin de iyi g\u00f6z\u00fckmek istemesi fikri art\u0131k radikal de\u011fil.<\/a><\/p>\n<\/div>\n<div class=\"wpb_wrapper\"><\/div>\n<p>[\/vc_column_text][vc_column_text]<\/p>\n<h6 style=\"font-size: 10px; text-align: center;\"><span style=\"color: #0000ff;\">1 ARALIK 2020<\/span><\/h6>\n<p>[\/vc_column_text][vc_column_text css=&#8221;.vc_custom_1605962046751{margin-top: 25px !important;}&#8221;]<img class=\"aligncenter\" src=\"https:\/\/drycleanonlymagazine.com\/beta\/wp-content\/uploads\/ico-1.png\" \/>[\/vc_column_text][\/vc_column_inner][vc_column_inner width=&#8221;1\/4&#8243;][vc_column_text css=&#8221;.vc_custom_1606768682610{margin-bottom: 20px !important;}&#8221;]<\/p>\n<h2 class=\"photo-title\" style=\"text-align: center;\"><a href=\"https:\/\/drycleanonlymagazine.com\/beta\/arsiv\/news\/\" rel=\"bookmark\">NEWS<\/a><\/h2>\n<p>[\/vc_column_text][vc_single_image image=&#8221;7300&#8243; img_size=&#8221;full&#8221; onclick=&#8221;custom_link&#8221; link=&#8221;https:\/\/drycleanonlymagazine.com\/beta\/all\/hazir-giyim-ve-koleligin-bulustugu-yer-uygur-kamplari\/&#8221;][vc_column_text]<\/p>\n<h1 style=\"text-align: center;\"><a href=\"https:\/\/drycleanonlymagazine.com\/beta\/all\/hazir-giyim-ve-koleligin-bulustugu-yer-uygur-kamplari\/\" rel=\"bookmark\">HAZIR G\u0130Y\u0130M VE K\u00d6LEL\u0130\u011e\u0130N BULU\u015eTU\u011eU YER: UYGUR KAMPLARI<\/a><\/h1>\n<p>[\/vc_column_text][vc_column_text]<\/p>\n<div class=\"entry-content\">\n<div class=\"entry-content\">\n<p style=\"text-align: center;\"><a href=\"https:\/\/drycleanonlymagazine.com\/beta\/all\/hazir-giyim-ve-koleligin-bulustugu-yer-uygur-kamplari\/\">K\u0131yafetlerimiz nereden geliyor?<\/a><\/p>\n<\/div>\n<div class=\"entry-aux\"><\/div>\n<div class=\"wpb_wrapper\"><\/div>\n<\/div>\n<div class=\"wpb_wrapper\"><\/div>\n<p>[\/vc_column_text][vc_column_text]<\/p>\n<h6 style=\"font-size: 10px; text-align: center;\"><span style=\"color: #0000ff;\">1 ARALIK 2020<\/span><\/h6>\n<p>[\/vc_column_text][vc_column_text css=&#8221;.vc_custom_1605962046751{margin-top: 25px !important;}&#8221;]<img class=\"aligncenter\" src=\"https:\/\/drycleanonlymagazine.com\/beta\/wp-content\/uploads\/ico-1.png\" \/>[\/vc_column_text][\/vc_column_inner][\/vc_row_inner][vc_row_inner css=&#8221;.vc_custom_1604255763705{margin-top: 100px !important;}&#8221;][vc_column_inner width=&#8221;1\/4&#8243;][vc_column_text css=&#8221;.vc_custom_1606768692755{margin-bottom: 20px !important;}&#8221;]<\/p>\n<h2 class=\"photo-title\" style=\"text-align: center;\"><a href=\"https:\/\/drycleanonlymagazine.com\/beta\/arsiv\/news\/\" rel=\"bookmark\">NEWS<\/a><\/h2>\n<p>[\/vc_column_text][vc_single_image image=&#8221;6656&#8243; img_size=&#8221;full&#8221; onclick=&#8221;custom_link&#8221; link=&#8221;https:\/\/drycleanonlymagazine.com\/beta\/all\/kova-caginin-ayak-sesleri\/&#8221;][vc_column_text]<\/p>\n<h1 style=\"text-align: center;\"><a href=\"https:\/\/drycleanonlymagazine.com\/beta\/news\/markalarin-tiktok-becerileri\/\">MARKALARIN TIKTOK BECER\u0130LER\u0130<\/a><\/h1>\n<p>[\/vc_column_text][vc_column_text]<a href=\"https:\/\/drycleanonlymagazine.com\/beta\/news\/markalarin-tiktok-becerileri\/\">Markalar\u0131n hedef kitlelerine ula\u015fma \u015fekilleri, Z ve milenyum ku\u015faklar\u0131n\u0131n tercihlerine g\u00f6re evrilmeye devam ediyor.<\/a>[\/vc_column_text][vc_column_text]<\/p>\n<h6 style=\"font-size: 10px; text-align: center;\"><span style=\"color: #0000ff;\">1 ARALIK 2020<\/span><\/h6>\n<p>[\/vc_column_text][vc_column_text css=&#8221;.vc_custom_1605962046751{margin-top: 25px !important;}&#8221;]<img class=\"aligncenter\" src=\"https:\/\/drycleanonlymagazine.com\/beta\/wp-content\/uploads\/ico-1.png\" \/>[\/vc_column_text][\/vc_column_inner][vc_column_inner width=&#8221;1\/4&#8243;][vc_column_text css=&#8221;.vc_custom_1605372272245{margin-bottom: 20px !important;}&#8221;]<\/p>\n<h2 class=\"photo-title\" style=\"text-align: center;\"><a href=\"http:\/\/drycleanonlymagazine.com\/beta\/arsiv\/news\/\" rel=\"bookmark\">NEWS<\/a><\/h2>\n<p>[\/vc_column_text][vc_single_image image=&#8221;7093&#8243; img_size=&#8221;full&#8221; onclick=&#8221;custom_link&#8221; link=&#8221;https:\/\/drycleanonlymagazine.com\/beta\/all\/tiktok-etkisi\/&#8221;][vc_column_text]<\/p>\n<h1 style=\"text-align: center;\"><a href=\"https:\/\/drycleanonlymagazine.com\/beta\/all\/tiktok-etkisi\/\" rel=\"bookmark\">TIKTOK ETK\u0130S\u0130<\/a><\/h1>\n<p>[\/vc_column_text][vc_column_text]<a href=\"https:\/\/drycleanonlymagazine.com\/beta\/all\/tiktok-etkisi\/\">Tiktok&#8217;un y\u00fckseli\u015fi sadece bir teknoloji \u015firketinin devam eden ba\u015far\u0131 hikayesi de\u011fil.<\/a><\/p>\n<div class=\"entry-aux\"><\/div>\n<div class=\"wpb_wrapper\"><\/div>\n<p>[\/vc_column_text][vc_column_text]<\/p>\n<h6 style=\"font-size: 10px; text-align: center;\"><span style=\"color: #0000ff;\">1 ARALIK 2020<\/span><\/h6>\n<p>[\/vc_column_text][vc_column_text css=&#8221;.vc_custom_1605962046751{margin-top: 25px !important;}&#8221;]<img class=\"aligncenter\" src=\"https:\/\/drycleanonlymagazine.com\/beta\/wp-content\/uploads\/ico-1.png\" \/>[\/vc_column_text][\/vc_column_inner][vc_column_inner width=&#8221;1\/4&#8243;][vc_column_text css=&#8221;.vc_custom_1606759429534{margin-bottom: 20px !important;}&#8221;]<\/p>\n<h2 class=\"photo-title\" style=\"text-align: center;\"><a href=\"https:\/\/drycleanonlymagazine.com\/beta\/arsiv\/beauty\/\">BEAUTY<\/a><\/h2>\n<p>[\/vc_column_text][vc_single_image image=&#8221;7075&#8243; img_size=&#8221;full&#8221; onclick=&#8221;custom_link&#8221; link=&#8221;https:\/\/drycleanonlymagazine.com\/beta\/all\/tiktok-gen-znin-guzellik-standartlarini-nasil-degistiriyor\/&#8221;][vc_column_text]<\/p>\n<h1 style=\"text-align: center;\"><a href=\"https:\/\/drycleanonlymagazine.com\/beta\/all\/tiktok-gen-znin-guzellik-standartlarini-nasil-degistiriyor\/\">TIKTOK GEN Z\u2019N\u0130N G\u00dcZELL\u0130K STANDARTLARINI NASIL DE\u011e\u0130\u015eT\u0130R\u0130YOR?<\/a><\/h1>\n<p>[\/vc_column_text][vc_column_text]<\/p>\n<div class=\"entry-content\">\n<div class=\"entry-content\">\n<p style=\"text-align: center;\"><a href=\"https:\/\/drycleanonlymagazine.com\/beta\/all\/tiktok-gen-znin-guzellik-standartlarini-nasil-degistiriyor\/\">E-Girl&#8217;ler kendi yapt\u0131klar\u0131 \u00fcr\u00fcnleri pahal\u0131 \u00fcr\u00fcnlere tercih ediyor ve kont\u00fcr fenomenini y\u00fcz \u00e7\u0131kartmalar\u0131 ve renkli eyelinerlar ile de\u011fi\u015ftiriyor!<\/a><\/p>\n<\/div>\n<\/div>\n<div class=\"wpb_wrapper\">\n<div class=\"entry-aux\"><\/div>\n<\/div>\n<div class=\"wpb_wrapper\"><\/div>\n<p>[\/vc_column_text][vc_column_text]<\/p>\n<h6 style=\"font-size: 10px; text-align: center;\"><span style=\"color: #0000ff;\">1 ARALIK 2020<\/span><\/h6>\n<p>[\/vc_column_text][vc_column_text css=&#8221;.vc_custom_1605962046751{margin-top: 25px !important;}&#8221;]<img class=\"aligncenter\" src=\"https:\/\/drycleanonlymagazine.com\/beta\/wp-content\/uploads\/ico-1.png\" \/>[\/vc_column_text][\/vc_column_inner][vc_column_inner width=&#8221;1\/4&#8243;][\/vc_column_inner][\/vc_row_inner][\/vc_column][\/vc_row]<\/p>\n","protected":false},"excerpt":{"rendered":"<p>[vc_row][vc_column][rev_slider_vc alias=&#8221;homepage-4&#8243;][\/vc_column][\/vc_row][vc_row full_width=&#8221;amely_wide_row&#8221; css=&#8221;.vc_custom_1506310815384{padding-top: 0px !important;}&#8221;][vc_column][vc_empty_space height=&#8221;100&#8243;][vc_row_inner][vc_column_inner width=&#8221;1\/4&#8243;][vc_column_text css=&#8221;.vc_custom_1606768635241{margin-bottom: 20px !important;}&#8221;] NEWS [\/vc_column_text][vc_single_image image=&#8221;6642&#8243; img_size=&#8221;full&#8221; onclick=&#8221;custom_link&#8221; link=&#8221;https:\/\/drycleanonlymagazine.com\/beta\/news\/cinsiyet-akiskan\/&#8221;][vc_column_text] C\u0130NS\u0130YET: AKI\u015eKAN! [\/vc_column_text][vc_column_text el_class=&#8221;.home-text&#8221;] Ma\u00e7o erkeklik ve kad\u0131n formunun a\u015f\u0131r\u0131 derecede cinselle\u015ftirilmesi \u00fczerinden i\u015fleyen moda end\u00fcstrisi, yeni nesil tasar\u0131mc\u0131lar ile b\u00fcy\u00fck bir de\u011fi\u015fimin e\u015fi\u011finde! [\/vc_column_text][vc_column_text] 1 ARALIK 2020 [\/vc_column_text][vc_column_text css=&#8221;.vc_custom_1605962046751{margin-top: 25px !important;}&#8221;][\/vc_column_text][\/vc_column_inner][vc_column_inner width=&#8221;1\/4&#8243;][vc_column_text css=&#8221;.vc_custom_1606768641803{margin-bottom: 20px !important;}&#8221;] BEAUTY [\/vc_column_text][vc_single_image [&hellip;]<\/p>\n","protected":false},"author":1,"featured_media":0,"parent":0,"menu_order":0,"comment_status":"closed","ping_status":"closed","template":"","meta":[],"_links":{"self":[{"href":"https:\/\/drycleanonlymagazine.com\/beta\/wp-json\/wp\/v2\/pages\/1896"}],"collection":[{"href":"https:\/\/drycleanonlymagazine.com\/beta\/wp-json\/wp\/v2\/pages"}],"about":[{"href":"https:\/\/drycleanonlymagazine.com\/beta\/wp-json\/wp\/v2\/types\/page"}],"author":[{"embeddable":true,"href":"https:\/\/drycleanonlymagazine.com\/beta\/wp-json\/wp\/v2\/users\/1"}],"replies":[{"embeddable":true,"href":"https:\/\/drycleanonlymagazine.com\/beta\/wp-json\/wp\/v2\/comments?post=1896"}],"version-history":[{"count":118,"href":"https:\/\/drycleanonlymagazine.com\/beta\/wp-json\/wp\/v2\/pages\/1896\/revisions"}],"predecessor-version":[{"id":7449,"href":"https:\/\/drycleanonlymagazine.com\/beta\/wp-json\/wp\/v2\/pages\/1896\/revisions\/7449"}],"wp:attachment":[{"href":"https:\/\/drycleanonlymagazine.com\/beta\/wp-json\/wp\/v2\/media?parent=1896"}],"curies":[{"name":"wp","href":"https:\/\/api.w.org\/{rel}","templated":true}]}}